{"id":10996,"date":"2025-04-22T11:28:17","date_gmt":"2025-04-22T11:28:17","guid":{"rendered":"https:\/\/gloffy.ee\/table-of-sizes\/"},"modified":"2025-06-09T23:28:09","modified_gmt":"2025-06-09T23:28:09","slug":"table-of-sizes","status":"publish","type":"page","link":"https:\/\/gloffy.ee\/en\/table-of-sizes\/","title":{"rendered":"Table of sizes"},"content":{"rendered":"<section class=\"l-section wpb_row height_custom\"><div class=\"l-section-h i-cf\"><div class=\"g-cols vc_row via_grid cols_1 laptops-cols_inherit tablets-cols_inherit mobiles-cols_1 valign_top type_default stacking_default\"><div class=\"wpb_column vc_column_container\"><div class=\"vc_column-inner\"><div class=\"g-cols wpb_row via_grid cols_2 laptops-cols_inherit tablets-cols_inherit mobiles-cols_1 valign_top type_default stacking_default\" style=\"--columns-gap:3rem;\"><div class=\"wpb_column vc_column_container\"><div class=\"vc_column-inner\">[vc_custom_heading text=&#8221;Table of sizes&#8221; font_container=&#8221;tag:h1|text_align:left&#8221; use_theme_fonts=&#8221;yes&#8221;][vc_custom_heading text=&#8221;To choose the right size of gloves and mittens, you need:&#8221; font_container=&#8221;tag:h5|text_align:left&#8221; use_theme_fonts=&#8221;yes&#8221;]<div class=\"w-separator size_small\"><\/div><div class=\"wpb_text_column\"><div class=\"wpb_wrapper\"><p><strong>1. Measure the circumference of the palm at the knuckles, excluding the thumb.<\/strong><\/p>\n<p><strong>2. Measure the width of the palm at the widest point of the hand.<\/strong><\/p>\n<p><strong>3. Wrap the tape measure around the knuckles and squeeze your hand halfway (without squeezing hard).<\/strong><\/p>\n<p><strong>4. Check the result against the table and determine the size.<\/strong><\/p>\n<\/div><\/div><\/div><\/div><div class=\"wpb_column vc_column_container\"><div class=\"vc_column-inner\">[vc_empty_space][vc_empty_space]<div class=\"w-image align_none\"><div class=\"w-image-h\"><img decoding=\"async\" width=\"204\" height=\"300\" src=\"https:\/\/gloffy.ee\/app\/uploads\/2025\/05\/HAND-1-204x300.jpg\" class=\"attachment-medium size-medium\" alt=\"\" loading=\"lazy\" srcset=\"https:\/\/gloffy.ee\/app\/uploads\/2025\/05\/HAND-1-204x300.jpg 204w, https:\/\/gloffy.ee\/app\/uploads\/2025\/05\/HAND-1-696x1024.jpg 696w, https:\/\/gloffy.ee\/app\/uploads\/2025\/05\/HAND-1-600x883.jpg 600w, https:\/\/gloffy.ee\/app\/uploads\/2025\/05\/HAND-1.jpg 811w\" sizes=\"auto, (max-width: 204px) 100vw, 204px\" \/><\/div><\/div><\/div><\/div><\/div><div class=\"w-separator size_medium\"><\/div><div class=\"g-cols wpb_row us_custom_57f5615c via_grid cols_2 laptops-cols_inherit tablets-cols_inherit mobiles-cols_1 valign_top type_default stacking_default\" style=\"--columns-gap:3rem;\"><div class=\"wpb_column vc_column_container us_custom_57f5615c\"><div class=\"vc_column-inner\">[vc_custom_heading text=&#8221;Men&apos;s sizes&#8221; font_container=&#8221;tag:h3|text_align:left&#8221; use_theme_fonts=&#8221;yes&#8221;]<div class=\"w-separator size_custom\" style=\"height:16px\"><\/div><div class=\"w-html us_custom_57f5615c\">\n<table id=\"tablepress-3\" class=\"tablepress tablepress-id-3\">\n<thead>\n<tr class=\"row-1\">\n\t<th colspan=\"2\" class=\"column-1\">Peopesa \u00fcmberm\u00f5\u00f5t<\/th>\n<\/tr>\n<tr class=\"row-2\">\n\t<th class=\"column-1\">tolli<\/th><th class=\"column-2\">sentimeeter<\/th>\n<\/tr>\n<\/thead>\n<tbody class=\"row-striping row-hover\">\n<tr class=\"row-3\">\n\t<td class=\"column-1\">9<\/td><td class=\"column-2\">22.9<\/td>\n<\/tr>\n<tr class=\"row-4\">\n\t<td class=\"column-1\">9.5<\/td><td class=\"column-2\">24<\/td>\n<\/tr>\n<tr class=\"row-5\">\n\t<td class=\"column-1\">10<\/td><td class=\"column-2\">25<\/td>\n<\/tr>\n<tr class=\"row-6\">\n\t<td class=\"column-1\">10.5<\/td><td class=\"column-2\">26<\/td>\n<\/tr>\n<tr class=\"row-7\">\n\t<td class=\"column-1\">11<\/td><td class=\"column-2\">27<\/td>\n<\/tr>\n<tr class=\"row-8\">\n\t<td class=\"column-1\">11.5<\/td><td class=\"column-2\">28<\/td>\n<\/tr>\n<tr class=\"row-9\">\n\t<td class=\"column-1\">12<\/td><td class=\"column-2\">30.5<\/td>\n<\/tr>\n<tr class=\"row-10\">\n\t<td class=\"column-1\">12.5<\/td><td class=\"column-2\">31<\/td>\n<\/tr>\n<tr class=\"row-11\">\n\t<td class=\"column-1\">13<\/td><td class=\"column-2\">32<\/td>\n<\/tr>\n<tr class=\"row-12\">\n\t<td class=\"column-1\">13.5<\/td><td class=\"column-2\">33<\/td>\n<\/tr>\n<\/tbody>\n<\/table>\n<!-- #tablepress-3 from cache --><\/div>[vc_empty_space][vc_custom_heading text=&#8221;Children&apos;s sizes&#8221; font_container=&#8221;tag:h3|text_align:left&#8221; use_theme_fonts=&#8221;yes&#8221;]<div class=\"w-html\">\n<table id=\"tablepress-4\" class=\"tablepress tablepress-id-4\">\n<tbody class=\"row-striping row-hover\">\n<tr class=\"row-1\">\n\t<td class=\"column-1\"><strong>Suurus<\/strong><\/td><td class=\"column-2\"><strong>Peopesa \u00fcmberm\u00f5\u00f5t, cm<\/strong><\/td><td class=\"column-3\"><strong>Ligikaudne vanus<\/strong><\/td>\n<\/tr>\n<tr class=\"row-2\">\n\t<td class=\"column-1\">XSSS<\/td><td class=\"column-2\">10 cm<\/td><td class=\"column-3\">0-6 kuud<\/td>\n<\/tr>\n<tr class=\"row-3\">\n\t<td class=\"column-1\">XSS<\/td><td class=\"column-2\">12 cm<\/td><td class=\"column-3\">1-2 a.<\/td>\n<\/tr>\n<tr class=\"row-4\">\n\t<td class=\"column-1\">XS<\/td><td class=\"column-2\">13 cm<\/td><td class=\"column-3\">2-3 a.<\/td>\n<\/tr>\n<tr class=\"row-5\">\n\t<td class=\"column-1\">S<\/td><td class=\"column-2\">14 cm<\/td><td class=\"column-3\">4-6 a.<\/td>\n<\/tr>\n<tr class=\"row-6\">\n\t<td class=\"column-1\">M<\/td><td class=\"column-2\">15 cm<\/td><td class=\"column-3\">7-8 a.<\/td>\n<\/tr>\n<tr class=\"row-7\">\n\t<td class=\"column-1\">L<\/td><td class=\"column-2\">16 cm<\/td><td class=\"column-3\">9-10 a.<\/td>\n<\/tr>\n<tr class=\"row-8\">\n\t<td class=\"column-1\">XL<\/td><td class=\"column-2\">17 cm<\/td><td class=\"column-3\">11-12 a.<\/td>\n<\/tr>\n<tr class=\"row-9\">\n\t<td class=\"column-1\">XLL<\/td><td class=\"column-2\">18 cm<\/td><td class=\"column-3\">13 a.<\/td>\n<\/tr>\n<\/tbody>\n<\/table>\n<!-- #tablepress-4 from cache --><\/div><\/div><\/div><div class=\"wpb_column vc_column_container\"><div class=\"vc_column-inner\">[vc_custom_heading text=&#8221;Women&apos;s sizes&#8221; font_container=&#8221;tag:h3|text_align:left&#8221; use_theme_fonts=&#8221;yes&#8221;]<div class=\"w-separator size_custom\" style=\"height:16px\"><\/div><div class=\"w-html us_custom_57f5615c\">\n<table id=\"tablepress-2\" class=\"tablepress tablepress-id-2\">\n<thead>\n<tr class=\"row-1\">\n\t<th colspan=\"2\" class=\"column-1\">Peopesa \u00fcmberm\u00f5\u00f5t<\/th>\n<\/tr>\n<tr class=\"row-2\">\n\t<th class=\"column-1\">tolli<\/th><th class=\"column-2\">sentimeeter<\/th>\n<\/tr>\n<\/thead>\n<tbody class=\"row-striping row-hover\">\n<tr class=\"row-3\">\n\t<td class=\"column-1\">6.5<\/td><td class=\"column-2\">16.5<\/td>\n<\/tr>\n<tr class=\"row-4\">\n\t<td class=\"column-1\">7<\/td><td class=\"column-2\">17.8<\/td>\n<\/tr>\n<tr class=\"row-5\">\n\t<td class=\"column-1\">7.5<\/td><td class=\"column-2\">19<\/td>\n<\/tr>\n<tr class=\"row-6\">\n\t<td class=\"column-1\">8<\/td><td class=\"column-2\">20.3<\/td>\n<\/tr>\n<tr class=\"row-7\">\n\t<td class=\"column-1\">8.5<\/td><td class=\"column-2\">21.6<\/td>\n<\/tr>\n<\/tbody>\n<\/table>\n<!-- #tablepress-2 from cache --><\/div><\/div><\/div><\/div><\/div><\/div><\/div><\/div><\/section><section class=\"l-section wpb_row height_custom\"><div class=\"l-section-h i-cf\"><div class=\"g-cols vc_row via_grid cols_1 laptops-cols_inherit tablets-cols_inherit mobiles-cols_1 valign_top type_default stacking_default\"><div class=\"wpb_column vc_column_container\"><div class=\"vc_column-inner\">[vc_empty_space]<\/div><\/div><\/div><\/div><\/section>\n","protected":false},"excerpt":{"rendered":"[vc_custom_heading text=\"Table of sizes\" font_container=\"tag:h1|text_align:left\" use_theme_fonts=\"yes\"][vc_custom_heading text=\"To choose the right size of gloves and mittens, you need:\" font_container=\"tag:h5|text_align:left\" use_theme_fonts=\"yes\"]1. Measure the circumference of the palm at the knuckles, excluding the thumb. 2. Measure the width of the palm at the widest point of the hand. 3. Wrap the tape measure around the knuckles and squeeze...","protected":false},"author":1,"featured_media":0,"parent":0,"menu_order":0,"comment_status":"closed","ping_status":"closed","template":"","meta":{"footnotes":""},"class_list":["post-10996","page","type-page","status-publish","hentry"],"yoast_head":"<!-- This site is optimized with the Yoast SEO plugin v25.5 - https:\/\/yoast.com\/wordpress\/plugins\/seo\/ -->\n<title>Table of sizes - Gloffy.ee<\/title>\n<meta name=\"robots\" content=\"index, follow, max-snippet:-1, max-image-preview:large, max-video-preview:-1\" \/>\n<link rel=\"canonical\" href=\"https:\/\/gloffy.ee\/suuruste-tabel\/\" \/>\n<meta property=\"og:locale\" content=\"en_US\" \/>\n<meta property=\"og:type\" content=\"article\" \/>\n<meta property=\"og:title\" content=\"Table of sizes - Gloffy.ee\" \/>\n<meta property=\"og:url\" content=\"https:\/\/gloffy.ee\/suuruste-tabel\/\" \/>\n<meta property=\"og:site_name\" content=\"Gloffy.ee\" \/>\n<meta property=\"article:modified_time\" content=\"2025-06-09T23:28:09+00:00\" \/>\n<meta name=\"twitter:card\" content=\"summary_large_image\" \/>\n<meta name=\"twitter:label1\" content=\"Est. reading time\" \/>\n\t<meta name=\"twitter:data1\" content=\"2 minutes\" \/>\n<script type=\"application\/ld+json\" class=\"yoast-schema-graph\">{\"@context\":\"https:\/\/schema.org\",\"@graph\":[{\"@type\":\"WebPage\",\"@id\":\"https:\/\/gloffy.ee\/suuruste-tabel\/\",\"url\":\"https:\/\/gloffy.ee\/suuruste-tabel\/\",\"name\":\"Table of sizes - Gloffy.ee\",\"isPartOf\":{\"@id\":\"https:\/\/gloffy.ee\/#website\"},\"datePublished\":\"2025-04-22T11:28:17+00:00\",\"dateModified\":\"2025-06-09T23:28:09+00:00\",\"breadcrumb\":{\"@id\":\"https:\/\/gloffy.ee\/suuruste-tabel\/#breadcrumb\"},\"inLanguage\":\"en-US\",\"potentialAction\":[{\"@type\":\"ReadAction\",\"target\":[\"https:\/\/gloffy.ee\/suuruste-tabel\/\"]}]},{\"@type\":\"BreadcrumbList\",\"@id\":\"https:\/\/gloffy.ee\/suuruste-tabel\/#breadcrumb\",\"itemListElement\":[{\"@type\":\"ListItem\",\"position\":1,\"name\":\"Home\",\"item\":\"https:\/\/gloffy.ee\/en\/\"},{\"@type\":\"ListItem\",\"position\":2,\"name\":\"Table of sizes\"}]},{\"@type\":\"WebSite\",\"@id\":\"https:\/\/gloffy.ee\/#website\",\"url\":\"https:\/\/gloffy.ee\/\",\"name\":\"Gloffy.ee\",\"description\":\"\",\"potentialAction\":[{\"@type\":\"SearchAction\",\"target\":{\"@type\":\"EntryPoint\",\"urlTemplate\":\"https:\/\/gloffy.ee\/?s={search_term_string}\"},\"query-input\":{\"@type\":\"PropertyValueSpecification\",\"valueRequired\":true,\"valueName\":\"search_term_string\"}}],\"inLanguage\":\"en-US\"}]}<\/script>\n<!-- \/ Yoast SEO plugin. -->","yoast_head_json":{"title":"Table of sizes - Gloffy.ee","robots":{"index":"index","follow":"follow","max-snippet":"max-snippet:-1","max-image-preview":"max-image-preview:large","max-video-preview":"max-video-preview:-1"},"canonical":"https:\/\/gloffy.ee\/suuruste-tabel\/","og_locale":"en_US","og_type":"article","og_title":"Table of sizes - Gloffy.ee","og_url":"https:\/\/gloffy.ee\/suuruste-tabel\/","og_site_name":"Gloffy.ee","article_modified_time":"2025-06-09T23:28:09+00:00","twitter_card":"summary_large_image","twitter_misc":{"Est. reading time":"2 minutes"},"schema":{"@context":"https:\/\/schema.org","@graph":[{"@type":"WebPage","@id":"https:\/\/gloffy.ee\/suuruste-tabel\/","url":"https:\/\/gloffy.ee\/suuruste-tabel\/","name":"Table of sizes - Gloffy.ee","isPartOf":{"@id":"https:\/\/gloffy.ee\/#website"},"datePublished":"2025-04-22T11:28:17+00:00","dateModified":"2025-06-09T23:28:09+00:00","breadcrumb":{"@id":"https:\/\/gloffy.ee\/suuruste-tabel\/#breadcrumb"},"inLanguage":"en-US","potentialAction":[{"@type":"ReadAction","target":["https:\/\/gloffy.ee\/suuruste-tabel\/"]}]},{"@type":"BreadcrumbList","@id":"https:\/\/gloffy.ee\/suuruste-tabel\/#breadcrumb","itemListElement":[{"@type":"ListItem","position":1,"name":"Home","item":"https:\/\/gloffy.ee\/en\/"},{"@type":"ListItem","position":2,"name":"Table of sizes"}]},{"@type":"WebSite","@id":"https:\/\/gloffy.ee\/#website","url":"https:\/\/gloffy.ee\/","name":"Gloffy.ee","description":"","potentialAction":[{"@type":"SearchAction","target":{"@type":"EntryPoint","urlTemplate":"https:\/\/gloffy.ee\/?s={search_term_string}"},"query-input":{"@type":"PropertyValueSpecification","valueRequired":true,"valueName":"search_term_string"}}],"inLanguage":"en-US"}]}},"_links":{"self":[{"href":"https:\/\/gloffy.ee\/en\/wp-json\/wp\/v2\/pages\/10996","targetHints":{"allow":["GET"]}}],"collection":[{"href":"https:\/\/gloffy.ee\/en\/wp-json\/wp\/v2\/pages"}],"about":[{"href":"https:\/\/gloffy.ee\/en\/wp-json\/wp\/v2\/types\/page"}],"author":[{"embeddable":true,"href":"https:\/\/gloffy.ee\/en\/wp-json\/wp\/v2\/users\/1"}],"replies":[{"embeddable":true,"href":"https:\/\/gloffy.ee\/en\/wp-json\/wp\/v2\/comments?post=10996"}],"version-history":[{"count":2,"href":"https:\/\/gloffy.ee\/en\/wp-json\/wp\/v2\/pages\/10996\/revisions"}],"predecessor-version":[{"id":10998,"href":"https:\/\/gloffy.ee\/en\/wp-json\/wp\/v2\/pages\/10996\/revisions\/10998"}],"wp:attachment":[{"href":"https:\/\/gloffy.ee\/en\/wp-json\/wp\/v2\/media?parent=10996"}],"curies":[{"name":"wp","href":"https:\/\/api.w.org\/{rel}","templated":true}]}}