{"id":10993,"date":"2025-04-22T11:28:17","date_gmt":"2025-04-22T11:28:17","guid":{"rendered":"https:\/\/gloffy.ee\/kokotaulukko\/"},"modified":"2025-06-09T23:28:08","modified_gmt":"2025-06-09T23:28:08","slug":"kokotaulukko","status":"publish","type":"page","link":"https:\/\/gloffy.ee\/fi\/kokotaulukko\/","title":{"rendered":"Kokotaulukko"},"content":{"rendered":"<section class=\"l-section wpb_row height_custom\"><div class=\"l-section-h i-cf\"><div class=\"g-cols vc_row via_grid cols_1 laptops-cols_inherit tablets-cols_inherit mobiles-cols_1 valign_top type_default stacking_default\"><div class=\"wpb_column vc_column_container\"><div class=\"vc_column-inner\"><div class=\"g-cols wpb_row via_grid cols_2 laptops-cols_inherit tablets-cols_inherit mobiles-cols_1 valign_top type_default stacking_default\" style=\"--columns-gap:3rem;\"><div class=\"wpb_column vc_column_container\"><div class=\"vc_column-inner\">[vc_custom_heading text=&#8221;Kokotaulukko&#8221; font_container=&#8221;tag:h1|text_align:left&#8221; use_theme_fonts=&#8221;yes&#8221;][vc_custom_heading text=&#8221;Oikean kokoisten k\u00e4sineiden ja lapasten valitsemiseen tarvitset:&#8221; font_container=&#8221;tag:h5|text_align:left&#8221; use_theme_fonts=&#8221;yes&#8221;]<div class=\"w-separator size_small\"><\/div><div class=\"wpb_text_column\"><div class=\"wpb_wrapper\"><p><strong>1. Mittaa k\u00e4mmenen ymp\u00e4rysmitta rystysist\u00e4 peukaloa lukuun ottamatta.<\/strong><\/p>\n<p><strong>2. Mittaa k\u00e4mmenen leveys k\u00e4den leveimm\u00e4st\u00e4 kohdasta.<\/strong><\/p>\n<p><strong>3. Kiedo mittanauha rystysten ymp\u00e4rille ja purista k\u00e4tt\u00e4si puoleenv\u00e4liin (puristamatta voimakkaasti).<\/strong><\/p>\n<p><strong>4. Tarkista tulos taulukosta ja m\u00e4\u00e4rit\u00e4 koko.<\/strong><\/p>\n<\/div><\/div><\/div><\/div><div class=\"wpb_column vc_column_container\"><div class=\"vc_column-inner\">[vc_empty_space][vc_empty_space]<div class=\"w-image align_none\"><div class=\"w-image-h\"><img decoding=\"async\" width=\"204\" height=\"300\" src=\"https:\/\/gloffy.ee\/app\/uploads\/2025\/05\/HAND-1-204x300.jpg\" class=\"attachment-medium size-medium\" alt=\"\" loading=\"lazy\" srcset=\"https:\/\/gloffy.ee\/app\/uploads\/2025\/05\/HAND-1-204x300.jpg 204w, https:\/\/gloffy.ee\/app\/uploads\/2025\/05\/HAND-1-696x1024.jpg 696w, https:\/\/gloffy.ee\/app\/uploads\/2025\/05\/HAND-1-600x883.jpg 600w, https:\/\/gloffy.ee\/app\/uploads\/2025\/05\/HAND-1.jpg 811w\" sizes=\"auto, (max-width: 204px) 100vw, 204px\" \/><\/div><\/div><\/div><\/div><\/div><div class=\"w-separator size_medium\"><\/div><div class=\"g-cols wpb_row us_custom_57f5615c via_grid cols_2 laptops-cols_inherit tablets-cols_inherit mobiles-cols_1 valign_top type_default stacking_default\" style=\"--columns-gap:3rem;\"><div class=\"wpb_column vc_column_container us_custom_57f5615c\"><div class=\"vc_column-inner\">[vc_custom_heading text=&#8221;Miesten koot&#8221; font_container=&#8221;tag:h3|text_align:left&#8221; use_theme_fonts=&#8221;yes&#8221;]<div class=\"w-separator size_custom\" style=\"height:16px\"><\/div><div class=\"w-html us_custom_57f5615c\">\n<table id=\"tablepress-3\" class=\"tablepress tablepress-id-3\">\n<thead>\n<tr class=\"row-1\">\n\t<th colspan=\"2\" class=\"column-1\">Peopesa \u00fcmberm\u00f5\u00f5t<\/th>\n<\/tr>\n<tr class=\"row-2\">\n\t<th class=\"column-1\">tolli<\/th><th class=\"column-2\">sentimeeter<\/th>\n<\/tr>\n<\/thead>\n<tbody class=\"row-striping row-hover\">\n<tr class=\"row-3\">\n\t<td class=\"column-1\">9<\/td><td class=\"column-2\">22.9<\/td>\n<\/tr>\n<tr class=\"row-4\">\n\t<td class=\"column-1\">9.5<\/td><td class=\"column-2\">24<\/td>\n<\/tr>\n<tr class=\"row-5\">\n\t<td class=\"column-1\">10<\/td><td class=\"column-2\">25<\/td>\n<\/tr>\n<tr class=\"row-6\">\n\t<td class=\"column-1\">10.5<\/td><td class=\"column-2\">26<\/td>\n<\/tr>\n<tr class=\"row-7\">\n\t<td class=\"column-1\">11<\/td><td class=\"column-2\">27<\/td>\n<\/tr>\n<tr class=\"row-8\">\n\t<td class=\"column-1\">11.5<\/td><td class=\"column-2\">28<\/td>\n<\/tr>\n<tr class=\"row-9\">\n\t<td class=\"column-1\">12<\/td><td class=\"column-2\">30.5<\/td>\n<\/tr>\n<tr class=\"row-10\">\n\t<td class=\"column-1\">12.5<\/td><td class=\"column-2\">31<\/td>\n<\/tr>\n<tr class=\"row-11\">\n\t<td class=\"column-1\">13<\/td><td class=\"column-2\">32<\/td>\n<\/tr>\n<tr class=\"row-12\">\n\t<td class=\"column-1\">13.5<\/td><td class=\"column-2\">33<\/td>\n<\/tr>\n<\/tbody>\n<\/table>\n<!-- #tablepress-3 from cache --><\/div>[vc_empty_space][vc_custom_heading text=&#8221;Lasten koot&#8221; font_container=&#8221;tag:h3|text_align:left&#8221; use_theme_fonts=&#8221;yes&#8221;]<div class=\"w-html\">\n<table id=\"tablepress-4\" class=\"tablepress tablepress-id-4\">\n<tbody class=\"row-striping row-hover\">\n<tr class=\"row-1\">\n\t<td class=\"column-1\"><strong>Suurus<\/strong><\/td><td class=\"column-2\"><strong>Peopesa \u00fcmberm\u00f5\u00f5t, cm<\/strong><\/td><td class=\"column-3\"><strong>Ligikaudne vanus<\/strong><\/td>\n<\/tr>\n<tr class=\"row-2\">\n\t<td class=\"column-1\">XSSS<\/td><td class=\"column-2\">10 cm<\/td><td class=\"column-3\">0-6 kuud<\/td>\n<\/tr>\n<tr class=\"row-3\">\n\t<td class=\"column-1\">XSS<\/td><td class=\"column-2\">12 cm<\/td><td class=\"column-3\">1-2 a.<\/td>\n<\/tr>\n<tr class=\"row-4\">\n\t<td class=\"column-1\">XS<\/td><td class=\"column-2\">13 cm<\/td><td class=\"column-3\">2-3 a.<\/td>\n<\/tr>\n<tr class=\"row-5\">\n\t<td class=\"column-1\">S<\/td><td class=\"column-2\">14 cm<\/td><td class=\"column-3\">4-6 a.<\/td>\n<\/tr>\n<tr class=\"row-6\">\n\t<td class=\"column-1\">M<\/td><td class=\"column-2\">15 cm<\/td><td class=\"column-3\">7-8 a.<\/td>\n<\/tr>\n<tr class=\"row-7\">\n\t<td class=\"column-1\">L<\/td><td class=\"column-2\">16 cm<\/td><td class=\"column-3\">9-10 a.<\/td>\n<\/tr>\n<tr class=\"row-8\">\n\t<td class=\"column-1\">XL<\/td><td class=\"column-2\">17 cm<\/td><td class=\"column-3\">11-12 a.<\/td>\n<\/tr>\n<tr class=\"row-9\">\n\t<td class=\"column-1\">XLL<\/td><td class=\"column-2\">18 cm<\/td><td class=\"column-3\">13 a.<\/td>\n<\/tr>\n<\/tbody>\n<\/table>\n<!-- #tablepress-4 from cache --><\/div><\/div><\/div><div class=\"wpb_column vc_column_container\"><div class=\"vc_column-inner\">[vc_custom_heading text=&#8221;Naisten koot&#8221; font_container=&#8221;tag:h3|text_align:left&#8221; use_theme_fonts=&#8221;yes&#8221;]<div class=\"w-separator size_custom\" style=\"height:16px\"><\/div><div class=\"w-html us_custom_57f5615c\">\n<table id=\"tablepress-2\" class=\"tablepress tablepress-id-2\">\n<thead>\n<tr class=\"row-1\">\n\t<th colspan=\"2\" class=\"column-1\">Peopesa \u00fcmberm\u00f5\u00f5t<\/th>\n<\/tr>\n<tr class=\"row-2\">\n\t<th class=\"column-1\">tolli<\/th><th class=\"column-2\">sentimeeter<\/th>\n<\/tr>\n<\/thead>\n<tbody class=\"row-striping row-hover\">\n<tr class=\"row-3\">\n\t<td class=\"column-1\">6.5<\/td><td class=\"column-2\">16.5<\/td>\n<\/tr>\n<tr class=\"row-4\">\n\t<td class=\"column-1\">7<\/td><td class=\"column-2\">17.8<\/td>\n<\/tr>\n<tr class=\"row-5\">\n\t<td class=\"column-1\">7.5<\/td><td class=\"column-2\">19<\/td>\n<\/tr>\n<tr class=\"row-6\">\n\t<td class=\"column-1\">8<\/td><td class=\"column-2\">20.3<\/td>\n<\/tr>\n<tr class=\"row-7\">\n\t<td class=\"column-1\">8.5<\/td><td class=\"column-2\">21.6<\/td>\n<\/tr>\n<\/tbody>\n<\/table>\n<!-- #tablepress-2 from cache --><\/div><\/div><\/div><\/div><\/div><\/div><\/div><\/div><\/section><section class=\"l-section wpb_row height_custom\"><div class=\"l-section-h i-cf\"><div class=\"g-cols vc_row via_grid cols_1 laptops-cols_inherit tablets-cols_inherit mobiles-cols_1 valign_top type_default stacking_default\"><div class=\"wpb_column vc_column_container\"><div class=\"vc_column-inner\">[vc_empty_space]<\/div><\/div><\/div><\/div><\/section>\n","protected":false},"excerpt":{"rendered":"[vc_custom_heading text=\"Kokotaulukko\" font_container=\"tag:h1|text_align:left\" use_theme_fonts=\"yes\"][vc_custom_heading text=\"Oikean kokoisten k\u00e4sineiden ja lapasten valitsemiseen tarvitset:\" font_container=\"tag:h5|text_align:left\" use_theme_fonts=\"yes\"]1. Mittaa k\u00e4mmenen ymp\u00e4rysmitta rystysist\u00e4 peukaloa lukuun ottamatta. 2. Mittaa k\u00e4mmenen leveys k\u00e4den leveimm\u00e4st\u00e4 kohdasta. 3. Kiedo mittanauha rystysten ymp\u00e4rille ja purista k\u00e4tt\u00e4si puoleenv\u00e4liin (puristamatta voimakkaasti). 4. Tarkista tulos taulukosta ja m\u00e4\u00e4rit\u00e4 koko. [vc_empty_space][vc_empty_space][vc_custom_heading text=\"Miesten koot\" font_container=\"tag:h3|text_align:left\" use_theme_fonts=\"yes\"] Peopesa \u00fcmberm\u00f5\u00f5t tollisentimeeter 922.9 9.524...","protected":false},"author":1,"featured_media":0,"parent":0,"menu_order":0,"comment_status":"closed","ping_status":"closed","template":"","meta":{"footnotes":""},"class_list":["post-10993","page","type-page","status-publish","hentry"],"yoast_head":"<!-- This site is optimized with the Yoast SEO plugin v25.5 - https:\/\/yoast.com\/wordpress\/plugins\/seo\/ -->\n<title>Kokotaulukko - Gloffy.ee<\/title>\n<meta name=\"robots\" content=\"index, follow, max-snippet:-1, max-image-preview:large, max-video-preview:-1\" \/>\n<link rel=\"canonical\" href=\"https:\/\/gloffy.ee\/fi\/kokotaulukko\/\" \/>\n<meta property=\"og:locale\" content=\"fi_FI\" \/>\n<meta property=\"og:type\" content=\"article\" \/>\n<meta property=\"og:title\" content=\"Kokotaulukko - Gloffy.ee\" \/>\n<meta property=\"og:url\" content=\"https:\/\/gloffy.ee\/fi\/kokotaulukko\/\" \/>\n<meta property=\"og:site_name\" content=\"Gloffy.ee\" \/>\n<meta property=\"article:modified_time\" content=\"2025-06-09T23:28:08+00:00\" \/>\n<meta name=\"twitter:card\" content=\"summary_large_image\" \/>\n<meta name=\"twitter:label1\" content=\"Arvioitu lukuaika\" \/>\n\t<meta name=\"twitter:data1\" content=\"2 minuuttia\" \/>\n<script type=\"application\/ld+json\" class=\"yoast-schema-graph\">{\"@context\":\"https:\/\/schema.org\",\"@graph\":[{\"@type\":\"WebPage\",\"@id\":\"https:\/\/gloffy.ee\/fi\/kokotaulukko\/\",\"url\":\"https:\/\/gloffy.ee\/fi\/kokotaulukko\/\",\"name\":\"Kokotaulukko - Gloffy.ee\",\"isPartOf\":{\"@id\":\"https:\/\/gloffy.ee\/#website\"},\"datePublished\":\"2025-04-22T11:28:17+00:00\",\"dateModified\":\"2025-06-09T23:28:08+00:00\",\"breadcrumb\":{\"@id\":\"https:\/\/gloffy.ee\/fi\/kokotaulukko\/#breadcrumb\"},\"inLanguage\":\"fi\",\"potentialAction\":[{\"@type\":\"ReadAction\",\"target\":[\"https:\/\/gloffy.ee\/fi\/kokotaulukko\/\"]}]},{\"@type\":\"BreadcrumbList\",\"@id\":\"https:\/\/gloffy.ee\/fi\/kokotaulukko\/#breadcrumb\",\"itemListElement\":[{\"@type\":\"ListItem\",\"position\":1,\"name\":\"Home\",\"item\":\"https:\/\/gloffy.ee\/fi\/\"},{\"@type\":\"ListItem\",\"position\":2,\"name\":\"Kokotaulukko\"}]},{\"@type\":\"WebSite\",\"@id\":\"https:\/\/gloffy.ee\/#website\",\"url\":\"https:\/\/gloffy.ee\/\",\"name\":\"Gloffy.ee\",\"description\":\"\",\"potentialAction\":[{\"@type\":\"SearchAction\",\"target\":{\"@type\":\"EntryPoint\",\"urlTemplate\":\"https:\/\/gloffy.ee\/?s={search_term_string}\"},\"query-input\":{\"@type\":\"PropertyValueSpecification\",\"valueRequired\":true,\"valueName\":\"search_term_string\"}}],\"inLanguage\":\"fi\"}]}<\/script>\n<!-- \/ Yoast SEO plugin. -->","yoast_head_json":{"title":"Kokotaulukko - Gloffy.ee","robots":{"index":"index","follow":"follow","max-snippet":"max-snippet:-1","max-image-preview":"max-image-preview:large","max-video-preview":"max-video-preview:-1"},"canonical":"https:\/\/gloffy.ee\/fi\/kokotaulukko\/","og_locale":"fi_FI","og_type":"article","og_title":"Kokotaulukko - Gloffy.ee","og_url":"https:\/\/gloffy.ee\/fi\/kokotaulukko\/","og_site_name":"Gloffy.ee","article_modified_time":"2025-06-09T23:28:08+00:00","twitter_card":"summary_large_image","twitter_misc":{"Arvioitu lukuaika":"2 minuuttia"},"schema":{"@context":"https:\/\/schema.org","@graph":[{"@type":"WebPage","@id":"https:\/\/gloffy.ee\/fi\/kokotaulukko\/","url":"https:\/\/gloffy.ee\/fi\/kokotaulukko\/","name":"Kokotaulukko - Gloffy.ee","isPartOf":{"@id":"https:\/\/gloffy.ee\/#website"},"datePublished":"2025-04-22T11:28:17+00:00","dateModified":"2025-06-09T23:28:08+00:00","breadcrumb":{"@id":"https:\/\/gloffy.ee\/fi\/kokotaulukko\/#breadcrumb"},"inLanguage":"fi","potentialAction":[{"@type":"ReadAction","target":["https:\/\/gloffy.ee\/fi\/kokotaulukko\/"]}]},{"@type":"BreadcrumbList","@id":"https:\/\/gloffy.ee\/fi\/kokotaulukko\/#breadcrumb","itemListElement":[{"@type":"ListItem","position":1,"name":"Home","item":"https:\/\/gloffy.ee\/fi\/"},{"@type":"ListItem","position":2,"name":"Kokotaulukko"}]},{"@type":"WebSite","@id":"https:\/\/gloffy.ee\/#website","url":"https:\/\/gloffy.ee\/","name":"Gloffy.ee","description":"","potentialAction":[{"@type":"SearchAction","target":{"@type":"EntryPoint","urlTemplate":"https:\/\/gloffy.ee\/?s={search_term_string}"},"query-input":{"@type":"PropertyValueSpecification","valueRequired":true,"valueName":"search_term_string"}}],"inLanguage":"fi"}]}},"_links":{"self":[{"href":"https:\/\/gloffy.ee\/fi\/wp-json\/wp\/v2\/pages\/10993","targetHints":{"allow":["GET"]}}],"collection":[{"href":"https:\/\/gloffy.ee\/fi\/wp-json\/wp\/v2\/pages"}],"about":[{"href":"https:\/\/gloffy.ee\/fi\/wp-json\/wp\/v2\/types\/page"}],"author":[{"embeddable":true,"href":"https:\/\/gloffy.ee\/fi\/wp-json\/wp\/v2\/users\/1"}],"replies":[{"embeddable":true,"href":"https:\/\/gloffy.ee\/fi\/wp-json\/wp\/v2\/comments?post=10993"}],"version-history":[{"count":2,"href":"https:\/\/gloffy.ee\/fi\/wp-json\/wp\/v2\/pages\/10993\/revisions"}],"predecessor-version":[{"id":10995,"href":"https:\/\/gloffy.ee\/fi\/wp-json\/wp\/v2\/pages\/10993\/revisions\/10995"}],"wp:attachment":[{"href":"https:\/\/gloffy.ee\/fi\/wp-json\/wp\/v2\/media?parent=10993"}],"curies":[{"name":"wp","href":"https:\/\/api.w.org\/{rel}","templated":true}]}}