{"id":11033,"date":"2016-08-31T12:38:04","date_gmt":"2016-08-31T12:38:04","guid":{"rendered":"https:\/\/gloffy.ee\/tietoja\/"},"modified":"2025-06-10T00:25:47","modified_gmt":"2025-06-10T00:25:47","slug":"tietoja","status":"publish","type":"page","link":"https:\/\/gloffy.ee\/fi\/tietoja\/","title":{"rendered":"Tietoja"},"content":{"rendered":"<section class=\"l-section wpb_row height_custom\"><div class=\"l-section-h i-cf\"><div class=\"g-cols vc_row via_grid cols_1 laptops-cols_inherit tablets-cols_inherit mobiles-cols_1 valign_top type_default stacking_default\"><div class=\"wpb_column vc_column_container\"><div class=\"vc_column-inner\"><div class=\"wpb_text_column\"><div class=\"wpb_wrapper\"><h1>Tietoja<\/h1>\n<p><strong>Gloffy<\/strong> &#8211; tarvikkeet, joihin rakastut ensi hetkest\u00e4 l\u00e4htien.<\/p>\n<p>Tervetuloa maailmaan, jossa tyyli kohtaa l\u00e4mm\u00f6n ja laadun!<br \/>\nGloffy tarjoaa naisille, miehille ja lapsille tyylikk\u00e4it\u00e4 asusteita, jotka eiv\u00e4t ainoastaan suojaa kylm\u00e4lt\u00e4, vaan lis\u00e4\u00e4v\u00e4t persoonallisuutta ja mukavuutta jokaiseen p\u00e4iv\u00e4\u00e4n.<\/p>\n<p>Valikoimaamme kuuluu huolellisesti valittuja k\u00e4sineit\u00e4, lapasia, huiveja, pipoja ja huppuja, jotka on valmistettu hienoimmista materiaaleista: pehme\u00e4st\u00e4 villasta, angorasta, kashmirista, luonnonpuuvillasta sek\u00e4 kest\u00e4v\u00e4st\u00e4 polyesterist\u00e4, akryylist\u00e4 ja nailonista. Nahkatuotteet on valmistettu aidoista poron-, lampaan- ja vuohennahoista &#8211; kest\u00e4vist\u00e4 ja l\u00e4mpimist\u00e4 materiaaleista, jotka kest\u00e4v\u00e4t. <\/p>\n<p>Teemme yhteisty\u00f6t\u00e4 liettualaisten ja puolalaisten valmistajien kanssa ja yhdist\u00e4mme pohjoismaisen estetiikan eurooppalaiseen laatuun.<\/p>\n<p>Pysyv\u00e4 myym\u00e4l\u00e4mme <strong>Witch&#8217;s Hat<\/strong> sijaitsee Tallinnan vanhankaupungin syd\u00e4mess\u00e4, osoitteessa Pikk 38. Se on viihtyis\u00e4 paikka historiallisessa ymp\u00e4rist\u00f6ss\u00e4, jossa on laaja valikoima tavaroita: matkamuistoista kausiluonteisiin <strong>Gloffy-tarvikkeisiin<\/strong>. <\/p>\n<p>Syksyll\u00e4, talvella ja kev\u00e4\u00e4ll\u00e4 l\u00f6yd\u00e4t meid\u00e4t my\u00f6s Tallinnan parhaista ostoskeskuksista &#8211; Rocca al Mare, Kristiine ja J\u00e4rve Centrum &#8211; joissa meill\u00e4 on pop-up-myym\u00e4l\u00e4tiloja.<\/p>\n<p><strong>Gloffy<\/strong> &#8211; se on enemm\u00e4n kuin asuste. Se on tunnelma. Se on tyyli. Se on l\u00e4mmin syli jokaiseen p\u00e4iv\u00e4\u00e4n.<\/p>\n<\/div><\/div><\/div><\/div><\/div><\/div><\/section>\n","protected":false},"excerpt":{"rendered":"Tietoja Gloffy &#8211; tarvikkeet, joihin rakastut ensi hetkest\u00e4 l\u00e4htien. Tervetuloa maailmaan, jossa tyyli kohtaa l\u00e4mm\u00f6n ja laadun! Gloffy tarjoaa naisille, miehille ja lapsille tyylikk\u00e4it\u00e4 asusteita, jotka eiv\u00e4t ainoastaan suojaa kylm\u00e4lt\u00e4, vaan lis\u00e4\u00e4v\u00e4t persoonallisuutta ja mukavuutta jokaiseen p\u00e4iv\u00e4\u00e4n. Valikoimaamme kuuluu huolellisesti valittuja k\u00e4sineit\u00e4, lapasia, huiveja, pipoja ja huppuja, jotka on valmistettu hienoimmista materiaaleista: pehme\u00e4st\u00e4 villasta, angorasta,...","protected":false},"author":1,"featured_media":0,"parent":0,"menu_order":0,"comment_status":"closed","ping_status":"closed","template":"","meta":{"footnotes":""},"class_list":["post-11033","page","type-page","status-publish","hentry"],"yoast_head":"<!-- This site is optimized with the Yoast SEO plugin v25.5 - https:\/\/yoast.com\/wordpress\/plugins\/seo\/ -->\n<title>Tietoja - Gloffy.ee<\/title>\n<meta name=\"robots\" content=\"index, follow, max-snippet:-1, max-image-preview:large, max-video-preview:-1\" \/>\n<link rel=\"canonical\" href=\"https:\/\/gloffy.ee\/fi\/tietoja\/\" \/>\n<meta property=\"og:locale\" content=\"fi_FI\" \/>\n<meta property=\"og:type\" content=\"article\" \/>\n<meta property=\"og:title\" content=\"Tietoja - Gloffy.ee\" \/>\n<meta property=\"og:url\" content=\"https:\/\/gloffy.ee\/fi\/tietoja\/\" \/>\n<meta property=\"og:site_name\" content=\"Gloffy.ee\" \/>\n<meta property=\"article:modified_time\" content=\"2025-06-10T00:25:47+00:00\" \/>\n<meta name=\"twitter:card\" content=\"summary_large_image\" \/>\n<meta name=\"twitter:label1\" content=\"Arvioitu lukuaika\" \/>\n\t<meta name=\"twitter:data1\" content=\"1 minuutti\" \/>\n<script type=\"application\/ld+json\" class=\"yoast-schema-graph\">{\"@context\":\"https:\/\/schema.org\",\"@graph\":[{\"@type\":\"WebPage\",\"@id\":\"https:\/\/gloffy.ee\/fi\/tietoja\/\",\"url\":\"https:\/\/gloffy.ee\/fi\/tietoja\/\",\"name\":\"Tietoja - Gloffy.ee\",\"isPartOf\":{\"@id\":\"https:\/\/gloffy.ee\/#website\"},\"datePublished\":\"2016-08-31T12:38:04+00:00\",\"dateModified\":\"2025-06-10T00:25:47+00:00\",\"breadcrumb\":{\"@id\":\"https:\/\/gloffy.ee\/fi\/tietoja\/#breadcrumb\"},\"inLanguage\":\"fi\",\"potentialAction\":[{\"@type\":\"ReadAction\",\"target\":[\"https:\/\/gloffy.ee\/fi\/tietoja\/\"]}]},{\"@type\":\"BreadcrumbList\",\"@id\":\"https:\/\/gloffy.ee\/fi\/tietoja\/#breadcrumb\",\"itemListElement\":[{\"@type\":\"ListItem\",\"position\":1,\"name\":\"Home\",\"item\":\"https:\/\/gloffy.ee\/fi\/\"},{\"@type\":\"ListItem\",\"position\":2,\"name\":\"Tietoja\"}]},{\"@type\":\"WebSite\",\"@id\":\"https:\/\/gloffy.ee\/#website\",\"url\":\"https:\/\/gloffy.ee\/\",\"name\":\"Gloffy.ee\",\"description\":\"\",\"potentialAction\":[{\"@type\":\"SearchAction\",\"target\":{\"@type\":\"EntryPoint\",\"urlTemplate\":\"https:\/\/gloffy.ee\/?s={search_term_string}\"},\"query-input\":{\"@type\":\"PropertyValueSpecification\",\"valueRequired\":true,\"valueName\":\"search_term_string\"}}],\"inLanguage\":\"fi\"}]}<\/script>\n<!-- \/ Yoast SEO plugin. -->","yoast_head_json":{"title":"Tietoja - Gloffy.ee","robots":{"index":"index","follow":"follow","max-snippet":"max-snippet:-1","max-image-preview":"max-image-preview:large","max-video-preview":"max-video-preview:-1"},"canonical":"https:\/\/gloffy.ee\/fi\/tietoja\/","og_locale":"fi_FI","og_type":"article","og_title":"Tietoja - Gloffy.ee","og_url":"https:\/\/gloffy.ee\/fi\/tietoja\/","og_site_name":"Gloffy.ee","article_modified_time":"2025-06-10T00:25:47+00:00","twitter_card":"summary_large_image","twitter_misc":{"Arvioitu lukuaika":"1 minuutti"},"schema":{"@context":"https:\/\/schema.org","@graph":[{"@type":"WebPage","@id":"https:\/\/gloffy.ee\/fi\/tietoja\/","url":"https:\/\/gloffy.ee\/fi\/tietoja\/","name":"Tietoja - Gloffy.ee","isPartOf":{"@id":"https:\/\/gloffy.ee\/#website"},"datePublished":"2016-08-31T12:38:04+00:00","dateModified":"2025-06-10T00:25:47+00:00","breadcrumb":{"@id":"https:\/\/gloffy.ee\/fi\/tietoja\/#breadcrumb"},"inLanguage":"fi","potentialAction":[{"@type":"ReadAction","target":["https:\/\/gloffy.ee\/fi\/tietoja\/"]}]},{"@type":"BreadcrumbList","@id":"https:\/\/gloffy.ee\/fi\/tietoja\/#breadcrumb","itemListElement":[{"@type":"ListItem","position":1,"name":"Home","item":"https:\/\/gloffy.ee\/fi\/"},{"@type":"ListItem","position":2,"name":"Tietoja"}]},{"@type":"WebSite","@id":"https:\/\/gloffy.ee\/#website","url":"https:\/\/gloffy.ee\/","name":"Gloffy.ee","description":"","potentialAction":[{"@type":"SearchAction","target":{"@type":"EntryPoint","urlTemplate":"https:\/\/gloffy.ee\/?s={search_term_string}"},"query-input":{"@type":"PropertyValueSpecification","valueRequired":true,"valueName":"search_term_string"}}],"inLanguage":"fi"}]}},"_links":{"self":[{"href":"https:\/\/gloffy.ee\/fi\/wp-json\/wp\/v2\/pages\/11033","targetHints":{"allow":["GET"]}}],"collection":[{"href":"https:\/\/gloffy.ee\/fi\/wp-json\/wp\/v2\/pages"}],"about":[{"href":"https:\/\/gloffy.ee\/fi\/wp-json\/wp\/v2\/types\/page"}],"author":[{"embeddable":true,"href":"https:\/\/gloffy.ee\/fi\/wp-json\/wp\/v2\/users\/1"}],"replies":[{"embeddable":true,"href":"https:\/\/gloffy.ee\/fi\/wp-json\/wp\/v2\/comments?post=11033"}],"version-history":[{"count":2,"href":"https:\/\/gloffy.ee\/fi\/wp-json\/wp\/v2\/pages\/11033\/revisions"}],"predecessor-version":[{"id":11035,"href":"https:\/\/gloffy.ee\/fi\/wp-json\/wp\/v2\/pages\/11033\/revisions\/11035"}],"wp:attachment":[{"href":"https:\/\/gloffy.ee\/fi\/wp-json\/wp\/v2\/media?parent=11033"}],"curies":[{"name":"wp","href":"https:\/\/api.w.org\/{rel}","templated":true}]}}