{"id":14404,"date":"2024-01-29T16:05:09","date_gmt":"2024-01-29T16:05:09","guid":{"rendered":"https:\/\/gloffy.ee\/tietosuojakaytanto\/"},"modified":"2025-06-13T16:09:45","modified_gmt":"2025-06-13T16:09:45","slug":"tietosuojakaytanto","status":"publish","type":"page","link":"https:\/\/gloffy.ee\/fi\/tietosuojakaytanto\/","title":{"rendered":"Tietosuojak\u00e4yt\u00e4nt\u00f6"},"content":{"rendered":"<p><\/p>\r\n<ol>\r\n<li><span style=\"font-weight: 400;\"> Yleiset m\u00e4\u00e4r\u00e4ykset<\/span><\/li>\r\n<\/ol>\r\n<p><span style=\"font-weight: 400;\">1.1. T\u00e4m\u00e4 tietosuojak\u00e4yt\u00e4nt\u00f6 s\u00e4\u00e4telee henkil\u00f6tietojen ker\u00e4\u00e4miseen, k\u00e4sittelyyn ja s\u00e4ilytt\u00e4miseen liittyvi\u00e4 periaatteita. Henkil\u00f6tietoja ker\u00e4\u00e4, k\u00e4sittelee ja s\u00e4ilytt\u00e4\u00e4 henkil\u00f6tietojen vastaava k\u00e4sittelij\u00e4 (AMBER LIGHT O\u00dc) (j\u00e4ljemp\u00e4n\u00e4 &#8221;tietojen k\u00e4sittelij\u00e4&#8221;).<\/span><\/p>\r\n<p><span style=\"font-weight: 400;\">1.2. Tietosubjekti tietosuojak\u00e4yt\u00e4nn\u00f6n merkityksess\u00e4 on asiakas tai muu henkil\u00f6, jonka henkil\u00f6tietoja tietojen k\u00e4sittelij\u00e4 k\u00e4sittelee.<\/span><\/p>\r\n<p><span style=\"font-weight: 400;\">1.3. Asiakas tietosuojak\u00e4yt\u00e4nn\u00f6n merkityksess\u00e4 on kuka tahansa, joka ostaa tietojen k\u00e4sittelij\u00e4n verkkosivustolta tavaroita tai palveluita.<\/span><\/p>\r\n<p><span style=\"font-weight: 400;\">1.4. Tietojen k\u00e4sittelij\u00e4 noudattaa lains\u00e4\u00e4d\u00e4nn\u00f6ss\u00e4 s\u00e4\u00e4dettyj\u00e4 tietojen k\u00e4sittelyperiaatteita, mukaan lukien henkil\u00f6tietojen lainmukainen, oikeudenmukainen ja turvallinen k\u00e4sittely. Tietojen k\u00e4sittelij\u00e4 pystyy vahvistamaan, ett\u00e4 henkil\u00f6tietoja on k\u00e4sitelty lains\u00e4\u00e4d\u00e4nn\u00f6n mukaisesti.<\/span><\/p>\r\n<ol start=\"2\">\r\n<li><span style=\"font-weight: 400;\"> Henkil\u00f6tietojen ker\u00e4\u00e4minen, k\u00e4sittely ja s\u00e4ilytt\u00e4minen<\/span><\/li>\r\n<\/ol>\r\n<p><span style=\"font-weight: 400;\">2.1. Henkil\u00f6tiedot, joita tietojen k\u00e4sittelij\u00e4 ker\u00e4\u00e4, k\u00e4sittelee ja s\u00e4ilytt\u00e4\u00e4, ker\u00e4t\u00e4\u00e4n s\u00e4hk\u00f6isesti, p\u00e4\u00e4asiassa verkkosivuston ja s\u00e4hk\u00f6postin v\u00e4lityksell\u00e4.<\/span><\/p>\r\n<p><span style=\"font-weight: 400;\">2.2. Henkil\u00f6tietojensa jakamisella tietosubjekti my\u00f6nt\u00e4\u00e4 tietojen k\u00e4sittelij\u00e4lle oikeuden ker\u00e4t\u00e4, j\u00e4rjest\u00e4\u00e4, k\u00e4ytt\u00e4\u00e4 ja hallita tietosuojak\u00e4yt\u00e4nn\u00f6ss\u00e4 m\u00e4\u00e4riteltyyn tarkoitukseen henkil\u00f6tietoja, joita tietosubjekti jakaa suoraan tai v\u00e4lillisesti verkkosivustolta tavaroita tai palveluita ostettaessa.<\/span><\/p>\r\n<p><span style=\"font-weight: 400;\">2.3. Tietosubjekti on vastuussa siit\u00e4, ett\u00e4 h\u00e4nen antamansa tiedot ovat tarkkoja, oikeita ja t\u00e4ydellisi\u00e4. Tietoisesti v\u00e4\u00e4rin tietojen antaminen katsotaan tietosuojak\u00e4yt\u00e4nn\u00f6n rikkomiseksi. Tietosubjekti on velvollinen ilmoittamaan tietojen k\u00e4sittelij\u00e4lle viipym\u00e4tt\u00e4 antamiensa tietojen muutoksista.<\/span><\/p>\r\n<p><span style=\"font-weight: 400;\">2.4. Tietojen k\u00e4sittelij\u00e4 ei vastaa tietosubjektille tai kolmansille osapuolille aiheutuneesta vahingosta, joka johtuu tietosubjektin antamista v\u00e4\u00e4rist\u00e4 tiedoista.<\/span><\/p>\r\n<ol start=\"3\">\r\n<li><span style=\"font-weight: 400;\"> Asiakkaiden henkil\u00f6tietojen k\u00e4sittely<\/span><\/li>\r\n<\/ol>\r\n<p><span style=\"font-weight: 400;\">3.1. Tietojen k\u00e4sittelij\u00e4 voi k\u00e4sitell\u00e4 seuraavia tietosubjektin henkil\u00f6tietoja:<\/span><\/p>\r\n<p><span style=\"font-weight: 400;\">3.1.1. Etu- ja sukunimi;<\/span><\/p>\r\n<p><span style=\"font-weight: 400;\">3.1.2. Syntym\u00e4aika;<\/span><\/p>\r\n<p><span style=\"font-weight: 400;\">3.1.3. Puhelinnumero;<\/span><\/p>\r\n<p><span style=\"font-weight: 400;\">3.1.4. S\u00e4hk\u00f6postiosoite;<\/span><\/p>\r\n<p><span style=\"font-weight: 400;\">3.1.5. Toimitusosoite;<\/span><\/p>\r\n<p><span style=\"font-weight: 400;\">3.2. Edell\u00e4 mainittujen lis\u00e4ksi tietojen k\u00e4sittelij\u00e4ll\u00e4 on oikeus ker\u00e4t\u00e4 asiakkaasta julkisista rekistereist\u00e4 saatavia tietoja.<\/span><\/p>\r\n<p><span style=\"font-weight: 400;\">3.3. Henkil\u00f6tietojen k\u00e4sittelyn oikeusperusta on henkil\u00f6tietojen suojelua koskevan yleisen asetuksen (EU) 2016\/679 6 artiklan 1 kohdan a, b, c ja f alakohdat:<\/span><\/p>\r\n<ol>\r\n<li><span style=\"font-weight: 400;\">a) tietosubjekti on antanut suostumuksensa henkil\u00f6tietojensa k\u00e4sittelyyn yhden tai useamman erityisen tarkoituksen vuoksi;<\/span><\/li>\r\n<li><span style=\"font-weight: 400;\">b) henkil\u00f6tietojen k\u00e4sittely on tarpeen tietosubjektin osana olevan sopimuksen t\u00e4ytt\u00e4miseksi tai sopimuksen tekemist\u00e4 edelt\u00e4vien toimenpiteiden tekemiseksi tietosubjektin pyynn\u00f6st\u00e4;<\/span><\/li>\r\n<li><span style=\"font-weight: 400;\">c) henkil\u00f6tietojen k\u00e4sittely on tarpeen tietojen k\u00e4sittelij\u00e4lle lain asettaman velvoitteen t\u00e4ytt\u00e4miseksi;<\/span><\/li>\r\n<li><span style=\"font-weight: 400;\">f) henkil\u00f6tietojen k\u00e4sittely on tarpeen tietojen k\u00e4sittelij\u00e4n tai kolmannen osapuolen oikeutettujen etujen vuoksi, paitsi jos n\u00e4m\u00e4 edut eiv\u00e4t ylity tietosubjektin etuja tai perusoikeuksia ja -vapauksia, jotka edellytt\u00e4v\u00e4t henkil\u00f6tietojen suojaamista, erityisesti jos tietosubjekti on lapsi.<\/span><\/li>\r\n<\/ol>\r\n<p><span style=\"font-weight: 400;\">3.4. Henkil\u00f6tietojen k\u00e4sittely k\u00e4sittelyn tarkoituksen mukaan:<\/span><\/p>\r\n<p><span style=\"font-weight: 400;\">3.4.1. K\u00e4sittelyn tarkoitus &#8211; turvallisuus ja turva<\/span><span style=\"font-weight: 400;\"><br \/><\/span><span style=\"font-weight: 400;\">Henkil\u00f6tietojen s\u00e4ilytt\u00e4misen enimm\u00e4isaika &#8211; lain m\u00e4\u00e4rittelem\u00e4t m\u00e4\u00e4r\u00e4ajat<\/span><\/p>\r\n<p><span style=\"font-weight: 400;\">3.4.2. K\u00e4sittelyn tarkoitus &#8211; tilauksen k\u00e4sittely<\/span><span style=\"font-weight: 400;\"><br \/><\/span><span style=\"font-weight: 400;\">Henkil\u00f6tietojen s\u00e4ilytt\u00e4misen enimm\u00e4isaika &#8211; 1 vuosi.<\/span><span style=\"font-weight: 400;\"> <\/span><\/p>\r\n<p><span style=\"font-weight: 400;\">3.4.3. K\u00e4sittelyn tarkoitus &#8211; verkkokaupan palvelujen toiminnan varmistaminen<\/span><span style=\"font-weight: 400;\"><br \/><\/span><span style=\"font-weight: 400;\">Henkil\u00f6tietojen s\u00e4ilytt\u00e4misen enimm\u00e4isaika &#8211; 1 vuosi.<\/span><span style=\"font-weight: 400;\"> <\/span><\/p>\r\n<p><span style=\"font-weight: 400;\">3.4.4. K\u00e4sittelyn tarkoitus &#8211; asiakashallinta<\/span><span style=\"font-weight: 400;\"><br \/><\/span><span style=\"font-weight: 400;\">Henkil\u00f6tietojen s\u00e4ilytt\u00e4misen enimm\u00e4isaika &#8211; 1 vuosi.<\/span><span style=\"font-weight: 400;\"> <\/span><\/p>\r\n<p><span style=\"font-weight: 400;\">3.4.5. K\u00e4sittelyn tarkoitus &#8211; taloudellinen toiminta, kirjanpito<\/span><span style=\"font-weight: 400;\"><br \/><\/span><span style=\"font-weight: 400;\">Henkil\u00f6tietojen s\u00e4ilytt\u00e4misen enimm\u00e4isaika &#8211; lain m\u00e4\u00e4rittelem\u00e4t m\u00e4\u00e4r\u00e4ajat<\/span><\/p>\r\n<p><span style=\"font-weight: 400;\">3.4.6. K\u00e4sittelyn tarkoitus &#8211; markkinointi<\/span><span style=\"font-weight: 400;\"><br \/><\/span><span style=\"font-weight: 400;\">Henkil\u00f6tietojen s\u00e4ilytt\u00e4misen enimm\u00e4isaika &#8211; 1 vuosi.<\/span> <span style=\"font-weight: 400;\">3.5. Tietojen k\u00e4sittelij\u00e4ll\u00e4 on oikeus jakaa asiakkaiden henkil\u00f6tietoja kolmansille osapuolille, kuten valtuutetuille tietojen k\u00e4sittelij\u00f6ille, kirjanpit\u00e4jille, kuljetus- ja kuriiriyhti\u00f6ille sek\u00e4 maksupalveluntarjoajille. Tietojen k\u00e4sittelij\u00e4 on henkil\u00f6tietojen vastaava k\u00e4sittelij\u00e4. Tietojen k\u00e4sittelij\u00e4 l\u00e4hett\u00e4\u00e4 maksujen suorittamiseen tarvittavat henkil\u00f6tiedot valtuutetulle k\u00e4sittelij\u00e4lle Montonio AS:lle.<\/span><\/p>\r\n<p><span style=\"font-weight: 400;\">3.6. Tietosubjektin henkil\u00f6tietoja k\u00e4sitelless\u00e4\u00e4n ja s\u00e4ilytt\u00e4ess\u00e4\u00e4n tietojen k\u00e4sittelij\u00e4 soveltaa organisatorisia ja teknisi\u00e4 toimenpiteit\u00e4, jotka takaavat henkil\u00f6tietojen suojan vahingolliselta tai laittomalta tuhoutumiselta, muuttamiselta, paljastamiselta ja muilta laittomilta k\u00e4sittelytavoilta.<\/span><\/p>\r\n<p><span style=\"font-weight: 400;\">3.7. Tietojen k\u00e4sittelij\u00e4 s\u00e4ilytt\u00e4\u00e4 tietosubjektien tietoja k\u00e4sittelyn tarkoituksesta riippuen, mutta enint\u00e4\u00e4n 2 vuotta.<\/span><\/p>\r\n<ol start=\"4\">\r\n<li><span style=\"font-weight: 400;\"> Tietosubjektin oikeudet<\/span><\/li>\r\n<\/ol>\r\n<p><span style=\"font-weight: 400;\">4.1. Tietosubjektiella on oikeus saada p\u00e4\u00e4sy omiin henkil\u00f6tietoihinsa ja tutustua niihin.<\/span><\/p>\r\n<p><span style=\"font-weight: 400;\">4.2. Tietosubjektiella on oikeus saada tietoa h\u00e4nen henkil\u00f6tietojensa k\u00e4sittelyst\u00e4.<\/span><\/p>\r\n<p><span style=\"font-weight: 400;\">4.3. Tietosubjektiella on oikeus t\u00e4ydent\u00e4\u00e4 tai korjata ep\u00e4tarkkoja tietoja.<\/span><\/p>\r\n<p><span style=\"font-weight: 400;\">4.4. Jos tietojen k\u00e4sittelij\u00e4 k\u00e4sittelee tietosubjektin henkil\u00f6tietoja tietosubjektin suostumuksen perusteella, tietosubjektiella on oikeus perua suostumus milloin tahansa.<\/span><\/p>\r\n<p><span style=\"font-weight: 400;\">4.5. Tietosubjekti voi oikeuksiensa toteuttamiseksi ottaa yhteytt\u00e4 verkkokaupan asiakastukeen s\u00e4hk\u00f6postiosoitteessa GLOFFY@GLOFFY.EE<\/span><\/p>\r\n<p><span style=\"font-weight: 400;\">4.6. Tietosubjektiella on oikeus tehd\u00e4 valitus tietosuojavaltuutetulle oikeuksiensa suojelua varten.<\/span><\/p>\r\n<ol start=\"5\">\r\n<li><span style=\"font-weight: 400;\"> Lopulliset m\u00e4\u00e4r\u00e4ykset<\/span><\/li>\r\n<\/ol>\r\n<p><span style=\"font-weight: 400;\">5.1. N\u00e4m\u00e4 tietosuojaa koskevat ehdot on laadittu Euroopan parlamentin ja neuvoston asetuksen (EU) 2016\/679 mukaisesti, joka koskee luonnollisten henkil\u00f6iden suojaa henkil\u00f6tietojen k\u00e4sittelyss\u00e4 ja t\u00e4llaisten tietojen vapaata liikkuvuutta sek\u00e4 direktiivin 95\/46\/EY kumoamista (yleinen tietosuoja-asetus), Viron tasavallan henkil\u00f6tietosuojalain ja Viron tasavallan sek\u00e4 Euroopan unionin lains\u00e4\u00e4d\u00e4nn\u00f6n mukaisesti.<\/span><\/p>\r\n<p><span style=\"font-weight: 400;\">5.2. Tietojen k\u00e4sittelij\u00e4ll\u00e4 on oikeus muuttaa tietosuojaa koskevia ehtoja osittain tai kokonaan ja tiedottaa tietosubjekteille muutoksista verkkosivustolla GLOFFY@GLOFFY.EE<\/span> <span style=\"font-weight: 400;\"> <\/span><span style=\"font-weight: 400;\">kautta.<\/span><\/p>\r\n<p><\/p>","protected":false},"excerpt":{"rendered":"<p>Yleiset m\u00e4\u00e4r\u00e4ykset 1.1. T\u00e4m\u00e4 tietosuojak\u00e4yt\u00e4nt\u00f6 s\u00e4\u00e4telee henkil\u00f6tietojen ker\u00e4\u00e4miseen, k\u00e4sittelyyn ja s\u00e4ilytt\u00e4miseen liittyvi\u00e4 periaatteita. Henkil\u00f6tietoja ker\u00e4\u00e4, k\u00e4sittelee ja s\u00e4ilytt\u00e4\u00e4 henkil\u00f6tietojen vastaava k\u00e4sittelij\u00e4 (AMBER LIGHT O\u00dc) (j\u00e4ljemp\u00e4n\u00e4 &#8221;tietojen k\u00e4sittelij\u00e4&#8221;). 1.2. Tietosubjekti tietosuojak\u00e4yt\u00e4nn\u00f6n merkityksess\u00e4 on asiakas tai muu henkil\u00f6, jonka henkil\u00f6tietoja tietojen k\u00e4sittelij\u00e4 k\u00e4sittelee. 1.3. Asiakas tietosuojak\u00e4yt\u00e4nn\u00f6n merkityksess\u00e4 on kuka tahansa, joka ostaa tietojen k\u00e4sittelij\u00e4n verkkosivustolta tavaroita tai&#8230;<\/p>\n","protected":false},"author":1,"featured_media":0,"parent":0,"menu_order":0,"comment_status":"closed","ping_status":"open","template":"","meta":{"footnotes":""},"class_list":["post-14404","page","type-page","status-publish","hentry"],"yoast_head":"<!-- This site is optimized with the Yoast SEO plugin v25.5 - https:\/\/yoast.com\/wordpress\/plugins\/seo\/ -->\n<title>Tietosuojak\u00e4yt\u00e4nt\u00f6 - Gloffy.ee<\/title>\n<meta name=\"robots\" content=\"index, follow, max-snippet:-1, max-image-preview:large, max-video-preview:-1\" \/>\n<link rel=\"canonical\" href=\"https:\/\/gloffy.ee\/fi\/tietosuojakaytanto\/\" \/>\n<meta property=\"og:locale\" content=\"fi_FI\" \/>\n<meta property=\"og:type\" content=\"article\" \/>\n<meta property=\"og:title\" content=\"Tietosuojak\u00e4yt\u00e4nt\u00f6 - Gloffy.ee\" \/>\n<meta property=\"og:description\" content=\"Yleiset m\u00e4\u00e4r\u00e4ykset 1.1. T\u00e4m\u00e4 tietosuojak\u00e4yt\u00e4nt\u00f6 s\u00e4\u00e4telee henkil\u00f6tietojen ker\u00e4\u00e4miseen, k\u00e4sittelyyn ja s\u00e4ilytt\u00e4miseen liittyvi\u00e4 periaatteita. Henkil\u00f6tietoja ker\u00e4\u00e4, k\u00e4sittelee ja s\u00e4ilytt\u00e4\u00e4 henkil\u00f6tietojen vastaava k\u00e4sittelij\u00e4 (AMBER LIGHT O\u00dc) (j\u00e4ljemp\u00e4n\u00e4 &#8221;tietojen k\u00e4sittelij\u00e4&#8221;). 1.2. Tietosubjekti tietosuojak\u00e4yt\u00e4nn\u00f6n merkityksess\u00e4 on asiakas tai muu henkil\u00f6, jonka henkil\u00f6tietoja tietojen k\u00e4sittelij\u00e4 k\u00e4sittelee. 1.3. Asiakas tietosuojak\u00e4yt\u00e4nn\u00f6n merkityksess\u00e4 on kuka tahansa, joka ostaa tietojen k\u00e4sittelij\u00e4n verkkosivustolta tavaroita tai...\" \/>\n<meta property=\"og:url\" content=\"https:\/\/gloffy.ee\/fi\/tietosuojakaytanto\/\" \/>\n<meta property=\"og:site_name\" content=\"Gloffy.ee\" \/>\n<meta property=\"article:modified_time\" content=\"2025-06-13T16:09:45+00:00\" \/>\n<meta name=\"twitter:card\" content=\"summary_large_image\" \/>\n<meta name=\"twitter:label1\" content=\"Arvioitu lukuaika\" \/>\n\t<meta name=\"twitter:data1\" content=\"4 minuuttia\" \/>\n<script type=\"application\/ld+json\" class=\"yoast-schema-graph\">{\"@context\":\"https:\/\/schema.org\",\"@graph\":[{\"@type\":\"WebPage\",\"@id\":\"https:\/\/gloffy.ee\/fi\/tietosuojakaytanto\/\",\"url\":\"https:\/\/gloffy.ee\/fi\/tietosuojakaytanto\/\",\"name\":\"Tietosuojak\u00e4yt\u00e4nt\u00f6 - Gloffy.ee\",\"isPartOf\":{\"@id\":\"https:\/\/gloffy.ee\/#website\"},\"datePublished\":\"2024-01-29T16:05:09+00:00\",\"dateModified\":\"2025-06-13T16:09:45+00:00\",\"breadcrumb\":{\"@id\":\"https:\/\/gloffy.ee\/fi\/tietosuojakaytanto\/#breadcrumb\"},\"inLanguage\":\"fi\",\"potentialAction\":[{\"@type\":\"ReadAction\",\"target\":[\"https:\/\/gloffy.ee\/fi\/tietosuojakaytanto\/\"]}]},{\"@type\":\"BreadcrumbList\",\"@id\":\"https:\/\/gloffy.ee\/fi\/tietosuojakaytanto\/#breadcrumb\",\"itemListElement\":[{\"@type\":\"ListItem\",\"position\":1,\"name\":\"Home\",\"item\":\"https:\/\/gloffy.ee\/fi\/\"},{\"@type\":\"ListItem\",\"position\":2,\"name\":\"Tietosuojak\u00e4yt\u00e4nt\u00f6\"}]},{\"@type\":\"WebSite\",\"@id\":\"https:\/\/gloffy.ee\/#website\",\"url\":\"https:\/\/gloffy.ee\/\",\"name\":\"Gloffy.ee\",\"description\":\"\",\"potentialAction\":[{\"@type\":\"SearchAction\",\"target\":{\"@type\":\"EntryPoint\",\"urlTemplate\":\"https:\/\/gloffy.ee\/?s={search_term_string}\"},\"query-input\":{\"@type\":\"PropertyValueSpecification\",\"valueRequired\":true,\"valueName\":\"search_term_string\"}}],\"inLanguage\":\"fi\"}]}<\/script>\n<!-- \/ Yoast SEO plugin. -->","yoast_head_json":{"title":"Tietosuojak\u00e4yt\u00e4nt\u00f6 - Gloffy.ee","robots":{"index":"index","follow":"follow","max-snippet":"max-snippet:-1","max-image-preview":"max-image-preview:large","max-video-preview":"max-video-preview:-1"},"canonical":"https:\/\/gloffy.ee\/fi\/tietosuojakaytanto\/","og_locale":"fi_FI","og_type":"article","og_title":"Tietosuojak\u00e4yt\u00e4nt\u00f6 - Gloffy.ee","og_description":"Yleiset m\u00e4\u00e4r\u00e4ykset 1.1. T\u00e4m\u00e4 tietosuojak\u00e4yt\u00e4nt\u00f6 s\u00e4\u00e4telee henkil\u00f6tietojen ker\u00e4\u00e4miseen, k\u00e4sittelyyn ja s\u00e4ilytt\u00e4miseen liittyvi\u00e4 periaatteita. Henkil\u00f6tietoja ker\u00e4\u00e4, k\u00e4sittelee ja s\u00e4ilytt\u00e4\u00e4 henkil\u00f6tietojen vastaava k\u00e4sittelij\u00e4 (AMBER LIGHT O\u00dc) (j\u00e4ljemp\u00e4n\u00e4 &#8221;tietojen k\u00e4sittelij\u00e4&#8221;). 1.2. Tietosubjekti tietosuojak\u00e4yt\u00e4nn\u00f6n merkityksess\u00e4 on asiakas tai muu henkil\u00f6, jonka henkil\u00f6tietoja tietojen k\u00e4sittelij\u00e4 k\u00e4sittelee. 1.3. Asiakas tietosuojak\u00e4yt\u00e4nn\u00f6n merkityksess\u00e4 on kuka tahansa, joka ostaa tietojen k\u00e4sittelij\u00e4n verkkosivustolta tavaroita tai...","og_url":"https:\/\/gloffy.ee\/fi\/tietosuojakaytanto\/","og_site_name":"Gloffy.ee","article_modified_time":"2025-06-13T16:09:45+00:00","twitter_card":"summary_large_image","twitter_misc":{"Arvioitu lukuaika":"4 minuuttia"},"schema":{"@context":"https:\/\/schema.org","@graph":[{"@type":"WebPage","@id":"https:\/\/gloffy.ee\/fi\/tietosuojakaytanto\/","url":"https:\/\/gloffy.ee\/fi\/tietosuojakaytanto\/","name":"Tietosuojak\u00e4yt\u00e4nt\u00f6 - Gloffy.ee","isPartOf":{"@id":"https:\/\/gloffy.ee\/#website"},"datePublished":"2024-01-29T16:05:09+00:00","dateModified":"2025-06-13T16:09:45+00:00","breadcrumb":{"@id":"https:\/\/gloffy.ee\/fi\/tietosuojakaytanto\/#breadcrumb"},"inLanguage":"fi","potentialAction":[{"@type":"ReadAction","target":["https:\/\/gloffy.ee\/fi\/tietosuojakaytanto\/"]}]},{"@type":"BreadcrumbList","@id":"https:\/\/gloffy.ee\/fi\/tietosuojakaytanto\/#breadcrumb","itemListElement":[{"@type":"ListItem","position":1,"name":"Home","item":"https:\/\/gloffy.ee\/fi\/"},{"@type":"ListItem","position":2,"name":"Tietosuojak\u00e4yt\u00e4nt\u00f6"}]},{"@type":"WebSite","@id":"https:\/\/gloffy.ee\/#website","url":"https:\/\/gloffy.ee\/","name":"Gloffy.ee","description":"","potentialAction":[{"@type":"SearchAction","target":{"@type":"EntryPoint","urlTemplate":"https:\/\/gloffy.ee\/?s={search_term_string}"},"query-input":{"@type":"PropertyValueSpecification","valueRequired":true,"valueName":"search_term_string"}}],"inLanguage":"fi"}]}},"_links":{"self":[{"href":"https:\/\/gloffy.ee\/fi\/wp-json\/wp\/v2\/pages\/14404","targetHints":{"allow":["GET"]}}],"collection":[{"href":"https:\/\/gloffy.ee\/fi\/wp-json\/wp\/v2\/pages"}],"about":[{"href":"https:\/\/gloffy.ee\/fi\/wp-json\/wp\/v2\/types\/page"}],"author":[{"embeddable":true,"href":"https:\/\/gloffy.ee\/fi\/wp-json\/wp\/v2\/users\/1"}],"replies":[{"embeddable":true,"href":"https:\/\/gloffy.ee\/fi\/wp-json\/wp\/v2\/comments?post=14404"}],"version-history":[{"count":2,"href":"https:\/\/gloffy.ee\/fi\/wp-json\/wp\/v2\/pages\/14404\/revisions"}],"predecessor-version":[{"id":16339,"href":"https:\/\/gloffy.ee\/fi\/wp-json\/wp\/v2\/pages\/14404\/revisions\/16339"}],"wp:attachment":[{"href":"https:\/\/gloffy.ee\/fi\/wp-json\/wp\/v2\/media?parent=14404"}],"curies":[{"name":"wp","href":"https:\/\/api.w.org\/{rel}","templated":true}]}}