{"id":14416,"date":"2019-09-04T10:49:46","date_gmt":"2019-09-04T10:49:46","guid":{"rendered":"https:\/\/gloffy.ee\/tavaroiden-kuljetus\/"},"modified":"2025-06-12T22:48:34","modified_gmt":"2025-06-12T22:48:34","slug":"tavaroiden-kuljetus","status":"publish","type":"page","link":"https:\/\/gloffy.ee\/fi\/tavaroiden-kuljetus\/","title":{"rendered":"Tavaroiden kuljetus"},"content":{"rendered":"<section class=\"l-section wpb_row height_custom\"><div class=\"l-section-h i-cf\"><div class=\"g-cols vc_row via_grid cols_custom laptops-cols_inherit tablets-cols_inherit mobiles-cols_1 valign_top type_default stacking_default\" style=\"--custom-columns:4fr 0.5fr 1.5fr \"><div class=\"wpb_column vc_column_container\"><div class=\"vc_column-inner\"><h1 class=\"w-text\"><span class=\"w-text-h\"><span class=\"w-text-value\">Tavaroiden kuljetus<\/span><\/span><\/h1>[vc_empty_space]<div class=\"w-tabs style_default switch_click accordion has_scrolling remove_indents\" style=\"--sections-title-size:1.5rem\"><div class=\"w-tabs-sections titles-align_none icon_chevron cpos_right\"><div class=\"w-tabs-section active\" id=\"1579528912153-daf54713-3cbf\"><button class=\"w-tabs-section-header active\" aria-controls=\"content-1579528912153-daf54713-3cbf\" aria-expanded=\"true\"><div class=\"w-tabs-section-title\">Toimitus osoitteeseen<\/div><div class=\"w-tabs-section-control\"><\/div><\/button><div  class=\"w-tabs-section-content\" id=\"content-1579528912153-daf54713-3cbf\"><div class=\"w-tabs-section-content-h i-cf\"><div class=\"g-cols wpb_row via_grid cols_custom laptops-cols_inherit tablets-cols_inherit mobiles-cols_1 valign_top type_default stacking_default\" style=\"--columns-gap:3rem;--custom-columns:1fr 5fr 3fr\"><div class=\"wpb_column vc_column_container\"><div class=\"vc_column-inner\"><div class=\"w-iconbox iconpos_left style_default color_primary align_left no_text no_title\"><div class=\"w-iconbox-icon\" style=\"font-size:4rem;\"><i class=\"far fa-dolly\"><\/i><\/div><div class=\"w-iconbox-meta\"><\/div><\/div><\/div><\/div><div class=\"wpb_column vc_column_container\"><div class=\"vc_column-inner\"><div class=\"wpb_text_column\"><div class=\"wpb_wrapper\"><p><span style=\"font-weight: 400;\">Tavarat l\u00e4hetet\u00e4\u00e4n osoitteeseen:  <\/span><\/p>\n<ul>\n<li><span style=\"font-weight: 400;\">Viro;<\/span><\/li>\n<li><span style=\"font-weight: 400;\">Latvia;<\/span><\/li>\n<li><span style=\"font-weight: 400;\">Liettua;<\/span><\/li>\n<li><span style=\"font-weight: 400;\">Suomi.<\/span><\/li>\n<\/ul>\n<p><span style=\"font-weight: 400;\">Toimitus kaikkiin muihin maihin on mahdollista henkil\u00f6kohtaisen sopimuksen mukaan Ostajalla on seuraavat vaihtoehdot tavaroiden noutamiseksi:  <\/span><\/p>\n<ul>\n<li><span style=\"font-weight: 400;\">Omniva-pakettiautomaatit.<\/span><\/li>\n<\/ul>\n<p><span style=\"font-weight: 400;\">Ostaja vastaa toimituskuluista, ja vastaavat hintatiedot n\u00e4kyv\u00e4t toimitustavan yhteydess\u00e4. Viron sis\u00e4iset l\u00e4hetykset saapuvat ostajan ilmoittamaan m\u00e4\u00e4r\u00e4np\u00e4\u00e4h\u00e4n yleens\u00e4 3-10 ty\u00f6p\u00e4iv\u00e4n kuluessa myyntisopimuksen voimaantulosta. Viron ulkopuolelle toimitus tapahtuu 7-15 ty\u00f6p\u00e4iv\u00e4n kuluessa. Poikkeustapauksissa my\u00f6nnet\u00e4\u00e4n oikeus toimittaa tavarat 45 kalenterip\u00e4iv\u00e4n kuluessa.   <\/span><\/p>\n<\/div><\/div><\/div><\/div><\/div><div class=\"w-separator size_large\"><\/div><\/div><\/div><\/div><\/div><\/div><\/div><\/div><div class=\"wpb_column vc_column_container\"><div class=\"vc_column-inner\"><\/div><\/div><div class=\"wpb_column vc_column_container\"><div class=\"vc_column-inner\"><\/div><\/div><\/div><\/div><\/section>\n","protected":false},"excerpt":{"rendered":"Tavaroiden kuljetus[vc_empty_space]Toimitus osoitteeseenTavarat l\u00e4hetet\u00e4\u00e4n osoitteeseen: Viro; Latvia; Liettua; Suomi. Toimitus kaikkiin muihin maihin on mahdollista henkil\u00f6kohtaisen sopimuksen mukaan Ostajalla on seuraavat vaihtoehdot tavaroiden noutamiseksi: Omniva-pakettiautomaatit. Ostaja vastaa toimituskuluista, ja vastaavat hintatiedot n\u00e4kyv\u00e4t toimitustavan yhteydess\u00e4. Viron sis\u00e4iset l\u00e4hetykset saapuvat ostajan ilmoittamaan m\u00e4\u00e4r\u00e4np\u00e4\u00e4h\u00e4n yleens\u00e4 3-10 ty\u00f6p\u00e4iv\u00e4n kuluessa myyntisopimuksen voimaantulosta. Viron ulkopuolelle toimitus tapahtuu 7-15 ty\u00f6p\u00e4iv\u00e4n kuluessa. Poikkeustapauksissa...","protected":false},"author":1,"featured_media":0,"parent":0,"menu_order":0,"comment_status":"closed","ping_status":"closed","template":"","meta":{"footnotes":""},"class_list":["post-14416","page","type-page","status-publish","hentry"],"yoast_head":"<!-- This site is optimized with the Yoast SEO plugin v25.5 - https:\/\/yoast.com\/wordpress\/plugins\/seo\/ -->\n<title>Tavaroiden kuljetus - Gloffy.ee<\/title>\n<meta name=\"robots\" content=\"index, follow, max-snippet:-1, max-image-preview:large, max-video-preview:-1\" \/>\n<link rel=\"canonical\" href=\"https:\/\/gloffy.ee\/fi\/tavaroiden-kuljetus\/\" \/>\n<meta property=\"og:locale\" content=\"fi_FI\" \/>\n<meta property=\"og:type\" content=\"article\" \/>\n<meta property=\"og:title\" content=\"Tavaroiden kuljetus - Gloffy.ee\" \/>\n<meta property=\"og:url\" content=\"https:\/\/gloffy.ee\/fi\/tavaroiden-kuljetus\/\" \/>\n<meta property=\"og:site_name\" content=\"Gloffy.ee\" \/>\n<meta property=\"article:modified_time\" content=\"2025-06-12T22:48:34+00:00\" \/>\n<meta name=\"twitter:card\" content=\"summary_large_image\" \/>\n<meta name=\"twitter:label1\" content=\"Arvioitu lukuaika\" \/>\n\t<meta name=\"twitter:data1\" content=\"1 minuutti\" \/>\n<script type=\"application\/ld+json\" class=\"yoast-schema-graph\">{\"@context\":\"https:\/\/schema.org\",\"@graph\":[{\"@type\":\"WebPage\",\"@id\":\"https:\/\/gloffy.ee\/fi\/tavaroiden-kuljetus\/\",\"url\":\"https:\/\/gloffy.ee\/fi\/tavaroiden-kuljetus\/\",\"name\":\"Tavaroiden kuljetus - Gloffy.ee\",\"isPartOf\":{\"@id\":\"https:\/\/gloffy.ee\/#website\"},\"datePublished\":\"2019-09-04T10:49:46+00:00\",\"dateModified\":\"2025-06-12T22:48:34+00:00\",\"breadcrumb\":{\"@id\":\"https:\/\/gloffy.ee\/fi\/tavaroiden-kuljetus\/#breadcrumb\"},\"inLanguage\":\"fi\",\"potentialAction\":[{\"@type\":\"ReadAction\",\"target\":[\"https:\/\/gloffy.ee\/fi\/tavaroiden-kuljetus\/\"]}]},{\"@type\":\"BreadcrumbList\",\"@id\":\"https:\/\/gloffy.ee\/fi\/tavaroiden-kuljetus\/#breadcrumb\",\"itemListElement\":[{\"@type\":\"ListItem\",\"position\":1,\"name\":\"Home\",\"item\":\"https:\/\/gloffy.ee\/fi\/\"},{\"@type\":\"ListItem\",\"position\":2,\"name\":\"Tavaroiden kuljetus\"}]},{\"@type\":\"WebSite\",\"@id\":\"https:\/\/gloffy.ee\/#website\",\"url\":\"https:\/\/gloffy.ee\/\",\"name\":\"Gloffy.ee\",\"description\":\"\",\"potentialAction\":[{\"@type\":\"SearchAction\",\"target\":{\"@type\":\"EntryPoint\",\"urlTemplate\":\"https:\/\/gloffy.ee\/?s={search_term_string}\"},\"query-input\":{\"@type\":\"PropertyValueSpecification\",\"valueRequired\":true,\"valueName\":\"search_term_string\"}}],\"inLanguage\":\"fi\"}]}<\/script>\n<!-- \/ Yoast SEO plugin. -->","yoast_head_json":{"title":"Tavaroiden kuljetus - Gloffy.ee","robots":{"index":"index","follow":"follow","max-snippet":"max-snippet:-1","max-image-preview":"max-image-preview:large","max-video-preview":"max-video-preview:-1"},"canonical":"https:\/\/gloffy.ee\/fi\/tavaroiden-kuljetus\/","og_locale":"fi_FI","og_type":"article","og_title":"Tavaroiden kuljetus - Gloffy.ee","og_url":"https:\/\/gloffy.ee\/fi\/tavaroiden-kuljetus\/","og_site_name":"Gloffy.ee","article_modified_time":"2025-06-12T22:48:34+00:00","twitter_card":"summary_large_image","twitter_misc":{"Arvioitu lukuaika":"1 minuutti"},"schema":{"@context":"https:\/\/schema.org","@graph":[{"@type":"WebPage","@id":"https:\/\/gloffy.ee\/fi\/tavaroiden-kuljetus\/","url":"https:\/\/gloffy.ee\/fi\/tavaroiden-kuljetus\/","name":"Tavaroiden kuljetus - Gloffy.ee","isPartOf":{"@id":"https:\/\/gloffy.ee\/#website"},"datePublished":"2019-09-04T10:49:46+00:00","dateModified":"2025-06-12T22:48:34+00:00","breadcrumb":{"@id":"https:\/\/gloffy.ee\/fi\/tavaroiden-kuljetus\/#breadcrumb"},"inLanguage":"fi","potentialAction":[{"@type":"ReadAction","target":["https:\/\/gloffy.ee\/fi\/tavaroiden-kuljetus\/"]}]},{"@type":"BreadcrumbList","@id":"https:\/\/gloffy.ee\/fi\/tavaroiden-kuljetus\/#breadcrumb","itemListElement":[{"@type":"ListItem","position":1,"name":"Home","item":"https:\/\/gloffy.ee\/fi\/"},{"@type":"ListItem","position":2,"name":"Tavaroiden kuljetus"}]},{"@type":"WebSite","@id":"https:\/\/gloffy.ee\/#website","url":"https:\/\/gloffy.ee\/","name":"Gloffy.ee","description":"","potentialAction":[{"@type":"SearchAction","target":{"@type":"EntryPoint","urlTemplate":"https:\/\/gloffy.ee\/?s={search_term_string}"},"query-input":{"@type":"PropertyValueSpecification","valueRequired":true,"valueName":"search_term_string"}}],"inLanguage":"fi"}]}},"_links":{"self":[{"href":"https:\/\/gloffy.ee\/fi\/wp-json\/wp\/v2\/pages\/14416","targetHints":{"allow":["GET"]}}],"collection":[{"href":"https:\/\/gloffy.ee\/fi\/wp-json\/wp\/v2\/pages"}],"about":[{"href":"https:\/\/gloffy.ee\/fi\/wp-json\/wp\/v2\/types\/page"}],"author":[{"embeddable":true,"href":"https:\/\/gloffy.ee\/fi\/wp-json\/wp\/v2\/users\/1"}],"replies":[{"embeddable":true,"href":"https:\/\/gloffy.ee\/fi\/wp-json\/wp\/v2\/comments?post=14416"}],"version-history":[{"count":2,"href":"https:\/\/gloffy.ee\/fi\/wp-json\/wp\/v2\/pages\/14416\/revisions"}],"predecessor-version":[{"id":14418,"href":"https:\/\/gloffy.ee\/fi\/wp-json\/wp\/v2\/pages\/14416\/revisions\/14418"}],"wp:attachment":[{"href":"https:\/\/gloffy.ee\/fi\/wp-json\/wp\/v2\/media?parent=14416"}],"curies":[{"name":"wp","href":"https:\/\/api.w.org\/{rel}","templated":true}]}}