{"id":4455,"date":"2020-01-20T15:42:22","date_gmt":"2020-01-20T15:42:22","guid":{"rendered":"https:\/\/gloffy.ee\/payments\/"},"modified":"2025-06-05T17:45:50","modified_gmt":"2025-06-05T17:45:50","slug":"payments","status":"publish","type":"page","link":"https:\/\/gloffy.ee\/fi\/payments\/","title":{"rendered":"Maksu"},"content":{"rendered":"<section class=\"l-section wpb_row height_custom\"><div class=\"l-section-h i-cf\"><div class=\"g-cols vc_row via_grid cols_custom laptops-cols_inherit tablets-cols_inherit mobiles-cols_1 valign_top type_default stacking_default\" style=\"--custom-columns:4fr 0.5fr 1.5fr \"><div class=\"wpb_column vc_column_container\"><div class=\"vc_column-inner\"><h1 class=\"w-text\"><span class=\"w-text-h\"><span class=\"w-text-value\">Maksu<\/span><\/span><\/h1><div class=\"wpb_text_column\"><div class=\"wpb_wrapper\"><p><span data-contrast=\"none\">Tilaukset voidaan maksaa turvallisesti virolaisten pankkilinkkien kautta (<\/span><b><span data-contrast=\"none\">Swedbank, SEB, LHV, Luminor ja Coop).<\/span><\/b><span data-contrast=\"none\">) ja my\u00f6s luottokortilla (<\/span><b><span data-contrast=\"none\">Visa, MasterCard<\/span><\/b><span data-contrast=\"none\">).<\/span><span><br \/>\n<\/span><span><br \/>\n<\/span><span data-contrast=\"none\">Maksu suoritetaan Gloffy-verkkokauppaymp\u00e4rist\u00f6n ulkopuolella. <\/span><b><span data-contrast=\"none\">Montonio AS<\/span><\/b><span data-contrast=\"none\">  kautta. Gloffy-verkkokaupalla ei ole p\u00e4\u00e4sy\u00e4 asiakkaan pankki- ja luottokorttitietoihin. <\/span><span><br \/>\n<\/span><span><br \/>\n<\/span><span data-contrast=\"none\">Kun olet maksanut tuotteen, varmista, ett\u00e4 klikkaat \u201d<\/span><b><span data-contrast=\"none\">Takaisin kauppiaalle<\/span><\/b><span data-contrast=\"none\">\u201d.<\/span><span><br \/>\n<\/span><span><br \/>\n<\/span><span data-contrast=\"none\">Tutustu my\u00f6s Gloffy-verkkokauppaan. <\/span><a href=\"https:\/\/gloffy.ee\/fi\/terms-of-use\/\"><span data-contrast=\"none\">Myyntiehdot <\/span><\/a> <span data-ccp-props=\"{}\"> <\/span><\/p>\n<\/div><\/div><\/div><\/div><div class=\"wpb_column vc_column_container\"><div class=\"vc_column-inner\"><\/div><\/div><div class=\"wpb_column vc_column_container\"><div class=\"vc_column-inner\"><\/div><\/div><\/div><\/div><\/section><section class=\"l-section wpb_row height_custom\"><div class=\"l-section-h i-cf\"><div class=\"g-cols vc_row via_grid cols_1 laptops-cols_inherit tablets-cols_inherit mobiles-cols_1 valign_top type_default stacking_default\"><div class=\"wpb_column vc_column_container\"><div class=\"vc_column-inner\">[vc_empty_space]<\/div><\/div><\/div><\/div><\/section>\n","protected":false},"excerpt":{"rendered":"MaksuTilaukset voidaan maksaa turvallisesti virolaisten pankkilinkkien kautta (Swedbank, SEB, LHV, Luminor ja Coop).) ja my\u00f6s luottokortilla (Visa, MasterCard). Maksu suoritetaan Gloffy-verkkokauppaymp\u00e4rist\u00f6n ulkopuolella. Montonio AS kautta. Gloffy-verkkokaupalla ei ole p\u00e4\u00e4sy\u00e4 asiakkaan pankki- ja luottokorttitietoihin. Kun olet maksanut tuotteen, varmista, ett\u00e4 klikkaat \u201dTakaisin kauppiaalle\u201d. Tutustu my\u00f6s Gloffy-verkkokauppaan. Myyntiehdot [vc_empty_space]","protected":false},"author":1,"featured_media":0,"parent":0,"menu_order":0,"comment_status":"closed","ping_status":"closed","template":"","meta":{"footnotes":""},"class_list":["post-4455","page","type-page","status-publish","hentry"],"yoast_head":"<!-- This site is optimized with the Yoast SEO plugin v25.5 - https:\/\/yoast.com\/wordpress\/plugins\/seo\/ -->\n<title>Maksu - Gloffy.ee<\/title>\n<meta name=\"robots\" content=\"index, follow, max-snippet:-1, max-image-preview:large, max-video-preview:-1\" \/>\n<link rel=\"canonical\" href=\"https:\/\/gloffy.ee\/fi\/payments\/\" \/>\n<meta property=\"og:locale\" content=\"fi_FI\" \/>\n<meta property=\"og:type\" content=\"article\" \/>\n<meta property=\"og:title\" content=\"Maksu - Gloffy.ee\" \/>\n<meta property=\"og:url\" content=\"https:\/\/gloffy.ee\/fi\/payments\/\" \/>\n<meta property=\"og:site_name\" content=\"Gloffy.ee\" \/>\n<meta property=\"article:modified_time\" content=\"2025-06-05T17:45:50+00:00\" \/>\n<meta name=\"twitter:card\" content=\"summary_large_image\" \/>\n<meta name=\"twitter:label1\" content=\"Arvioitu lukuaika\" \/>\n\t<meta name=\"twitter:data1\" content=\"1 minuutti\" \/>\n<script type=\"application\/ld+json\" class=\"yoast-schema-graph\">{\"@context\":\"https:\/\/schema.org\",\"@graph\":[{\"@type\":\"WebPage\",\"@id\":\"https:\/\/gloffy.ee\/fi\/payments\/\",\"url\":\"https:\/\/gloffy.ee\/fi\/payments\/\",\"name\":\"Maksu - Gloffy.ee\",\"isPartOf\":{\"@id\":\"https:\/\/gloffy.ee\/#website\"},\"datePublished\":\"2020-01-20T15:42:22+00:00\",\"dateModified\":\"2025-06-05T17:45:50+00:00\",\"breadcrumb\":{\"@id\":\"https:\/\/gloffy.ee\/fi\/payments\/#breadcrumb\"},\"inLanguage\":\"fi\",\"potentialAction\":[{\"@type\":\"ReadAction\",\"target\":[\"https:\/\/gloffy.ee\/fi\/payments\/\"]}]},{\"@type\":\"BreadcrumbList\",\"@id\":\"https:\/\/gloffy.ee\/fi\/payments\/#breadcrumb\",\"itemListElement\":[{\"@type\":\"ListItem\",\"position\":1,\"name\":\"Home\",\"item\":\"https:\/\/gloffy.ee\/fi\/\"},{\"@type\":\"ListItem\",\"position\":2,\"name\":\"Maksu\"}]},{\"@type\":\"WebSite\",\"@id\":\"https:\/\/gloffy.ee\/#website\",\"url\":\"https:\/\/gloffy.ee\/\",\"name\":\"Gloffy.ee\",\"description\":\"\",\"potentialAction\":[{\"@type\":\"SearchAction\",\"target\":{\"@type\":\"EntryPoint\",\"urlTemplate\":\"https:\/\/gloffy.ee\/?s={search_term_string}\"},\"query-input\":{\"@type\":\"PropertyValueSpecification\",\"valueRequired\":true,\"valueName\":\"search_term_string\"}}],\"inLanguage\":\"fi\"}]}<\/script>\n<!-- \/ Yoast SEO plugin. -->","yoast_head_json":{"title":"Maksu - Gloffy.ee","robots":{"index":"index","follow":"follow","max-snippet":"max-snippet:-1","max-image-preview":"max-image-preview:large","max-video-preview":"max-video-preview:-1"},"canonical":"https:\/\/gloffy.ee\/fi\/payments\/","og_locale":"fi_FI","og_type":"article","og_title":"Maksu - Gloffy.ee","og_url":"https:\/\/gloffy.ee\/fi\/payments\/","og_site_name":"Gloffy.ee","article_modified_time":"2025-06-05T17:45:50+00:00","twitter_card":"summary_large_image","twitter_misc":{"Arvioitu lukuaika":"1 minuutti"},"schema":{"@context":"https:\/\/schema.org","@graph":[{"@type":"WebPage","@id":"https:\/\/gloffy.ee\/fi\/payments\/","url":"https:\/\/gloffy.ee\/fi\/payments\/","name":"Maksu - Gloffy.ee","isPartOf":{"@id":"https:\/\/gloffy.ee\/#website"},"datePublished":"2020-01-20T15:42:22+00:00","dateModified":"2025-06-05T17:45:50+00:00","breadcrumb":{"@id":"https:\/\/gloffy.ee\/fi\/payments\/#breadcrumb"},"inLanguage":"fi","potentialAction":[{"@type":"ReadAction","target":["https:\/\/gloffy.ee\/fi\/payments\/"]}]},{"@type":"BreadcrumbList","@id":"https:\/\/gloffy.ee\/fi\/payments\/#breadcrumb","itemListElement":[{"@type":"ListItem","position":1,"name":"Home","item":"https:\/\/gloffy.ee\/fi\/"},{"@type":"ListItem","position":2,"name":"Maksu"}]},{"@type":"WebSite","@id":"https:\/\/gloffy.ee\/#website","url":"https:\/\/gloffy.ee\/","name":"Gloffy.ee","description":"","potentialAction":[{"@type":"SearchAction","target":{"@type":"EntryPoint","urlTemplate":"https:\/\/gloffy.ee\/?s={search_term_string}"},"query-input":{"@type":"PropertyValueSpecification","valueRequired":true,"valueName":"search_term_string"}}],"inLanguage":"fi"}]}},"_links":{"self":[{"href":"https:\/\/gloffy.ee\/fi\/wp-json\/wp\/v2\/pages\/4455","targetHints":{"allow":["GET"]}}],"collection":[{"href":"https:\/\/gloffy.ee\/fi\/wp-json\/wp\/v2\/pages"}],"about":[{"href":"https:\/\/gloffy.ee\/fi\/wp-json\/wp\/v2\/types\/page"}],"author":[{"embeddable":true,"href":"https:\/\/gloffy.ee\/fi\/wp-json\/wp\/v2\/users\/1"}],"replies":[{"embeddable":true,"href":"https:\/\/gloffy.ee\/fi\/wp-json\/wp\/v2\/comments?post=4455"}],"version-history":[{"count":3,"href":"https:\/\/gloffy.ee\/fi\/wp-json\/wp\/v2\/pages\/4455\/revisions"}],"predecessor-version":[{"id":9772,"href":"https:\/\/gloffy.ee\/fi\/wp-json\/wp\/v2\/pages\/4455\/revisions\/9772"}],"wp:attachment":[{"href":"https:\/\/gloffy.ee\/fi\/wp-json\/wp\/v2\/media?parent=4455"}],"curies":[{"name":"wp","href":"https:\/\/api.w.org\/{rel}","templated":true}]}}