{"id":4460,"date":"2020-01-20T14:45:09","date_gmt":"2020-01-20T14:45:09","guid":{"rendered":"https:\/\/gloffy.ee\/returns\/"},"modified":"2025-06-05T17:45:50","modified_gmt":"2025-06-05T17:45:50","slug":"returns","status":"publish","type":"page","link":"https:\/\/gloffy.ee\/fi\/returns\/","title":{"rendered":"Tavaroiden palauttaminen"},"content":{"rendered":"<section class=\"l-section wpb_row height_custom\"><div class=\"l-section-h i-cf\"><div class=\"g-cols vc_row via_grid cols_custom laptops-cols_inherit tablets-cols_inherit mobiles-cols_1 valign_top type_default stacking_default\" style=\"--custom-columns:4fr 0.5fr 1.5fr \"><div class=\"wpb_column vc_column_container\"><div class=\"vc_column-inner\"><h1 class=\"w-text\"><span class=\"w-text-h\"><span class=\"w-text-value\">Tavaroiden palauttaminen<\/span><\/span><\/h1>[vc_empty_space]<div class=\"wpb_text_column\"><div class=\"wpb_wrapper\"><p><span style=\"font-weight: 400;\">Tilauksen vastaanottamisen j\u00e4lkeen ostajalla on oikeus peruuttaa s\u00e4hk\u00f6inen sopimus <strong>14 p\u00e4iv\u00e4n kuluessa. <\/strong> <\/span><\/p>\n<p><span style=\"font-weight: 400;\">Peruuttamisoikeutta ei sovelleta, jos ostaja on oikeushenkil\u00f6. Jotta 14 p\u00e4iv\u00e4n peruuttamisoikeutta voidaan k\u00e4ytt\u00e4\u00e4, tilattuja tavaroita ei saa k\u00e4ytt\u00e4\u00e4 muulla tavoin kuin tavaran luonteen, ominaisuuksien ja toiminnan selvitt\u00e4miseksi, samalla tavoin kuin on sallittua testata tavaroita fyysisess\u00e4 myym\u00e4l\u00e4ss\u00e4.   <\/span><\/p>\n<p><span style=\"font-weight: 400;\">Jos tavaroita on k\u00e4ytetty muuhun kuin tavaran luonteen, ominaisuuksien ja toiminnan selvitt\u00e4miseen tarvittavaan tarkoitukseen tai jos tavaroissa on k\u00e4yt\u00f6n tai kulumisen merkkej\u00e4, <strong>verkkokaupalla on oikeus alentaa palautettavaa maksua tavaran arvon alenemisen mukaisesti.<\/strong><\/span><\/p>\n<p><span style=\"font-weight: 400;\">Palauttaaksesi tavarat sinun on l\u00e4hetett\u00e4v\u00e4 peruutuslomake, jonka l\u00f6yd\u00e4t osoitteesta. <\/span><a href=\"https:\/\/docs.google.com\/document\/d\/1pFZ3X-S1x6B0jKch8SVc-QSdkCK5hTaS\/edit\"><span style=\"font-weight: 400;\"><strong>t\u00e4\u00e4lt\u00e4<\/strong> <\/span><\/a><span style=\"font-weight: 400;\">ja l\u00e4hett\u00e4\u00e4 se seuraavaan s\u00e4hk\u00f6postiosoitteeseen <a href=\"mailto:gloffy@gloffy.ee\"><strong>gloffy@gloffy.ee<\/strong><\/a><\/span><span style=\"font-weight: 400;\"> viimeist\u00e4\u00e4n 14 p\u00e4iv\u00e4n kuluessa tavaroiden vastaanottamisesta.<\/span><\/p>\n<p><span style=\"font-weight: 400;\">Ostaja vastaa tavaroiden palautuskustannuksista, ellei palautuksen syyn\u00e4 ole se, ett\u00e4 palautettava tuote ei vastaa tilattua (esim. v\u00e4\u00e4r\u00e4 tai viallinen tuote). <\/span><span style=\"font-weight: 400;\">Ostajan on palautettava tavarat <strong>14 p\u00e4iv\u00e4n kuluessa<\/strong> hakemuksen j\u00e4tt\u00e4misest\u00e4 tai esitett\u00e4v\u00e4 todiste siit\u00e4, ett\u00e4 h\u00e4n on luovuttanut ne rahdinkuljettajalle edell\u00e4 mainitun ajan kuluessa. <\/span> <\/p>\n<p><span style=\"font-weight: 400;\">Verkkokauppa palauttaa palautetun tavaran saatuaan ostajalle v\u00e4litt\u00f6m\u00e4sti, mutta viimeist\u00e4\u00e4n 14 p\u00e4iv\u00e4n kuluessa peruuttamisen vastaanottamisesta, kaikki ostajalta sopimuksen mukaisesti saadut maksut.<strong>  Verkkokauppa voi kielt\u00e4yty\u00e4 palautuksesta ennen kuin se on vastaanottanut sopimuksen kohteena olevat tavarat tai ennen kuin ostaja on todistanut palauttaneensa tavarat, riippuen siit\u00e4, kumpi ajankohta on aikaisempi.  <\/strong><\/span><\/p>\n<p><span style=\"font-weight: 400;\">Jos ostaja on nimenomaisesti valinnut muun toimitustavan kuin verkkokaupan tarjoaman halvimman toimitustavan, <strong>verkkokauppa ei ole velvollinen korvaamaan kuluttajalle kustannuksia, jotka ylitt\u00e4v\u00e4t tavanomaisen toimitustavan kustannukset.<\/strong> Verkkokaupalla on oikeus peruuttaa kauppa ja vaatia ostajalta tavaran palauttamista, jos tavaran hinta verkkokaupassa on virheest\u00e4 johtuen merkitty huomattavasti alle tavaran markkinahinnan.<\/span><\/p>\n<\/div><\/div><\/div><\/div><div class=\"wpb_column vc_column_container\"><div class=\"vc_column-inner\"><\/div><\/div><div class=\"wpb_column vc_column_container\"><div class=\"vc_column-inner\"><\/div><\/div><\/div><\/div><\/section><section class=\"l-section wpb_row height_custom\"><div class=\"l-section-h i-cf\"><div class=\"g-cols vc_row via_grid cols_1 laptops-cols_inherit tablets-cols_inherit mobiles-cols_1 valign_top type_default stacking_default\"><div class=\"wpb_column vc_column_container\"><div class=\"vc_column-inner\">[vc_empty_space]<\/div><\/div><\/div><\/div><\/section>\n","protected":false},"excerpt":{"rendered":"Tavaroiden palauttaminen[vc_empty_space]Tilauksen vastaanottamisen j\u00e4lkeen ostajalla on oikeus peruuttaa s\u00e4hk\u00f6inen sopimus 14 p\u00e4iv\u00e4n kuluessa. Peruuttamisoikeutta ei sovelleta, jos ostaja on oikeushenkil\u00f6. Jotta 14 p\u00e4iv\u00e4n peruuttamisoikeutta voidaan k\u00e4ytt\u00e4\u00e4, tilattuja tavaroita ei saa k\u00e4ytt\u00e4\u00e4 muulla tavoin kuin tavaran luonteen, ominaisuuksien ja toiminnan selvitt\u00e4miseksi, samalla tavoin kuin on sallittua testata tavaroita fyysisess\u00e4 myym\u00e4l\u00e4ss\u00e4. Jos tavaroita on k\u00e4ytetty muuhun kuin...","protected":false},"author":1,"featured_media":0,"parent":0,"menu_order":0,"comment_status":"closed","ping_status":"closed","template":"","meta":{"footnotes":""},"class_list":["post-4460","page","type-page","status-publish","hentry"],"yoast_head":"<!-- This site is optimized with the Yoast SEO plugin v25.5 - https:\/\/yoast.com\/wordpress\/plugins\/seo\/ -->\n<title>Tavaroiden palauttaminen - Gloffy.ee<\/title>\n<meta name=\"robots\" content=\"index, follow, max-snippet:-1, max-image-preview:large, max-video-preview:-1\" \/>\n<link rel=\"canonical\" href=\"https:\/\/gloffy.ee\/fi\/returns\/\" \/>\n<meta property=\"og:locale\" content=\"fi_FI\" \/>\n<meta property=\"og:type\" content=\"article\" \/>\n<meta property=\"og:title\" content=\"Tavaroiden palauttaminen - Gloffy.ee\" \/>\n<meta property=\"og:url\" content=\"https:\/\/gloffy.ee\/fi\/returns\/\" \/>\n<meta property=\"og:site_name\" content=\"Gloffy.ee\" \/>\n<meta property=\"article:modified_time\" content=\"2025-06-05T17:45:50+00:00\" \/>\n<meta name=\"twitter:card\" content=\"summary_large_image\" \/>\n<meta name=\"twitter:label1\" content=\"Arvioitu lukuaika\" \/>\n\t<meta name=\"twitter:data1\" content=\"2 minuuttia\" \/>\n<script type=\"application\/ld+json\" class=\"yoast-schema-graph\">{\"@context\":\"https:\/\/schema.org\",\"@graph\":[{\"@type\":\"WebPage\",\"@id\":\"https:\/\/gloffy.ee\/fi\/returns\/\",\"url\":\"https:\/\/gloffy.ee\/fi\/returns\/\",\"name\":\"Tavaroiden palauttaminen - Gloffy.ee\",\"isPartOf\":{\"@id\":\"https:\/\/gloffy.ee\/#website\"},\"datePublished\":\"2020-01-20T14:45:09+00:00\",\"dateModified\":\"2025-06-05T17:45:50+00:00\",\"breadcrumb\":{\"@id\":\"https:\/\/gloffy.ee\/fi\/returns\/#breadcrumb\"},\"inLanguage\":\"fi\",\"potentialAction\":[{\"@type\":\"ReadAction\",\"target\":[\"https:\/\/gloffy.ee\/fi\/returns\/\"]}]},{\"@type\":\"BreadcrumbList\",\"@id\":\"https:\/\/gloffy.ee\/fi\/returns\/#breadcrumb\",\"itemListElement\":[{\"@type\":\"ListItem\",\"position\":1,\"name\":\"Home\",\"item\":\"https:\/\/gloffy.ee\/fi\/\"},{\"@type\":\"ListItem\",\"position\":2,\"name\":\"Tavaroiden palauttaminen\"}]},{\"@type\":\"WebSite\",\"@id\":\"https:\/\/gloffy.ee\/#website\",\"url\":\"https:\/\/gloffy.ee\/\",\"name\":\"Gloffy.ee\",\"description\":\"\",\"potentialAction\":[{\"@type\":\"SearchAction\",\"target\":{\"@type\":\"EntryPoint\",\"urlTemplate\":\"https:\/\/gloffy.ee\/?s={search_term_string}\"},\"query-input\":{\"@type\":\"PropertyValueSpecification\",\"valueRequired\":true,\"valueName\":\"search_term_string\"}}],\"inLanguage\":\"fi\"}]}<\/script>\n<!-- \/ Yoast SEO plugin. -->","yoast_head_json":{"title":"Tavaroiden palauttaminen - Gloffy.ee","robots":{"index":"index","follow":"follow","max-snippet":"max-snippet:-1","max-image-preview":"max-image-preview:large","max-video-preview":"max-video-preview:-1"},"canonical":"https:\/\/gloffy.ee\/fi\/returns\/","og_locale":"fi_FI","og_type":"article","og_title":"Tavaroiden palauttaminen - Gloffy.ee","og_url":"https:\/\/gloffy.ee\/fi\/returns\/","og_site_name":"Gloffy.ee","article_modified_time":"2025-06-05T17:45:50+00:00","twitter_card":"summary_large_image","twitter_misc":{"Arvioitu lukuaika":"2 minuuttia"},"schema":{"@context":"https:\/\/schema.org","@graph":[{"@type":"WebPage","@id":"https:\/\/gloffy.ee\/fi\/returns\/","url":"https:\/\/gloffy.ee\/fi\/returns\/","name":"Tavaroiden palauttaminen - Gloffy.ee","isPartOf":{"@id":"https:\/\/gloffy.ee\/#website"},"datePublished":"2020-01-20T14:45:09+00:00","dateModified":"2025-06-05T17:45:50+00:00","breadcrumb":{"@id":"https:\/\/gloffy.ee\/fi\/returns\/#breadcrumb"},"inLanguage":"fi","potentialAction":[{"@type":"ReadAction","target":["https:\/\/gloffy.ee\/fi\/returns\/"]}]},{"@type":"BreadcrumbList","@id":"https:\/\/gloffy.ee\/fi\/returns\/#breadcrumb","itemListElement":[{"@type":"ListItem","position":1,"name":"Home","item":"https:\/\/gloffy.ee\/fi\/"},{"@type":"ListItem","position":2,"name":"Tavaroiden palauttaminen"}]},{"@type":"WebSite","@id":"https:\/\/gloffy.ee\/#website","url":"https:\/\/gloffy.ee\/","name":"Gloffy.ee","description":"","potentialAction":[{"@type":"SearchAction","target":{"@type":"EntryPoint","urlTemplate":"https:\/\/gloffy.ee\/?s={search_term_string}"},"query-input":{"@type":"PropertyValueSpecification","valueRequired":true,"valueName":"search_term_string"}}],"inLanguage":"fi"}]}},"_links":{"self":[{"href":"https:\/\/gloffy.ee\/fi\/wp-json\/wp\/v2\/pages\/4460","targetHints":{"allow":["GET"]}}],"collection":[{"href":"https:\/\/gloffy.ee\/fi\/wp-json\/wp\/v2\/pages"}],"about":[{"href":"https:\/\/gloffy.ee\/fi\/wp-json\/wp\/v2\/types\/page"}],"author":[{"embeddable":true,"href":"https:\/\/gloffy.ee\/fi\/wp-json\/wp\/v2\/users\/1"}],"replies":[{"embeddable":true,"href":"https:\/\/gloffy.ee\/fi\/wp-json\/wp\/v2\/comments?post=4460"}],"version-history":[{"count":5,"href":"https:\/\/gloffy.ee\/fi\/wp-json\/wp\/v2\/pages\/4460\/revisions"}],"predecessor-version":[{"id":9771,"href":"https:\/\/gloffy.ee\/fi\/wp-json\/wp\/v2\/pages\/4460\/revisions\/9771"}],"wp:attachment":[{"href":"https:\/\/gloffy.ee\/fi\/wp-json\/wp\/v2\/media?parent=4460"}],"curies":[{"name":"wp","href":"https:\/\/api.w.org\/{rel}","templated":true}]}}