{"id":4464,"date":"2019-09-04T11:10:20","date_gmt":"2019-09-04T11:10:20","guid":{"rendered":"https:\/\/gloffy.ee\/terms-of-use\/"},"modified":"2025-06-12T22:40:24","modified_gmt":"2025-06-12T22:40:24","slug":"terms-of-use","status":"publish","type":"page","link":"https:\/\/gloffy.ee\/fi\/terms-of-use\/","title":{"rendered":"Ehdot ja edellytykset"},"content":{"rendered":"<section class=\"l-section wpb_row height_custom\"><div class=\"l-section-h i-cf\"><div class=\"g-cols vc_row via_grid cols_1 laptops-cols_inherit tablets-cols_inherit mobiles-cols_1 valign_top type_default stacking_default\"><div class=\"wpb_column vc_column_container\"><div class=\"vc_column-inner\"><h1 class=\"w-text\"><span class=\"w-text-h\"><span class=\"w-text-value\">Ehdot ja edellytykset<\/span><\/span><\/h1>[vc_empty_space]<div class=\"wpb_text_column\"><div class=\"wpb_wrapper\"><p><b>Myyntiehdot<\/b><\/p>\n<p><span style=\"font-weight: 400;\">Verkkokauppa <\/span><a href=\"http:\/\/www.gloffy.ee\/\"><span style=\"font-weight: 400;\">www.gloffy.ee<\/span><\/a><span style=\"font-weight: 400;\">  on Amber light O\u00dc:n (rekister\u00f6intitunnus 14126526) omistaja, joka sijaitsee osoitteessa 4-31 Akadeemia tee, Tallinn, Viro, 12612 Akadeemia tee 4-31. Tietoja tavaroista annetaan suoraan tavaroiden yhteydess\u00e4 verkkokaupassa. <\/span><\/p>\n<p><span style=\"font-weight: 400;\">Yleiset sopimusehdot Sopimuksen osapuolet noudattavat suhteidensa s\u00e4\u00e4ntelyss\u00e4 Euroopan unionin lains\u00e4\u00e4d\u00e4nt\u00f6\u00e4 ja verkkokaupan myyntiehtoja.  <\/span><\/p>\n<p><span style=\"font-weight: 400;\">Myyntiehdot (j\u00e4ljemp\u00e4n\u00e4 my\u00f6s \u201dmyyntisopimus\u201d) tulevat voimaan heti, kun asiakkaan maksu on saapunut verkkokaupan pankkitilille.  <\/span><\/p>\n<p><span style=\"font-weight: 400;\">Asiakas voi tallentaa tietosuojaselosteen ehdot kopioitavaksi. <\/span><a href=\"http:\/\/www.gloffy.ee\/\"><span style=\"font-weight: 400;\">www.gloffy.ee<\/span><\/a><\/p>\n<p><b>Hinnat  <\/b><\/p>\n<p><span style=\"font-weight: 400;\">Verkkokaupassa myyt\u00e4vien tuotteiden hinnat on ilmoitettu tuotteiden yhteydess\u00e4. Hintaan lis\u00e4t\u00e4\u00e4n toimitusmaksu.   <\/span><\/p>\n<p><span style=\"font-weight: 400;\">Kaikki verkkokaupassa myyt\u00e4vien tuotteiden hinnat ovat eurom\u00e4\u00e4r\u00e4isi\u00e4.  <\/span><\/p>\n<p><span style=\"font-weight: 400;\">Hinnat eiv\u00e4t sis\u00e4ll\u00e4 kuljetuskustannuksia.  <\/span><\/p>\n<p><span style=\"font-weight: 400;\">Toimitusmaksu riippuu ostajan sijainnista ja toimitustavasta.  <\/span><\/p>\n<p><span style=\"font-weight: 400;\">Toimitusmaksu ilmoitetaan ostajalle tilauksen yhteydess\u00e4.  <\/span><\/p>\n<p><span style=\"font-weight: 400;\">Myyj\u00e4 pid\u00e4tt\u00e4\u00e4 oikeuden muuttaa verkkokaupassa n\u00e4kyvi\u00e4 hintoja milloin tahansa.<\/span><\/p>\n<p><b>Tilauksen valmistelu  <\/b><\/p>\n<p><span style=\"font-weight: 400;\">Tilausta varten sinun on lis\u00e4tt\u00e4v\u00e4 haluamasi tuotteet ostoskoriin.  <\/span><\/p>\n<p><span style=\"font-weight: 400;\">Tilausta varten sinun on t\u00e4ytett\u00e4v\u00e4 vaaditut kent\u00e4t ja valittava sopiva toimitustapa.  <\/span><\/p>\n<p><span style=\"font-weight: 400;\">T\u00e4m\u00e4n j\u00e4lkeen n\u00e4ytet\u00e4\u00e4n maksun m\u00e4\u00e4r\u00e4, joka voidaan maksaa turvallisesti seuraavilla maksutavoilla.<\/span><\/p>\n<p><span style=\"font-weight: 400;\">Suomalaiset pankkimaksut Latvian pankkimaksut Liettuan pankkimaksut Visa\/Mastercard-korttimaksut Apple Pay ja Google Pay later -ratkaisut Kniks-lahjakortti<\/span><\/p>\n<p><span style=\"font-weight: 400;\">HUOM: Kun maksat pankkisiirrolla, muista klikata \u201dTakaisin kauppiaalle\u201d -painiketta pankkisivulla. Maksut k\u00e4sittelee Maksekeskus AS. Maksaminen tapahtuu verkkokaupan ulkopuolella suojatussa ymp\u00e4rist\u00f6ss\u00e4 &#8211; pankkilinkill\u00e4 maksettaessa kyseisen pankin suojatussa ymp\u00e4rist\u00f6ss\u00e4 ja luottokortilla maksettaessa Maksekeskus AS:n suojatussa ymp\u00e4rist\u00f6ss\u00e4. Myyj\u00e4ll\u00e4 ei ole p\u00e4\u00e4sy\u00e4 asiakkaan pankki- ja luottokorttitietoihin. Sopimus astuu voimaan siit\u00e4 p\u00e4iv\u00e4st\u00e4 alkaen, kun maksettava summa on saapunut Verkkokaupan k\u00e4ytt\u00f6tilille. Verkkokaupan omistaja on henkil\u00f6tietojen rekisterinpit\u00e4j\u00e4 ja siirt\u00e4\u00e4 maksujen suorittamiseksi tarvittavat henkil\u00f6tiedot valtuutetulle k\u00e4sittelij\u00e4lle Maksekeskus AS:lle.      <\/span><\/p>\n<p><span style=\"font-weight: 400;\">Jos tilattuja tavaroita ei voida toimittaa toimitusajan umpeutumisen tai muun syyn vuoksi, ostajalle ilmoitetaan asiasta mahdollisimman pian ja maksetut rahat (toimituskulut mukaan lukien) palautetaan v\u00e4litt\u00f6m\u00e4sti, kuitenkin viimeist\u00e4\u00e4n 14 p\u00e4iv\u00e4n kuluttua ilmoituksesta.<\/span><\/p>\n<p><b>Suoramarkkinointi ja henkil\u00f6tietojen k\u00e4sittely  <\/b><\/p>\n<p><span style=\"font-weight: 400;\">Verkkokauppa k\u00e4ytt\u00e4\u00e4 ostajan antamia henkil\u00f6tietoja ainoastaan tilauksen k\u00e4sittelyyn ja tavaroiden l\u00e4hett\u00e4miseen ostajalle.  <\/span><\/p>\n<p><span style=\"font-weight: 400;\">Verkkokauppa siirt\u00e4\u00e4 henkil\u00f6tietoja kuljetusyrityksille tavaroiden toimittamista varten.  <\/span><\/p>\n<p><span style=\"font-weight: 400;\">Verkkokauppa l\u00e4hett\u00e4\u00e4 uutiskirjeit\u00e4 ja tarjouksia ostajan s\u00e4hk\u00f6postiosoitteeseen vain, jos ostaja on ilmaissut halunsa saada niit\u00e4 sy\u00f6tt\u00e4m\u00e4ll\u00e4 s\u00e4hk\u00f6postiosoitteensa verkkosivustolle ja ilmoittanut haluavansa vastaanottaa suoramainontailmoituksia.<\/span><\/p>\n<p><span style=\"font-weight: 400;\">Voit milloin tahansa kielt\u00e4yty\u00e4 vastaanottamasta tarjouksia ja uutiskirjeit\u00e4 s\u00e4hk\u00f6postitse ilmoittamalla siit\u00e4 meille s\u00e4hk\u00f6postitse tai noudattamalla tarjoukset sis\u00e4lt\u00e4v\u00e4ss\u00e4 s\u00e4hk\u00f6postiviestiss\u00e4 annettuja ohjeita.<\/span><\/p>\n<\/div><\/div><\/div><\/div><\/div><\/div><\/section>\n","protected":false},"excerpt":{"rendered":"Ehdot ja edellytykset[vc_empty_space]Myyntiehdot Verkkokauppa www.gloffy.ee on Amber light O\u00dc:n (rekister\u00f6intitunnus 14126526) omistaja, joka sijaitsee osoitteessa 4-31 Akadeemia tee, Tallinn, Viro, 12612 Akadeemia tee 4-31. Tietoja tavaroista annetaan suoraan tavaroiden yhteydess\u00e4 verkkokaupassa. Yleiset sopimusehdot Sopimuksen osapuolet noudattavat suhteidensa s\u00e4\u00e4ntelyss\u00e4 Euroopan unionin lains\u00e4\u00e4d\u00e4nt\u00f6\u00e4 ja verkkokaupan myyntiehtoja. Myyntiehdot (j\u00e4ljemp\u00e4n\u00e4 my\u00f6s \u201dmyyntisopimus\u201d) tulevat voimaan heti, kun asiakkaan maksu on...","protected":false},"author":1,"featured_media":0,"parent":0,"menu_order":0,"comment_status":"closed","ping_status":"closed","template":"","meta":{"footnotes":""},"class_list":["post-4464","page","type-page","status-publish","hentry"],"yoast_head":"<!-- This site is optimized with the Yoast SEO plugin v25.5 - https:\/\/yoast.com\/wordpress\/plugins\/seo\/ -->\n<title>Ehdot ja edellytykset - Gloffy.ee<\/title>\n<meta name=\"robots\" content=\"index, follow, max-snippet:-1, max-image-preview:large, max-video-preview:-1\" \/>\n<link rel=\"canonical\" href=\"https:\/\/gloffy.ee\/fi\/terms-of-use\/\" \/>\n<meta property=\"og:locale\" content=\"fi_FI\" \/>\n<meta property=\"og:type\" content=\"article\" \/>\n<meta property=\"og:title\" content=\"Ehdot ja edellytykset - Gloffy.ee\" \/>\n<meta property=\"og:url\" content=\"https:\/\/gloffy.ee\/fi\/terms-of-use\/\" \/>\n<meta property=\"og:site_name\" content=\"Gloffy.ee\" \/>\n<meta property=\"article:modified_time\" content=\"2025-06-12T22:40:24+00:00\" \/>\n<meta name=\"twitter:card\" content=\"summary_large_image\" \/>\n<meta name=\"twitter:label1\" content=\"Arvioitu lukuaika\" \/>\n\t<meta name=\"twitter:data1\" content=\"2 minuuttia\" \/>\n<script type=\"application\/ld+json\" class=\"yoast-schema-graph\">{\"@context\":\"https:\/\/schema.org\",\"@graph\":[{\"@type\":\"WebPage\",\"@id\":\"https:\/\/gloffy.ee\/fi\/terms-of-use\/\",\"url\":\"https:\/\/gloffy.ee\/fi\/terms-of-use\/\",\"name\":\"Ehdot ja edellytykset - Gloffy.ee\",\"isPartOf\":{\"@id\":\"https:\/\/gloffy.ee\/#website\"},\"datePublished\":\"2019-09-04T11:10:20+00:00\",\"dateModified\":\"2025-06-12T22:40:24+00:00\",\"breadcrumb\":{\"@id\":\"https:\/\/gloffy.ee\/fi\/terms-of-use\/#breadcrumb\"},\"inLanguage\":\"fi\",\"potentialAction\":[{\"@type\":\"ReadAction\",\"target\":[\"https:\/\/gloffy.ee\/fi\/terms-of-use\/\"]}]},{\"@type\":\"BreadcrumbList\",\"@id\":\"https:\/\/gloffy.ee\/fi\/terms-of-use\/#breadcrumb\",\"itemListElement\":[{\"@type\":\"ListItem\",\"position\":1,\"name\":\"Home\",\"item\":\"https:\/\/gloffy.ee\/fi\/\"},{\"@type\":\"ListItem\",\"position\":2,\"name\":\"Ehdot ja edellytykset\"}]},{\"@type\":\"WebSite\",\"@id\":\"https:\/\/gloffy.ee\/#website\",\"url\":\"https:\/\/gloffy.ee\/\",\"name\":\"Gloffy.ee\",\"description\":\"\",\"potentialAction\":[{\"@type\":\"SearchAction\",\"target\":{\"@type\":\"EntryPoint\",\"urlTemplate\":\"https:\/\/gloffy.ee\/?s={search_term_string}\"},\"query-input\":{\"@type\":\"PropertyValueSpecification\",\"valueRequired\":true,\"valueName\":\"search_term_string\"}}],\"inLanguage\":\"fi\"}]}<\/script>\n<!-- \/ Yoast SEO plugin. -->","yoast_head_json":{"title":"Ehdot ja edellytykset - Gloffy.ee","robots":{"index":"index","follow":"follow","max-snippet":"max-snippet:-1","max-image-preview":"max-image-preview:large","max-video-preview":"max-video-preview:-1"},"canonical":"https:\/\/gloffy.ee\/fi\/terms-of-use\/","og_locale":"fi_FI","og_type":"article","og_title":"Ehdot ja edellytykset - Gloffy.ee","og_url":"https:\/\/gloffy.ee\/fi\/terms-of-use\/","og_site_name":"Gloffy.ee","article_modified_time":"2025-06-12T22:40:24+00:00","twitter_card":"summary_large_image","twitter_misc":{"Arvioitu lukuaika":"2 minuuttia"},"schema":{"@context":"https:\/\/schema.org","@graph":[{"@type":"WebPage","@id":"https:\/\/gloffy.ee\/fi\/terms-of-use\/","url":"https:\/\/gloffy.ee\/fi\/terms-of-use\/","name":"Ehdot ja edellytykset - Gloffy.ee","isPartOf":{"@id":"https:\/\/gloffy.ee\/#website"},"datePublished":"2019-09-04T11:10:20+00:00","dateModified":"2025-06-12T22:40:24+00:00","breadcrumb":{"@id":"https:\/\/gloffy.ee\/fi\/terms-of-use\/#breadcrumb"},"inLanguage":"fi","potentialAction":[{"@type":"ReadAction","target":["https:\/\/gloffy.ee\/fi\/terms-of-use\/"]}]},{"@type":"BreadcrumbList","@id":"https:\/\/gloffy.ee\/fi\/terms-of-use\/#breadcrumb","itemListElement":[{"@type":"ListItem","position":1,"name":"Home","item":"https:\/\/gloffy.ee\/fi\/"},{"@type":"ListItem","position":2,"name":"Ehdot ja edellytykset"}]},{"@type":"WebSite","@id":"https:\/\/gloffy.ee\/#website","url":"https:\/\/gloffy.ee\/","name":"Gloffy.ee","description":"","potentialAction":[{"@type":"SearchAction","target":{"@type":"EntryPoint","urlTemplate":"https:\/\/gloffy.ee\/?s={search_term_string}"},"query-input":{"@type":"PropertyValueSpecification","valueRequired":true,"valueName":"search_term_string"}}],"inLanguage":"fi"}]}},"_links":{"self":[{"href":"https:\/\/gloffy.ee\/fi\/wp-json\/wp\/v2\/pages\/4464","targetHints":{"allow":["GET"]}}],"collection":[{"href":"https:\/\/gloffy.ee\/fi\/wp-json\/wp\/v2\/pages"}],"about":[{"href":"https:\/\/gloffy.ee\/fi\/wp-json\/wp\/v2\/types\/page"}],"author":[{"embeddable":true,"href":"https:\/\/gloffy.ee\/fi\/wp-json\/wp\/v2\/users\/1"}],"replies":[{"embeddable":true,"href":"https:\/\/gloffy.ee\/fi\/wp-json\/wp\/v2\/comments?post=4464"}],"version-history":[{"count":5,"href":"https:\/\/gloffy.ee\/fi\/wp-json\/wp\/v2\/pages\/4464\/revisions"}],"predecessor-version":[{"id":14409,"href":"https:\/\/gloffy.ee\/fi\/wp-json\/wp\/v2\/pages\/4464\/revisions\/14409"}],"wp:attachment":[{"href":"https:\/\/gloffy.ee\/fi\/wp-json\/wp\/v2\/media?parent=4464"}],"curies":[{"name":"wp","href":"https:\/\/api.w.org\/{rel}","templated":true}]}}