{"id":10274,"date":"2025-02-25T10:00:59","date_gmt":"2025-02-25T10:00:59","guid":{"rendered":"https:\/\/gloffy.ee\/product\/kashmirista-neulotut-kasineet\/"},"modified":"2025-06-13T12:43:38","modified_gmt":"2025-06-13T12:43:38","slug":"kashmirista-neulotut-kasineet","status":"publish","type":"product","link":"https:\/\/gloffy.ee\/fi\/tuote\/kashmirista-neulotut-kasineet\/","title":{"rendered":"Kashmirista neulotut k\u00e4sineet"},"content":{"rendered":"<p>Mukavat ja tyylikk\u00e4\u00e4t k\u00e4sineet syksyyn ja kev\u00e4\u00e4seen.<\/p>\n<p>Made in Lithuania.<\/p>\n<p><a href=\"https:\/\/gloffy.ee\/fi\/tuotteen-yllapito\/?fbclid=IwY2xjawI7qqxleHRuA2FlbQIxMAABHVxqMKSbUtvrRiQrP8cxL2rdw5XKcKdjlpT_s7CsXPIQmPw2CSl_ndH60w_aem_raL6PKwsHQRZK0ubnLzl-A\"><em><strong>Tuotteen hoito<\/strong><\/em><\/a><\/p>\n","protected":false},"excerpt":{"rendered":"<p>Mukavat ja tyylikk\u00e4\u00e4t k\u00e4sineet syksyyn ja kev\u00e4\u00e4seen. Made in Lithuania. Tuotteen hoito<\/p>\n","protected":false},"featured_media":6104,"comment_status":"open","ping_status":"closed","template":"","meta":[],"product_brand":[],"product_cat":[530,452,689],"product_tag":[],"class_list":{"0":"post-10274","1":"product","2":"type-product","3":"status-publish","4":"has-post-thumbnail","6":"product_cat-kasineet","7":"product_cat-naiset","8":"product_cat-tekstiilikasineet","9":"pa_brand-allure-fi","10":"pa_suurus-8-fi","11":"pa_suurus-8-5-fi","12":"pa_varv-musta","14":"first","15":"instock","16":"taxable","17":"shipping-taxable","18":"purchasable","19":"product-type-variable"},"yoast_head":"<!-- This site is optimized with the Yoast SEO plugin v25.5 - https:\/\/yoast.com\/wordpress\/plugins\/seo\/ -->\n<title>Kashmirista neulotut k\u00e4sineet - Gloffy.ee<\/title>\n<meta name=\"robots\" content=\"index, follow, max-snippet:-1, max-image-preview:large, max-video-preview:-1\" \/>\n<link rel=\"canonical\" href=\"https:\/\/gloffy.ee\/fi\/tuote\/kashmirista-neulotut-kasineet\/\" \/>\n<meta property=\"og:locale\" content=\"fi_FI\" \/>\n<meta property=\"og:type\" content=\"article\" \/>\n<meta property=\"og:title\" content=\"Kashmirista neulotut k\u00e4sineet - Gloffy.ee\" \/>\n<meta property=\"og:description\" content=\"Mukavat ja tyylikk\u00e4\u00e4t k\u00e4sineet syksyyn ja kev\u00e4\u00e4seen. Made in Lithuania. Tuotteen hoito\" \/>\n<meta property=\"og:url\" content=\"https:\/\/gloffy.ee\/fi\/tuote\/kashmirista-neulotut-kasineet\/\" \/>\n<meta property=\"og:site_name\" content=\"Gloffy.ee\" \/>\n<meta property=\"article:modified_time\" content=\"2025-06-13T12:43:38+00:00\" \/>\n<meta property=\"og:image\" content=\"https:\/\/gloffy.ee\/app\/uploads\/2025\/02\/kasmir-must-resized-scaled.jpg\" \/>\n\t<meta property=\"og:image:width\" content=\"1842\" \/>\n\t<meta property=\"og:image:height\" content=\"2560\" \/>\n\t<meta property=\"og:image:type\" content=\"image\/jpeg\" \/>\n<meta name=\"twitter:card\" content=\"summary_large_image\" \/>\n<script type=\"application\/ld+json\" class=\"yoast-schema-graph\">{\"@context\":\"https:\/\/schema.org\",\"@graph\":[{\"@type\":[\"WebPage\",\"ItemPage\"],\"@id\":\"https:\/\/gloffy.ee\/fi\/tuote\/kashmirista-neulotut-kasineet\/\",\"url\":\"https:\/\/gloffy.ee\/fi\/tuote\/kashmirista-neulotut-kasineet\/\",\"name\":\"Kashmirista neulotut k\u00e4sineet - Gloffy.ee\",\"isPartOf\":{\"@id\":\"https:\/\/gloffy.ee\/#website\"},\"primaryImageOfPage\":{\"@id\":\"https:\/\/gloffy.ee\/fi\/tuote\/kashmirista-neulotut-kasineet\/#primaryimage\"},\"image\":{\"@id\":\"https:\/\/gloffy.ee\/fi\/tuote\/kashmirista-neulotut-kasineet\/#primaryimage\"},\"thumbnailUrl\":\"https:\/\/gloffy.ee\/app\/uploads\/2025\/02\/kasmir-must-resized-scaled.jpg\",\"datePublished\":\"2025-02-25T10:00:59+00:00\",\"dateModified\":\"2025-06-13T12:43:38+00:00\",\"breadcrumb\":{\"@id\":\"https:\/\/gloffy.ee\/fi\/tuote\/kashmirista-neulotut-kasineet\/#breadcrumb\"},\"inLanguage\":\"fi\",\"potentialAction\":[{\"@type\":\"ReadAction\",\"target\":[\"https:\/\/gloffy.ee\/fi\/tuote\/kashmirista-neulotut-kasineet\/\"]}]},{\"@type\":\"ImageObject\",\"inLanguage\":\"fi\",\"@id\":\"https:\/\/gloffy.ee\/fi\/tuote\/kashmirista-neulotut-kasineet\/#primaryimage\",\"url\":\"https:\/\/gloffy.ee\/app\/uploads\/2025\/02\/kasmir-must-resized-scaled.jpg\",\"contentUrl\":\"https:\/\/gloffy.ee\/app\/uploads\/2025\/02\/kasmir-must-resized-scaled.jpg\",\"width\":1842,\"height\":2560},{\"@type\":\"BreadcrumbList\",\"@id\":\"https:\/\/gloffy.ee\/fi\/tuote\/kashmirista-neulotut-kasineet\/#breadcrumb\",\"itemListElement\":[{\"@type\":\"ListItem\",\"position\":1,\"name\":\"Home\",\"item\":\"https:\/\/gloffy.ee\/fi\/\"},{\"@type\":\"ListItem\",\"position\":2,\"name\":\"Kauppa\",\"item\":\"https:\/\/gloffy.ee\/fi\/shop-2\/\"},{\"@type\":\"ListItem\",\"position\":3,\"name\":\"Kashmirista neulotut k\u00e4sineet\"}]},{\"@type\":\"WebSite\",\"@id\":\"https:\/\/gloffy.ee\/#website\",\"url\":\"https:\/\/gloffy.ee\/\",\"name\":\"Gloffy.ee\",\"description\":\"\",\"potentialAction\":[{\"@type\":\"SearchAction\",\"target\":{\"@type\":\"EntryPoint\",\"urlTemplate\":\"https:\/\/gloffy.ee\/?s={search_term_string}\"},\"query-input\":{\"@type\":\"PropertyValueSpecification\",\"valueRequired\":true,\"valueName\":\"search_term_string\"}}],\"inLanguage\":\"fi\"}]}<\/script>\n<!-- \/ Yoast SEO plugin. -->","yoast_head_json":{"title":"Kashmirista neulotut k\u00e4sineet - Gloffy.ee","robots":{"index":"index","follow":"follow","max-snippet":"max-snippet:-1","max-image-preview":"max-image-preview:large","max-video-preview":"max-video-preview:-1"},"canonical":"https:\/\/gloffy.ee\/fi\/tuote\/kashmirista-neulotut-kasineet\/","og_locale":"fi_FI","og_type":"article","og_title":"Kashmirista neulotut k\u00e4sineet - Gloffy.ee","og_description":"Mukavat ja tyylikk\u00e4\u00e4t k\u00e4sineet syksyyn ja kev\u00e4\u00e4seen. Made in Lithuania. Tuotteen hoito","og_url":"https:\/\/gloffy.ee\/fi\/tuote\/kashmirista-neulotut-kasineet\/","og_site_name":"Gloffy.ee","article_modified_time":"2025-06-13T12:43:38+00:00","og_image":[{"width":1842,"height":2560,"url":"https:\/\/gloffy.ee\/app\/uploads\/2025\/02\/kasmir-must-resized-scaled.jpg","type":"image\/jpeg"}],"twitter_card":"summary_large_image","schema":{"@context":"https:\/\/schema.org","@graph":[{"@type":["WebPage","ItemPage"],"@id":"https:\/\/gloffy.ee\/fi\/tuote\/kashmirista-neulotut-kasineet\/","url":"https:\/\/gloffy.ee\/fi\/tuote\/kashmirista-neulotut-kasineet\/","name":"Kashmirista neulotut k\u00e4sineet - Gloffy.ee","isPartOf":{"@id":"https:\/\/gloffy.ee\/#website"},"primaryImageOfPage":{"@id":"https:\/\/gloffy.ee\/fi\/tuote\/kashmirista-neulotut-kasineet\/#primaryimage"},"image":{"@id":"https:\/\/gloffy.ee\/fi\/tuote\/kashmirista-neulotut-kasineet\/#primaryimage"},"thumbnailUrl":"https:\/\/gloffy.ee\/app\/uploads\/2025\/02\/kasmir-must-resized-scaled.jpg","datePublished":"2025-02-25T10:00:59+00:00","dateModified":"2025-06-13T12:43:38+00:00","breadcrumb":{"@id":"https:\/\/gloffy.ee\/fi\/tuote\/kashmirista-neulotut-kasineet\/#breadcrumb"},"inLanguage":"fi","potentialAction":[{"@type":"ReadAction","target":["https:\/\/gloffy.ee\/fi\/tuote\/kashmirista-neulotut-kasineet\/"]}]},{"@type":"ImageObject","inLanguage":"fi","@id":"https:\/\/gloffy.ee\/fi\/tuote\/kashmirista-neulotut-kasineet\/#primaryimage","url":"https:\/\/gloffy.ee\/app\/uploads\/2025\/02\/kasmir-must-resized-scaled.jpg","contentUrl":"https:\/\/gloffy.ee\/app\/uploads\/2025\/02\/kasmir-must-resized-scaled.jpg","width":1842,"height":2560},{"@type":"BreadcrumbList","@id":"https:\/\/gloffy.ee\/fi\/tuote\/kashmirista-neulotut-kasineet\/#breadcrumb","itemListElement":[{"@type":"ListItem","position":1,"name":"Home","item":"https:\/\/gloffy.ee\/fi\/"},{"@type":"ListItem","position":2,"name":"Kauppa","item":"https:\/\/gloffy.ee\/fi\/shop-2\/"},{"@type":"ListItem","position":3,"name":"Kashmirista neulotut k\u00e4sineet"}]},{"@type":"WebSite","@id":"https:\/\/gloffy.ee\/#website","url":"https:\/\/gloffy.ee\/","name":"Gloffy.ee","description":"","potentialAction":[{"@type":"SearchAction","target":{"@type":"EntryPoint","urlTemplate":"https:\/\/gloffy.ee\/?s={search_term_string}"},"query-input":{"@type":"PropertyValueSpecification","valueRequired":true,"valueName":"search_term_string"}}],"inLanguage":"fi"}]}},"_links":{"self":[{"href":"https:\/\/gloffy.ee\/fi\/wp-json\/wp\/v2\/product\/10274","targetHints":{"allow":["GET"]}}],"collection":[{"href":"https:\/\/gloffy.ee\/fi\/wp-json\/wp\/v2\/product"}],"about":[{"href":"https:\/\/gloffy.ee\/fi\/wp-json\/wp\/v2\/types\/product"}],"replies":[{"embeddable":true,"href":"https:\/\/gloffy.ee\/fi\/wp-json\/wp\/v2\/comments?post=10274"}],"wp:featuredmedia":[{"embeddable":true,"href":"https:\/\/gloffy.ee\/fi\/wp-json\/wp\/v2\/media\/6104"}],"wp:attachment":[{"href":"https:\/\/gloffy.ee\/fi\/wp-json\/wp\/v2\/media?parent=10274"}],"wp:term":[{"taxonomy":"product_brand","embeddable":true,"href":"https:\/\/gloffy.ee\/fi\/wp-json\/wp\/v2\/product_brand?post=10274"},{"taxonomy":"product_cat","embeddable":true,"href":"https:\/\/gloffy.ee\/fi\/wp-json\/wp\/v2\/product_cat?post=10274"},{"taxonomy":"product_tag","embeddable":true,"href":"https:\/\/gloffy.ee\/fi\/wp-json\/wp\/v2\/product_tag?post=10274"}],"curies":[{"name":"wp","href":"https:\/\/api.w.org\/{rel}","templated":true}]}}