{"id":10575,"date":"2025-03-18T12:08:45","date_gmt":"2025-03-18T12:08:45","guid":{"rendered":"https:\/\/gloffy.ee\/product\/tupsuhattu-koristeella\/"},"modified":"2025-03-18T12:08:45","modified_gmt":"2025-03-18T12:08:45","slug":"tupsuhattu-koristeella","status":"publish","type":"product","link":"https:\/\/gloffy.ee\/fi\/tuote\/tupsuhattu-koristeella\/","title":{"rendered":"Tupsuhattu koristeella"},"content":{"rendered":"<p>Tupsullinen hattu, t\u00e4ydellinen talvikaudelle ja niille, jotka rakastavat muotia ja tyyli\u00e4.<\/p>\n<p>Materiaalit: 100 % akryyli. Vuori 100% polyesteri\u00e4 <\/p>\n<p>Valmistettu Puolassa<\/p>\n<p><a href=\"https:\/\/gloffy.ee\/fi\/tuotteen-yllapito\/?fbclid=IwY2xjawI7qqxleHRuA2FlbQIxMAABHVxqMKSbUtvrRiQrP8cxL2rdw5XKcKdjlpT_s7CsXPIQmPw2CSl_ndH60w_aem_raL6PKwsHQRZK0ubnLzl-A\"><em><strong>Tuotteen yll\u00e4pito<\/strong><\/em><\/a><\/p>\n","protected":false},"excerpt":{"rendered":"<p>Tupsullinen hattu, t\u00e4ydellinen talvikaudelle ja niille, jotka rakastavat muotia ja tyyli\u00e4. Materiaalit: 100 % akryyli. Vuori 100% polyesteri\u00e4 Valmistettu Puolassa Tuotteen yll\u00e4pito<\/p>\n","protected":false},"featured_media":4683,"comment_status":"open","ping_status":"closed","template":"","meta":[],"product_brand":[],"product_cat":[501,452,456],"product_tag":[],"class_list":{"0":"post-10575","1":"product","2":"type-product","3":"status-publish","4":"has-post-thumbnail","6":"product_cat-korkit","7":"product_cat-naiset","8":"product_cat-suosittuja-tuotteita-et","9":"pa_brand-veilo","10":"pa_suurus-yksi-koko","11":"pa_varv-beez-fi","12":"pa_varv-hall-fi","13":"pa_varv-vaaleanpunainen-fi","15":"first","16":"instock","17":"taxable","18":"shipping-taxable","19":"purchasable","20":"product-type-variable"},"yoast_head":"<!-- This site is optimized with the Yoast SEO plugin v25.5 - https:\/\/yoast.com\/wordpress\/plugins\/seo\/ -->\n<title>Tupsuhattu koristeella - Gloffy.ee<\/title>\n<meta name=\"robots\" content=\"index, follow, max-snippet:-1, max-image-preview:large, max-video-preview:-1\" \/>\n<link rel=\"canonical\" href=\"https:\/\/gloffy.ee\/fi\/tuote\/tupsuhattu-koristeella\/\" \/>\n<meta property=\"og:locale\" content=\"fi_FI\" \/>\n<meta property=\"og:type\" content=\"article\" \/>\n<meta property=\"og:title\" content=\"Tupsuhattu koristeella - Gloffy.ee\" \/>\n<meta property=\"og:description\" content=\"Tupsullinen hattu, t\u00e4ydellinen talvikaudelle ja niille, jotka rakastavat muotia ja tyyli\u00e4. Materiaalit: 100 % akryyli. Vuori 100% polyesteri\u00e4 Valmistettu Puolassa Tuotteen yll\u00e4pito\" \/>\n<meta property=\"og:url\" content=\"https:\/\/gloffy.ee\/fi\/tuote\/tupsuhattu-koristeella\/\" \/>\n<meta property=\"og:site_name\" content=\"Gloffy.ee\" \/>\n<meta property=\"og:image\" content=\"https:\/\/gloffy.ee\/app\/uploads\/2025\/02\/DSC01331-copy-resized-scaled.jpg\" \/>\n\t<meta property=\"og:image:width\" content=\"1707\" \/>\n\t<meta property=\"og:image:height\" content=\"2560\" \/>\n\t<meta property=\"og:image:type\" content=\"image\/jpeg\" \/>\n<meta name=\"twitter:card\" content=\"summary_large_image\" \/>\n<script type=\"application\/ld+json\" class=\"yoast-schema-graph\">{\"@context\":\"https:\/\/schema.org\",\"@graph\":[{\"@type\":[\"WebPage\",\"ItemPage\"],\"@id\":\"https:\/\/gloffy.ee\/fi\/tuote\/tupsuhattu-koristeella\/\",\"url\":\"https:\/\/gloffy.ee\/fi\/tuote\/tupsuhattu-koristeella\/\",\"name\":\"Tupsuhattu koristeella - Gloffy.ee\",\"isPartOf\":{\"@id\":\"https:\/\/gloffy.ee\/#website\"},\"primaryImageOfPage\":{\"@id\":\"https:\/\/gloffy.ee\/fi\/tuote\/tupsuhattu-koristeella\/#primaryimage\"},\"image\":{\"@id\":\"https:\/\/gloffy.ee\/fi\/tuote\/tupsuhattu-koristeella\/#primaryimage\"},\"thumbnailUrl\":\"https:\/\/gloffy.ee\/app\/uploads\/2025\/02\/DSC01331-copy-resized-scaled.jpg\",\"datePublished\":\"2025-03-18T12:08:45+00:00\",\"breadcrumb\":{\"@id\":\"https:\/\/gloffy.ee\/fi\/tuote\/tupsuhattu-koristeella\/#breadcrumb\"},\"inLanguage\":\"fi\",\"potentialAction\":[{\"@type\":\"ReadAction\",\"target\":[\"https:\/\/gloffy.ee\/fi\/tuote\/tupsuhattu-koristeella\/\"]}]},{\"@type\":\"ImageObject\",\"inLanguage\":\"fi\",\"@id\":\"https:\/\/gloffy.ee\/fi\/tuote\/tupsuhattu-koristeella\/#primaryimage\",\"url\":\"https:\/\/gloffy.ee\/app\/uploads\/2025\/02\/DSC01331-copy-resized-scaled.jpg\",\"contentUrl\":\"https:\/\/gloffy.ee\/app\/uploads\/2025\/02\/DSC01331-copy-resized-scaled.jpg\",\"width\":1707,\"height\":2560},{\"@type\":\"BreadcrumbList\",\"@id\":\"https:\/\/gloffy.ee\/fi\/tuote\/tupsuhattu-koristeella\/#breadcrumb\",\"itemListElement\":[{\"@type\":\"ListItem\",\"position\":1,\"name\":\"Home\",\"item\":\"https:\/\/gloffy.ee\/fi\/\"},{\"@type\":\"ListItem\",\"position\":2,\"name\":\"Kauppa\",\"item\":\"https:\/\/gloffy.ee\/fi\/shop-2\/\"},{\"@type\":\"ListItem\",\"position\":3,\"name\":\"Tupsuhattu koristeella\"}]},{\"@type\":\"WebSite\",\"@id\":\"https:\/\/gloffy.ee\/#website\",\"url\":\"https:\/\/gloffy.ee\/\",\"name\":\"Gloffy.ee\",\"description\":\"\",\"potentialAction\":[{\"@type\":\"SearchAction\",\"target\":{\"@type\":\"EntryPoint\",\"urlTemplate\":\"https:\/\/gloffy.ee\/?s={search_term_string}\"},\"query-input\":{\"@type\":\"PropertyValueSpecification\",\"valueRequired\":true,\"valueName\":\"search_term_string\"}}],\"inLanguage\":\"fi\"}]}<\/script>\n<!-- \/ Yoast SEO plugin. -->","yoast_head_json":{"title":"Tupsuhattu koristeella - Gloffy.ee","robots":{"index":"index","follow":"follow","max-snippet":"max-snippet:-1","max-image-preview":"max-image-preview:large","max-video-preview":"max-video-preview:-1"},"canonical":"https:\/\/gloffy.ee\/fi\/tuote\/tupsuhattu-koristeella\/","og_locale":"fi_FI","og_type":"article","og_title":"Tupsuhattu koristeella - Gloffy.ee","og_description":"Tupsullinen hattu, t\u00e4ydellinen talvikaudelle ja niille, jotka rakastavat muotia ja tyyli\u00e4. Materiaalit: 100 % akryyli. Vuori 100% polyesteri\u00e4 Valmistettu Puolassa Tuotteen yll\u00e4pito","og_url":"https:\/\/gloffy.ee\/fi\/tuote\/tupsuhattu-koristeella\/","og_site_name":"Gloffy.ee","og_image":[{"width":1707,"height":2560,"url":"https:\/\/gloffy.ee\/app\/uploads\/2025\/02\/DSC01331-copy-resized-scaled.jpg","type":"image\/jpeg"}],"twitter_card":"summary_large_image","schema":{"@context":"https:\/\/schema.org","@graph":[{"@type":["WebPage","ItemPage"],"@id":"https:\/\/gloffy.ee\/fi\/tuote\/tupsuhattu-koristeella\/","url":"https:\/\/gloffy.ee\/fi\/tuote\/tupsuhattu-koristeella\/","name":"Tupsuhattu koristeella - Gloffy.ee","isPartOf":{"@id":"https:\/\/gloffy.ee\/#website"},"primaryImageOfPage":{"@id":"https:\/\/gloffy.ee\/fi\/tuote\/tupsuhattu-koristeella\/#primaryimage"},"image":{"@id":"https:\/\/gloffy.ee\/fi\/tuote\/tupsuhattu-koristeella\/#primaryimage"},"thumbnailUrl":"https:\/\/gloffy.ee\/app\/uploads\/2025\/02\/DSC01331-copy-resized-scaled.jpg","datePublished":"2025-03-18T12:08:45+00:00","breadcrumb":{"@id":"https:\/\/gloffy.ee\/fi\/tuote\/tupsuhattu-koristeella\/#breadcrumb"},"inLanguage":"fi","potentialAction":[{"@type":"ReadAction","target":["https:\/\/gloffy.ee\/fi\/tuote\/tupsuhattu-koristeella\/"]}]},{"@type":"ImageObject","inLanguage":"fi","@id":"https:\/\/gloffy.ee\/fi\/tuote\/tupsuhattu-koristeella\/#primaryimage","url":"https:\/\/gloffy.ee\/app\/uploads\/2025\/02\/DSC01331-copy-resized-scaled.jpg","contentUrl":"https:\/\/gloffy.ee\/app\/uploads\/2025\/02\/DSC01331-copy-resized-scaled.jpg","width":1707,"height":2560},{"@type":"BreadcrumbList","@id":"https:\/\/gloffy.ee\/fi\/tuote\/tupsuhattu-koristeella\/#breadcrumb","itemListElement":[{"@type":"ListItem","position":1,"name":"Home","item":"https:\/\/gloffy.ee\/fi\/"},{"@type":"ListItem","position":2,"name":"Kauppa","item":"https:\/\/gloffy.ee\/fi\/shop-2\/"},{"@type":"ListItem","position":3,"name":"Tupsuhattu koristeella"}]},{"@type":"WebSite","@id":"https:\/\/gloffy.ee\/#website","url":"https:\/\/gloffy.ee\/","name":"Gloffy.ee","description":"","potentialAction":[{"@type":"SearchAction","target":{"@type":"EntryPoint","urlTemplate":"https:\/\/gloffy.ee\/?s={search_term_string}"},"query-input":{"@type":"PropertyValueSpecification","valueRequired":true,"valueName":"search_term_string"}}],"inLanguage":"fi"}]}},"_links":{"self":[{"href":"https:\/\/gloffy.ee\/fi\/wp-json\/wp\/v2\/product\/10575","targetHints":{"allow":["GET"]}}],"collection":[{"href":"https:\/\/gloffy.ee\/fi\/wp-json\/wp\/v2\/product"}],"about":[{"href":"https:\/\/gloffy.ee\/fi\/wp-json\/wp\/v2\/types\/product"}],"replies":[{"embeddable":true,"href":"https:\/\/gloffy.ee\/fi\/wp-json\/wp\/v2\/comments?post=10575"}],"wp:featuredmedia":[{"embeddable":true,"href":"https:\/\/gloffy.ee\/fi\/wp-json\/wp\/v2\/media\/4683"}],"wp:attachment":[{"href":"https:\/\/gloffy.ee\/fi\/wp-json\/wp\/v2\/media?parent=10575"}],"wp:term":[{"taxonomy":"product_brand","embeddable":true,"href":"https:\/\/gloffy.ee\/fi\/wp-json\/wp\/v2\/product_brand?post=10575"},{"taxonomy":"product_cat","embeddable":true,"href":"https:\/\/gloffy.ee\/fi\/wp-json\/wp\/v2\/product_cat?post=10575"},{"taxonomy":"product_tag","embeddable":true,"href":"https:\/\/gloffy.ee\/fi\/wp-json\/wp\/v2\/product_tag?post=10575"}],"curies":[{"name":"wp","href":"https:\/\/api.w.org\/{rel}","templated":true}]}}