{"id":14425,"date":"2025-06-12T13:47:45","date_gmt":"2025-06-12T13:47:45","guid":{"rendered":"https:\/\/gloffy.ee\/product\/pellavainen-huivi\/"},"modified":"2025-06-12T13:47:45","modified_gmt":"2025-06-12T13:47:45","slug":"pellavainen-huivi","status":"publish","type":"product","link":"https:\/\/gloffy.ee\/fi\/tuote\/pellavainen-huivi\/","title":{"rendered":"Pellavainen huivi"},"content":{"rendered":"<p>Naisten huivi on tyylik\u00e4s koriste mihin tahansa lookkiin. Hienoa luonnonpellavakangasta. Se on hyvin ohutta ja pehme\u00e4\u00e4, mutta ei kulu nopeasti ja s\u00e4ilytt\u00e4\u00e4 alkuper\u00e4isen v\u00e4rins\u00e4 vuosia. Kankaan kuidut kietoutuvat harvoin toisiinsa, mik\u00e4 tekee kankaasta painottoman ja l\u00e4pin\u00e4kyv\u00e4n.   <\/p>\n<p>Sis\u00e4osa: 100% pellavaa<\/p>\n<p><a href=\"https:\/\/gloffy.ee\/fi\/tuotteen-yllapito\/?fbclid=IwY2xjawI7qqxleHRuA2FlbQIxMAABHVxqMKSbUtvrRiQrP8cxL2rdw5XKcKdjlpT_s7CsXPIQmPw2CSl_ndH60w_aem_raL6PKwsHQRZK0ubnLzl-A\"><em><strong>Tuotteen yll\u00e4pito<\/strong><\/em><\/a><\/p>\n","protected":false},"excerpt":{"rendered":"<p>Naisten huivi on tyylik\u00e4s koriste mihin tahansa lookkiin. Hienoa luonnonpellavakangasta. Se on hyvin ohutta ja pehme\u00e4\u00e4, mutta ei kulu nopeasti ja s\u00e4ilytt\u00e4\u00e4 alkuper\u00e4isen v\u00e4rins\u00e4 vuosia. Kankaan kuidut kietoutuvat harvoin toisiinsa, mik\u00e4 tekee kankaasta painottoman ja l\u00e4pin\u00e4kyv\u00e4n. Sis\u00e4osa: 100% pellavaa Tuotteen yll\u00e4pito<\/p>\n","protected":false},"featured_media":8032,"comment_status":"open","ping_status":"closed","template":"","meta":[],"product_brand":[],"product_cat":[452,631],"product_tag":[],"class_list":{"0":"post-14425","1":"product","2":"type-product","3":"status-publish","4":"has-post-thumbnail","6":"product_cat-naiset","7":"product_cat-salli","8":"pa_brand-pashminette-fi","9":"pa_suurus-185x65-fi","10":"pa_varv-sininen","12":"first","13":"instock","14":"taxable","15":"shipping-taxable","16":"purchasable","17":"product-type-variable"},"yoast_head":"<!-- This site is optimized with the Yoast SEO plugin v25.5 - https:\/\/yoast.com\/wordpress\/plugins\/seo\/ -->\n<title>Pellavainen huivi - Gloffy.ee<\/title>\n<meta name=\"robots\" content=\"index, follow, max-snippet:-1, max-image-preview:large, max-video-preview:-1\" \/>\n<link rel=\"canonical\" href=\"https:\/\/gloffy.ee\/fi\/tuote\/pellavainen-huivi\/\" \/>\n<meta property=\"og:locale\" content=\"fi_FI\" \/>\n<meta property=\"og:type\" content=\"article\" \/>\n<meta property=\"og:title\" content=\"Pellavainen huivi - Gloffy.ee\" \/>\n<meta property=\"og:description\" content=\"Naisten huivi on tyylik\u00e4s koriste mihin tahansa lookkiin. Hienoa luonnonpellavakangasta. Se on hyvin ohutta ja pehme\u00e4\u00e4, mutta ei kulu nopeasti ja s\u00e4ilytt\u00e4\u00e4 alkuper\u00e4isen v\u00e4rins\u00e4 vuosia. Kankaan kuidut kietoutuvat harvoin toisiinsa, mik\u00e4 tekee kankaasta painottoman ja l\u00e4pin\u00e4kyv\u00e4n. Sis\u00e4osa: 100% pellavaa Tuotteen yll\u00e4pito\" \/>\n<meta property=\"og:url\" content=\"https:\/\/gloffy.ee\/fi\/tuote\/pellavainen-huivi\/\" \/>\n<meta property=\"og:site_name\" content=\"Gloffy.ee\" \/>\n<meta property=\"og:image\" content=\"https:\/\/gloffy.ee\/app\/uploads\/2025\/03\/MG_2287-resized.jpg\" \/>\n\t<meta property=\"og:image:width\" content=\"2000\" \/>\n\t<meta property=\"og:image:height\" content=\"2000\" \/>\n\t<meta property=\"og:image:type\" content=\"image\/jpeg\" \/>\n<meta name=\"twitter:card\" content=\"summary_large_image\" \/>\n<script type=\"application\/ld+json\" class=\"yoast-schema-graph\">{\"@context\":\"https:\/\/schema.org\",\"@graph\":[{\"@type\":[\"WebPage\",\"ItemPage\"],\"@id\":\"https:\/\/gloffy.ee\/fi\/tuote\/pellavainen-huivi\/\",\"url\":\"https:\/\/gloffy.ee\/fi\/tuote\/pellavainen-huivi\/\",\"name\":\"Pellavainen huivi - Gloffy.ee\",\"isPartOf\":{\"@id\":\"https:\/\/gloffy.ee\/#website\"},\"primaryImageOfPage\":{\"@id\":\"https:\/\/gloffy.ee\/fi\/tuote\/pellavainen-huivi\/#primaryimage\"},\"image\":{\"@id\":\"https:\/\/gloffy.ee\/fi\/tuote\/pellavainen-huivi\/#primaryimage\"},\"thumbnailUrl\":\"https:\/\/gloffy.ee\/app\/uploads\/2025\/03\/MG_2287-resized.jpg\",\"datePublished\":\"2025-06-12T13:47:45+00:00\",\"breadcrumb\":{\"@id\":\"https:\/\/gloffy.ee\/fi\/tuote\/pellavainen-huivi\/#breadcrumb\"},\"inLanguage\":\"fi\",\"potentialAction\":[{\"@type\":\"ReadAction\",\"target\":[\"https:\/\/gloffy.ee\/fi\/tuote\/pellavainen-huivi\/\"]}]},{\"@type\":\"ImageObject\",\"inLanguage\":\"fi\",\"@id\":\"https:\/\/gloffy.ee\/fi\/tuote\/pellavainen-huivi\/#primaryimage\",\"url\":\"https:\/\/gloffy.ee\/app\/uploads\/2025\/03\/MG_2287-resized.jpg\",\"contentUrl\":\"https:\/\/gloffy.ee\/app\/uploads\/2025\/03\/MG_2287-resized.jpg\",\"width\":2000,\"height\":2000},{\"@type\":\"BreadcrumbList\",\"@id\":\"https:\/\/gloffy.ee\/fi\/tuote\/pellavainen-huivi\/#breadcrumb\",\"itemListElement\":[{\"@type\":\"ListItem\",\"position\":1,\"name\":\"Home\",\"item\":\"https:\/\/gloffy.ee\/fi\/\"},{\"@type\":\"ListItem\",\"position\":2,\"name\":\"Kauppa\",\"item\":\"https:\/\/gloffy.ee\/fi\/shop-2\/\"},{\"@type\":\"ListItem\",\"position\":3,\"name\":\"Pellavainen huivi\"}]},{\"@type\":\"WebSite\",\"@id\":\"https:\/\/gloffy.ee\/#website\",\"url\":\"https:\/\/gloffy.ee\/\",\"name\":\"Gloffy.ee\",\"description\":\"\",\"potentialAction\":[{\"@type\":\"SearchAction\",\"target\":{\"@type\":\"EntryPoint\",\"urlTemplate\":\"https:\/\/gloffy.ee\/?s={search_term_string}\"},\"query-input\":{\"@type\":\"PropertyValueSpecification\",\"valueRequired\":true,\"valueName\":\"search_term_string\"}}],\"inLanguage\":\"fi\"}]}<\/script>\n<!-- \/ Yoast SEO plugin. -->","yoast_head_json":{"title":"Pellavainen huivi - Gloffy.ee","robots":{"index":"index","follow":"follow","max-snippet":"max-snippet:-1","max-image-preview":"max-image-preview:large","max-video-preview":"max-video-preview:-1"},"canonical":"https:\/\/gloffy.ee\/fi\/tuote\/pellavainen-huivi\/","og_locale":"fi_FI","og_type":"article","og_title":"Pellavainen huivi - Gloffy.ee","og_description":"Naisten huivi on tyylik\u00e4s koriste mihin tahansa lookkiin. Hienoa luonnonpellavakangasta. Se on hyvin ohutta ja pehme\u00e4\u00e4, mutta ei kulu nopeasti ja s\u00e4ilytt\u00e4\u00e4 alkuper\u00e4isen v\u00e4rins\u00e4 vuosia. Kankaan kuidut kietoutuvat harvoin toisiinsa, mik\u00e4 tekee kankaasta painottoman ja l\u00e4pin\u00e4kyv\u00e4n. Sis\u00e4osa: 100% pellavaa Tuotteen yll\u00e4pito","og_url":"https:\/\/gloffy.ee\/fi\/tuote\/pellavainen-huivi\/","og_site_name":"Gloffy.ee","og_image":[{"width":2000,"height":2000,"url":"https:\/\/gloffy.ee\/app\/uploads\/2025\/03\/MG_2287-resized.jpg","type":"image\/jpeg"}],"twitter_card":"summary_large_image","schema":{"@context":"https:\/\/schema.org","@graph":[{"@type":["WebPage","ItemPage"],"@id":"https:\/\/gloffy.ee\/fi\/tuote\/pellavainen-huivi\/","url":"https:\/\/gloffy.ee\/fi\/tuote\/pellavainen-huivi\/","name":"Pellavainen huivi - Gloffy.ee","isPartOf":{"@id":"https:\/\/gloffy.ee\/#website"},"primaryImageOfPage":{"@id":"https:\/\/gloffy.ee\/fi\/tuote\/pellavainen-huivi\/#primaryimage"},"image":{"@id":"https:\/\/gloffy.ee\/fi\/tuote\/pellavainen-huivi\/#primaryimage"},"thumbnailUrl":"https:\/\/gloffy.ee\/app\/uploads\/2025\/03\/MG_2287-resized.jpg","datePublished":"2025-06-12T13:47:45+00:00","breadcrumb":{"@id":"https:\/\/gloffy.ee\/fi\/tuote\/pellavainen-huivi\/#breadcrumb"},"inLanguage":"fi","potentialAction":[{"@type":"ReadAction","target":["https:\/\/gloffy.ee\/fi\/tuote\/pellavainen-huivi\/"]}]},{"@type":"ImageObject","inLanguage":"fi","@id":"https:\/\/gloffy.ee\/fi\/tuote\/pellavainen-huivi\/#primaryimage","url":"https:\/\/gloffy.ee\/app\/uploads\/2025\/03\/MG_2287-resized.jpg","contentUrl":"https:\/\/gloffy.ee\/app\/uploads\/2025\/03\/MG_2287-resized.jpg","width":2000,"height":2000},{"@type":"BreadcrumbList","@id":"https:\/\/gloffy.ee\/fi\/tuote\/pellavainen-huivi\/#breadcrumb","itemListElement":[{"@type":"ListItem","position":1,"name":"Home","item":"https:\/\/gloffy.ee\/fi\/"},{"@type":"ListItem","position":2,"name":"Kauppa","item":"https:\/\/gloffy.ee\/fi\/shop-2\/"},{"@type":"ListItem","position":3,"name":"Pellavainen huivi"}]},{"@type":"WebSite","@id":"https:\/\/gloffy.ee\/#website","url":"https:\/\/gloffy.ee\/","name":"Gloffy.ee","description":"","potentialAction":[{"@type":"SearchAction","target":{"@type":"EntryPoint","urlTemplate":"https:\/\/gloffy.ee\/?s={search_term_string}"},"query-input":{"@type":"PropertyValueSpecification","valueRequired":true,"valueName":"search_term_string"}}],"inLanguage":"fi"}]}},"_links":{"self":[{"href":"https:\/\/gloffy.ee\/fi\/wp-json\/wp\/v2\/product\/14425","targetHints":{"allow":["GET"]}}],"collection":[{"href":"https:\/\/gloffy.ee\/fi\/wp-json\/wp\/v2\/product"}],"about":[{"href":"https:\/\/gloffy.ee\/fi\/wp-json\/wp\/v2\/types\/product"}],"replies":[{"embeddable":true,"href":"https:\/\/gloffy.ee\/fi\/wp-json\/wp\/v2\/comments?post=14425"}],"wp:featuredmedia":[{"embeddable":true,"href":"https:\/\/gloffy.ee\/fi\/wp-json\/wp\/v2\/media\/8032"}],"wp:attachment":[{"href":"https:\/\/gloffy.ee\/fi\/wp-json\/wp\/v2\/media?parent=14425"}],"wp:term":[{"taxonomy":"product_brand","embeddable":true,"href":"https:\/\/gloffy.ee\/fi\/wp-json\/wp\/v2\/product_brand?post=14425"},{"taxonomy":"product_cat","embeddable":true,"href":"https:\/\/gloffy.ee\/fi\/wp-json\/wp\/v2\/product_cat?post=14425"},{"taxonomy":"product_tag","embeddable":true,"href":"https:\/\/gloffy.ee\/fi\/wp-json\/wp\/v2\/product_tag?post=14425"}],"curies":[{"name":"wp","href":"https:\/\/api.w.org\/{rel}","templated":true}]}}