{"id":14460,"date":"2025-06-12T13:59:13","date_gmt":"2025-06-12T13:59:13","guid":{"rendered":"https:\/\/gloffy.ee\/product\/yksipuolinen-kashmirhuivi\/"},"modified":"2025-06-12T13:59:13","modified_gmt":"2025-06-12T13:59:13","slug":"yksipuolinen-kashmirhuivi","status":"publish","type":"product","link":"https:\/\/gloffy.ee\/fi\/tuote\/yksipuolinen-kashmirhuivi\/","title":{"rendered":"Yksipuolinen kashmirhuivi"},"content":{"rendered":"<p>Yksipuolinen kashmirhuivi ei ole vain l\u00e4mmin asuste kylm\u00e4\u00e4n vuodenaikaan, vaan se on my\u00f6s loistava asuste pukeutumaan lookkiin.<\/p>\n<p>Sis\u00e4lt\u00f6: 100 % kashmir.<\/p>\n<p><a href=\"https:\/\/gloffy.ee\/fi\/tuotteen-yllapito\/?fbclid=IwY2xjawI7qqxleHRuA2FlbQIxMAABHVxqMKSbUtvrRiQrP8cxL2rdw5XKcKdjlpT_s7CsXPIQmPw2CSl_ndH60w_aem_raL6PKwsHQRZK0ubnLzl-A\"><em><strong>Tuotteen hoito<\/strong><\/em><\/a><\/p>\n","protected":false},"excerpt":{"rendered":"<p>Yksipuolinen kashmirhuivi ei ole vain l\u00e4mmin asuste kylm\u00e4\u00e4n vuodenaikaan, vaan se on my\u00f6s loistava asuste pukeutumaan lookkiin. Sis\u00e4lt\u00f6: 100 % kashmir. Tuotteen hoito<\/p>\n","protected":false},"featured_media":11729,"comment_status":"open","ping_status":"closed","template":"","meta":[],"product_brand":[],"product_cat":[452,631],"product_tag":[],"class_list":{"0":"post-14460","1":"product","2":"type-product","3":"status-publish","4":"has-post-thumbnail","6":"product_cat-naiset","7":"product_cat-salli","8":"pa_brand-kashmir","9":"pa_suurus-185x67-fi","10":"pa_varv-beez-fi","11":"pa_varv-hall-fi","12":"pa_varv-harmaansininen","13":"pa_varv-helebeez-fi","14":"pa_varv-heleroosa-fi","15":"pa_varv-keltainen","16":"pa_varv-musta","17":"pa_varv-oranssi","18":"pa_varv-punainen","19":"pa_varv-ruskea","20":"pa_varv-sininen","21":"pa_varv-tummanruskea","22":"pa_varv-tummansininen","23":"pa_varv-tummanvihrea","24":"pa_varv-vaaleanpunainen-fi","25":"pa_varv-vaaleansininen","26":"pa_varv-valkoinen","27":"pa_varv-vihrea","28":"pa_varv-vihrea-sininen","30":"first","31":"instock","32":"taxable","33":"shipping-taxable","34":"purchasable","35":"product-type-variable"},"yoast_head":"<!-- This site is optimized with the Yoast SEO plugin v25.5 - https:\/\/yoast.com\/wordpress\/plugins\/seo\/ -->\n<title>Yksipuolinen kashmirhuivi - Gloffy.ee<\/title>\n<meta name=\"robots\" content=\"index, follow, max-snippet:-1, max-image-preview:large, max-video-preview:-1\" \/>\n<link rel=\"canonical\" href=\"https:\/\/gloffy.ee\/fi\/tuote\/yksipuolinen-kashmirhuivi\/\" \/>\n<meta property=\"og:locale\" content=\"fi_FI\" \/>\n<meta property=\"og:type\" content=\"article\" \/>\n<meta property=\"og:title\" content=\"Yksipuolinen kashmirhuivi - Gloffy.ee\" \/>\n<meta property=\"og:description\" content=\"Yksipuolinen kashmirhuivi ei ole vain l\u00e4mmin asuste kylm\u00e4\u00e4n vuodenaikaan, vaan se on my\u00f6s loistava asuste pukeutumaan lookkiin. Sis\u00e4lt\u00f6: 100 % kashmir. Tuotteen hoito\" \/>\n<meta property=\"og:url\" content=\"https:\/\/gloffy.ee\/fi\/tuote\/yksipuolinen-kashmirhuivi\/\" \/>\n<meta property=\"og:site_name\" content=\"Gloffy.ee\" \/>\n<meta property=\"og:image\" content=\"https:\/\/gloffy.ee\/app\/uploads\/2025\/06\/hall-resized-1-scaled.jpg\" \/>\n\t<meta property=\"og:image:width\" content=\"1920\" \/>\n\t<meta property=\"og:image:height\" content=\"2560\" \/>\n\t<meta property=\"og:image:type\" content=\"image\/jpeg\" \/>\n<meta name=\"twitter:card\" content=\"summary_large_image\" \/>\n<script type=\"application\/ld+json\" class=\"yoast-schema-graph\">{\"@context\":\"https:\/\/schema.org\",\"@graph\":[{\"@type\":[\"WebPage\",\"ItemPage\"],\"@id\":\"https:\/\/gloffy.ee\/fi\/tuote\/yksipuolinen-kashmirhuivi\/\",\"url\":\"https:\/\/gloffy.ee\/fi\/tuote\/yksipuolinen-kashmirhuivi\/\",\"name\":\"Yksipuolinen kashmirhuivi - Gloffy.ee\",\"isPartOf\":{\"@id\":\"https:\/\/gloffy.ee\/#website\"},\"primaryImageOfPage\":{\"@id\":\"https:\/\/gloffy.ee\/fi\/tuote\/yksipuolinen-kashmirhuivi\/#primaryimage\"},\"image\":{\"@id\":\"https:\/\/gloffy.ee\/fi\/tuote\/yksipuolinen-kashmirhuivi\/#primaryimage\"},\"thumbnailUrl\":\"https:\/\/gloffy.ee\/app\/uploads\/2025\/06\/hall-resized-1-scaled.jpg\",\"datePublished\":\"2025-06-12T13:59:13+00:00\",\"breadcrumb\":{\"@id\":\"https:\/\/gloffy.ee\/fi\/tuote\/yksipuolinen-kashmirhuivi\/#breadcrumb\"},\"inLanguage\":\"fi\",\"potentialAction\":[{\"@type\":\"ReadAction\",\"target\":[\"https:\/\/gloffy.ee\/fi\/tuote\/yksipuolinen-kashmirhuivi\/\"]}]},{\"@type\":\"ImageObject\",\"inLanguage\":\"fi\",\"@id\":\"https:\/\/gloffy.ee\/fi\/tuote\/yksipuolinen-kashmirhuivi\/#primaryimage\",\"url\":\"https:\/\/gloffy.ee\/app\/uploads\/2025\/06\/hall-resized-1-scaled.jpg\",\"contentUrl\":\"https:\/\/gloffy.ee\/app\/uploads\/2025\/06\/hall-resized-1-scaled.jpg\",\"width\":1920,\"height\":2560},{\"@type\":\"BreadcrumbList\",\"@id\":\"https:\/\/gloffy.ee\/fi\/tuote\/yksipuolinen-kashmirhuivi\/#breadcrumb\",\"itemListElement\":[{\"@type\":\"ListItem\",\"position\":1,\"name\":\"Home\",\"item\":\"https:\/\/gloffy.ee\/fi\/\"},{\"@type\":\"ListItem\",\"position\":2,\"name\":\"Kauppa\",\"item\":\"https:\/\/gloffy.ee\/fi\/shop-2\/\"},{\"@type\":\"ListItem\",\"position\":3,\"name\":\"Yksipuolinen kashmirhuivi\"}]},{\"@type\":\"WebSite\",\"@id\":\"https:\/\/gloffy.ee\/#website\",\"url\":\"https:\/\/gloffy.ee\/\",\"name\":\"Gloffy.ee\",\"description\":\"\",\"potentialAction\":[{\"@type\":\"SearchAction\",\"target\":{\"@type\":\"EntryPoint\",\"urlTemplate\":\"https:\/\/gloffy.ee\/?s={search_term_string}\"},\"query-input\":{\"@type\":\"PropertyValueSpecification\",\"valueRequired\":true,\"valueName\":\"search_term_string\"}}],\"inLanguage\":\"fi\"}]}<\/script>\n<!-- \/ Yoast SEO plugin. -->","yoast_head_json":{"title":"Yksipuolinen kashmirhuivi - Gloffy.ee","robots":{"index":"index","follow":"follow","max-snippet":"max-snippet:-1","max-image-preview":"max-image-preview:large","max-video-preview":"max-video-preview:-1"},"canonical":"https:\/\/gloffy.ee\/fi\/tuote\/yksipuolinen-kashmirhuivi\/","og_locale":"fi_FI","og_type":"article","og_title":"Yksipuolinen kashmirhuivi - Gloffy.ee","og_description":"Yksipuolinen kashmirhuivi ei ole vain l\u00e4mmin asuste kylm\u00e4\u00e4n vuodenaikaan, vaan se on my\u00f6s loistava asuste pukeutumaan lookkiin. Sis\u00e4lt\u00f6: 100 % kashmir. Tuotteen hoito","og_url":"https:\/\/gloffy.ee\/fi\/tuote\/yksipuolinen-kashmirhuivi\/","og_site_name":"Gloffy.ee","og_image":[{"width":1920,"height":2560,"url":"https:\/\/gloffy.ee\/app\/uploads\/2025\/06\/hall-resized-1-scaled.jpg","type":"image\/jpeg"}],"twitter_card":"summary_large_image","schema":{"@context":"https:\/\/schema.org","@graph":[{"@type":["WebPage","ItemPage"],"@id":"https:\/\/gloffy.ee\/fi\/tuote\/yksipuolinen-kashmirhuivi\/","url":"https:\/\/gloffy.ee\/fi\/tuote\/yksipuolinen-kashmirhuivi\/","name":"Yksipuolinen kashmirhuivi - Gloffy.ee","isPartOf":{"@id":"https:\/\/gloffy.ee\/#website"},"primaryImageOfPage":{"@id":"https:\/\/gloffy.ee\/fi\/tuote\/yksipuolinen-kashmirhuivi\/#primaryimage"},"image":{"@id":"https:\/\/gloffy.ee\/fi\/tuote\/yksipuolinen-kashmirhuivi\/#primaryimage"},"thumbnailUrl":"https:\/\/gloffy.ee\/app\/uploads\/2025\/06\/hall-resized-1-scaled.jpg","datePublished":"2025-06-12T13:59:13+00:00","breadcrumb":{"@id":"https:\/\/gloffy.ee\/fi\/tuote\/yksipuolinen-kashmirhuivi\/#breadcrumb"},"inLanguage":"fi","potentialAction":[{"@type":"ReadAction","target":["https:\/\/gloffy.ee\/fi\/tuote\/yksipuolinen-kashmirhuivi\/"]}]},{"@type":"ImageObject","inLanguage":"fi","@id":"https:\/\/gloffy.ee\/fi\/tuote\/yksipuolinen-kashmirhuivi\/#primaryimage","url":"https:\/\/gloffy.ee\/app\/uploads\/2025\/06\/hall-resized-1-scaled.jpg","contentUrl":"https:\/\/gloffy.ee\/app\/uploads\/2025\/06\/hall-resized-1-scaled.jpg","width":1920,"height":2560},{"@type":"BreadcrumbList","@id":"https:\/\/gloffy.ee\/fi\/tuote\/yksipuolinen-kashmirhuivi\/#breadcrumb","itemListElement":[{"@type":"ListItem","position":1,"name":"Home","item":"https:\/\/gloffy.ee\/fi\/"},{"@type":"ListItem","position":2,"name":"Kauppa","item":"https:\/\/gloffy.ee\/fi\/shop-2\/"},{"@type":"ListItem","position":3,"name":"Yksipuolinen kashmirhuivi"}]},{"@type":"WebSite","@id":"https:\/\/gloffy.ee\/#website","url":"https:\/\/gloffy.ee\/","name":"Gloffy.ee","description":"","potentialAction":[{"@type":"SearchAction","target":{"@type":"EntryPoint","urlTemplate":"https:\/\/gloffy.ee\/?s={search_term_string}"},"query-input":{"@type":"PropertyValueSpecification","valueRequired":true,"valueName":"search_term_string"}}],"inLanguage":"fi"}]}},"_links":{"self":[{"href":"https:\/\/gloffy.ee\/fi\/wp-json\/wp\/v2\/product\/14460","targetHints":{"allow":["GET"]}}],"collection":[{"href":"https:\/\/gloffy.ee\/fi\/wp-json\/wp\/v2\/product"}],"about":[{"href":"https:\/\/gloffy.ee\/fi\/wp-json\/wp\/v2\/types\/product"}],"replies":[{"embeddable":true,"href":"https:\/\/gloffy.ee\/fi\/wp-json\/wp\/v2\/comments?post=14460"}],"wp:featuredmedia":[{"embeddable":true,"href":"https:\/\/gloffy.ee\/fi\/wp-json\/wp\/v2\/media\/11729"}],"wp:attachment":[{"href":"https:\/\/gloffy.ee\/fi\/wp-json\/wp\/v2\/media?parent=14460"}],"wp:term":[{"taxonomy":"product_brand","embeddable":true,"href":"https:\/\/gloffy.ee\/fi\/wp-json\/wp\/v2\/product_brand?post=14460"},{"taxonomy":"product_cat","embeddable":true,"href":"https:\/\/gloffy.ee\/fi\/wp-json\/wp\/v2\/product_cat?post=14460"},{"taxonomy":"product_tag","embeddable":true,"href":"https:\/\/gloffy.ee\/fi\/wp-json\/wp\/v2\/product_tag?post=14460"}],"curies":[{"name":"wp","href":"https:\/\/api.w.org\/{rel}","templated":true}]}}