{"id":14480,"date":"2025-06-12T13:35:27","date_gmt":"2025-06-12T13:35:27","guid":{"rendered":"https:\/\/gloffy.ee\/product\/kaksipuolinen-kashmirhuivi\/"},"modified":"2025-06-12T13:35:27","modified_gmt":"2025-06-12T13:35:27","slug":"kaksipuolinen-kashmirhuivi","status":"publish","type":"product","link":"https:\/\/gloffy.ee\/fi\/tuote\/kaksipuolinen-kashmirhuivi\/","title":{"rendered":"Kaksipuolinen kashmirhuivi"},"content":{"rendered":"<p>Kaksipuoleinen kashmirhuivi ei ole vain l\u00e4mmin asuste kylm\u00e4\u00e4n vuodenaikaan, vaan se on my\u00f6s upea asuste ulkoasullesi.<\/p>\n<p>Sis\u00e4lt\u00f6: 100 % kashmir.<\/p>\n<p><a href=\"https:\/\/gloffy.ee\/fi\/tuotteen-yllapito\/?fbclid=IwY2xjawI7qqxleHRuA2FlbQIxMAABHVxqMKSbUtvrRiQrP8cxL2rdw5XKcKdjlpT_s7CsXPIQmPw2CSl_ndH60w_aem_raL6PKwsHQRZK0ubnLzl-A\"><em><strong>Tuotteen hoito<\/strong><\/em><\/a><\/p>\n","protected":false},"excerpt":{"rendered":"<p>Kaksipuoleinen kashmirhuivi ei ole vain l\u00e4mmin asuste kylm\u00e4\u00e4n vuodenaikaan, vaan se on my\u00f6s upea asuste ulkoasullesi. Sis\u00e4lt\u00f6: 100 % kashmir. Tuotteen hoito<\/p>\n","protected":false},"featured_media":8128,"comment_status":"open","ping_status":"closed","template":"","meta":[],"product_brand":[],"product_cat":[452,631],"product_tag":[],"class_list":{"0":"post-14480","1":"product","2":"type-product","3":"status-publish","4":"has-post-thumbnail","6":"product_cat-naiset","7":"product_cat-salli","8":"pa_brand-kashmir","9":"pa_suurus-180x70-fi","10":"pa_varv-beez-fi","11":"pa_varv-beige-lila","12":"pa_varv-beige-ruskea-valkoinen","13":"pa_varv-beige-valkoinen","14":"pa_varv-bordoo-fi","15":"pa_varv-hall-fi","16":"pa_varv-hall-beige","17":"pa_varv-harmaa-musta","18":"pa_varv-harmaa-valkoinen","19":"pa_varv-harmaa-valkoinen-vaaleanharmaa","20":"pa_varv-harmaansininen","21":"pa_varv-helebeez-fi","22":"pa_varv-helehall-fi","23":"pa_varv-helelillakas-fi","24":"pa_varv-heleroosa-fi","25":"pa_varv-helesinepi-fi","26":"pa_varv-keltainen","27":"pa_varv-kirkkaan-punainen","28":"pa_varv-must-halli","29":"pa_varv-musta","30":"pa_varv-mustavalkoinen-sali","31":"pa_varv-oranssi","32":"pa_varv-punainen","33":"pa_varv-red-hall-fi","34":"pa_varv-ruskea","35":"pa_varv-ruskea-beige","36":"pa_varv-ruskea-vaalean-beige","37":"pa_varv-sinepi-fi","38":"pa_varv-sininen","39":"pa_varv-sininen-sali","40":"pa_varv-tumehall-fi","41":"pa_varv-tumeroosa-fi","42":"pa_varv-tumesinepi-fi","43":"pa_varv-tumman-keltainen","44":"pa_varv-tumman-violetti","45":"pa_varv-tummanruskea","46":"pa_varv-tummansininen","47":"pa_varv-tummansininen-sali","48":"pa_varv-tummanvihrea","49":"pa_varv-vaalea-beige-valkoinen","50":"pa_varv-vaaleankeltainen","51":"pa_varv-vaaleanpunainen-fi","52":"pa_varv-vaaleanpunainen","53":"pa_varv-vaaleanpunainen-sali","54":"pa_varv-vaaleanpunainen-harmaa-valkoinen","55":"pa_varv-vaaleansininen","56":"pa_varv-valkoinen","57":"pa_varv-valkoinen-ruskea-beige","58":"pa_varv-valkosininen","59":"pa_varv-vihrea","60":"pa_varv-vihrea-sininen","61":"pa_varv-violetti","62":"pa_varv-violetti-pinkki","64":"first","65":"instock","66":"taxable","67":"shipping-taxable","68":"purchasable","69":"product-type-variable"},"yoast_head":"<!-- This site is optimized with the Yoast SEO plugin v25.5 - https:\/\/yoast.com\/wordpress\/plugins\/seo\/ -->\n<title>Kaksipuolinen kashmirhuivi - Gloffy.ee<\/title>\n<meta name=\"robots\" content=\"index, follow, max-snippet:-1, max-image-preview:large, max-video-preview:-1\" \/>\n<link rel=\"canonical\" href=\"https:\/\/gloffy.ee\/fi\/tuote\/kaksipuolinen-kashmirhuivi\/\" \/>\n<meta property=\"og:locale\" content=\"fi_FI\" \/>\n<meta property=\"og:type\" content=\"article\" \/>\n<meta property=\"og:title\" content=\"Kaksipuolinen kashmirhuivi - Gloffy.ee\" \/>\n<meta property=\"og:description\" content=\"Kaksipuoleinen kashmirhuivi ei ole vain l\u00e4mmin asuste kylm\u00e4\u00e4n vuodenaikaan, vaan se on my\u00f6s upea asuste ulkoasullesi. Sis\u00e4lt\u00f6: 100 % kashmir. Tuotteen hoito\" \/>\n<meta property=\"og:url\" content=\"https:\/\/gloffy.ee\/fi\/tuote\/kaksipuolinen-kashmirhuivi\/\" \/>\n<meta property=\"og:site_name\" content=\"Gloffy.ee\" \/>\n<meta property=\"og:image\" content=\"https:\/\/gloffy.ee\/app\/uploads\/2025\/03\/MG_2166-resized.jpg\" \/>\n\t<meta property=\"og:image:width\" content=\"2000\" \/>\n\t<meta property=\"og:image:height\" content=\"2000\" \/>\n\t<meta property=\"og:image:type\" content=\"image\/jpeg\" \/>\n<meta name=\"twitter:card\" content=\"summary_large_image\" \/>\n<script type=\"application\/ld+json\" class=\"yoast-schema-graph\">{\"@context\":\"https:\/\/schema.org\",\"@graph\":[{\"@type\":[\"WebPage\",\"ItemPage\"],\"@id\":\"https:\/\/gloffy.ee\/fi\/tuote\/kaksipuolinen-kashmirhuivi\/\",\"url\":\"https:\/\/gloffy.ee\/fi\/tuote\/kaksipuolinen-kashmirhuivi\/\",\"name\":\"Kaksipuolinen kashmirhuivi - Gloffy.ee\",\"isPartOf\":{\"@id\":\"https:\/\/gloffy.ee\/#website\"},\"primaryImageOfPage\":{\"@id\":\"https:\/\/gloffy.ee\/fi\/tuote\/kaksipuolinen-kashmirhuivi\/#primaryimage\"},\"image\":{\"@id\":\"https:\/\/gloffy.ee\/fi\/tuote\/kaksipuolinen-kashmirhuivi\/#primaryimage\"},\"thumbnailUrl\":\"https:\/\/gloffy.ee\/app\/uploads\/2025\/03\/MG_2166-resized.jpg\",\"datePublished\":\"2025-06-12T13:35:27+00:00\",\"breadcrumb\":{\"@id\":\"https:\/\/gloffy.ee\/fi\/tuote\/kaksipuolinen-kashmirhuivi\/#breadcrumb\"},\"inLanguage\":\"fi\",\"potentialAction\":[{\"@type\":\"ReadAction\",\"target\":[\"https:\/\/gloffy.ee\/fi\/tuote\/kaksipuolinen-kashmirhuivi\/\"]}]},{\"@type\":\"ImageObject\",\"inLanguage\":\"fi\",\"@id\":\"https:\/\/gloffy.ee\/fi\/tuote\/kaksipuolinen-kashmirhuivi\/#primaryimage\",\"url\":\"https:\/\/gloffy.ee\/app\/uploads\/2025\/03\/MG_2166-resized.jpg\",\"contentUrl\":\"https:\/\/gloffy.ee\/app\/uploads\/2025\/03\/MG_2166-resized.jpg\",\"width\":2000,\"height\":2000},{\"@type\":\"BreadcrumbList\",\"@id\":\"https:\/\/gloffy.ee\/fi\/tuote\/kaksipuolinen-kashmirhuivi\/#breadcrumb\",\"itemListElement\":[{\"@type\":\"ListItem\",\"position\":1,\"name\":\"Home\",\"item\":\"https:\/\/gloffy.ee\/fi\/\"},{\"@type\":\"ListItem\",\"position\":2,\"name\":\"Kauppa\",\"item\":\"https:\/\/gloffy.ee\/fi\/shop-2\/\"},{\"@type\":\"ListItem\",\"position\":3,\"name\":\"Kaksipuolinen kashmirhuivi\"}]},{\"@type\":\"WebSite\",\"@id\":\"https:\/\/gloffy.ee\/#website\",\"url\":\"https:\/\/gloffy.ee\/\",\"name\":\"Gloffy.ee\",\"description\":\"\",\"potentialAction\":[{\"@type\":\"SearchAction\",\"target\":{\"@type\":\"EntryPoint\",\"urlTemplate\":\"https:\/\/gloffy.ee\/?s={search_term_string}\"},\"query-input\":{\"@type\":\"PropertyValueSpecification\",\"valueRequired\":true,\"valueName\":\"search_term_string\"}}],\"inLanguage\":\"fi\"}]}<\/script>\n<!-- \/ Yoast SEO plugin. -->","yoast_head_json":{"title":"Kaksipuolinen kashmirhuivi - Gloffy.ee","robots":{"index":"index","follow":"follow","max-snippet":"max-snippet:-1","max-image-preview":"max-image-preview:large","max-video-preview":"max-video-preview:-1"},"canonical":"https:\/\/gloffy.ee\/fi\/tuote\/kaksipuolinen-kashmirhuivi\/","og_locale":"fi_FI","og_type":"article","og_title":"Kaksipuolinen kashmirhuivi - Gloffy.ee","og_description":"Kaksipuoleinen kashmirhuivi ei ole vain l\u00e4mmin asuste kylm\u00e4\u00e4n vuodenaikaan, vaan se on my\u00f6s upea asuste ulkoasullesi. Sis\u00e4lt\u00f6: 100 % kashmir. Tuotteen hoito","og_url":"https:\/\/gloffy.ee\/fi\/tuote\/kaksipuolinen-kashmirhuivi\/","og_site_name":"Gloffy.ee","og_image":[{"width":2000,"height":2000,"url":"https:\/\/gloffy.ee\/app\/uploads\/2025\/03\/MG_2166-resized.jpg","type":"image\/jpeg"}],"twitter_card":"summary_large_image","schema":{"@context":"https:\/\/schema.org","@graph":[{"@type":["WebPage","ItemPage"],"@id":"https:\/\/gloffy.ee\/fi\/tuote\/kaksipuolinen-kashmirhuivi\/","url":"https:\/\/gloffy.ee\/fi\/tuote\/kaksipuolinen-kashmirhuivi\/","name":"Kaksipuolinen kashmirhuivi - Gloffy.ee","isPartOf":{"@id":"https:\/\/gloffy.ee\/#website"},"primaryImageOfPage":{"@id":"https:\/\/gloffy.ee\/fi\/tuote\/kaksipuolinen-kashmirhuivi\/#primaryimage"},"image":{"@id":"https:\/\/gloffy.ee\/fi\/tuote\/kaksipuolinen-kashmirhuivi\/#primaryimage"},"thumbnailUrl":"https:\/\/gloffy.ee\/app\/uploads\/2025\/03\/MG_2166-resized.jpg","datePublished":"2025-06-12T13:35:27+00:00","breadcrumb":{"@id":"https:\/\/gloffy.ee\/fi\/tuote\/kaksipuolinen-kashmirhuivi\/#breadcrumb"},"inLanguage":"fi","potentialAction":[{"@type":"ReadAction","target":["https:\/\/gloffy.ee\/fi\/tuote\/kaksipuolinen-kashmirhuivi\/"]}]},{"@type":"ImageObject","inLanguage":"fi","@id":"https:\/\/gloffy.ee\/fi\/tuote\/kaksipuolinen-kashmirhuivi\/#primaryimage","url":"https:\/\/gloffy.ee\/app\/uploads\/2025\/03\/MG_2166-resized.jpg","contentUrl":"https:\/\/gloffy.ee\/app\/uploads\/2025\/03\/MG_2166-resized.jpg","width":2000,"height":2000},{"@type":"BreadcrumbList","@id":"https:\/\/gloffy.ee\/fi\/tuote\/kaksipuolinen-kashmirhuivi\/#breadcrumb","itemListElement":[{"@type":"ListItem","position":1,"name":"Home","item":"https:\/\/gloffy.ee\/fi\/"},{"@type":"ListItem","position":2,"name":"Kauppa","item":"https:\/\/gloffy.ee\/fi\/shop-2\/"},{"@type":"ListItem","position":3,"name":"Kaksipuolinen kashmirhuivi"}]},{"@type":"WebSite","@id":"https:\/\/gloffy.ee\/#website","url":"https:\/\/gloffy.ee\/","name":"Gloffy.ee","description":"","potentialAction":[{"@type":"SearchAction","target":{"@type":"EntryPoint","urlTemplate":"https:\/\/gloffy.ee\/?s={search_term_string}"},"query-input":{"@type":"PropertyValueSpecification","valueRequired":true,"valueName":"search_term_string"}}],"inLanguage":"fi"}]}},"_links":{"self":[{"href":"https:\/\/gloffy.ee\/fi\/wp-json\/wp\/v2\/product\/14480","targetHints":{"allow":["GET"]}}],"collection":[{"href":"https:\/\/gloffy.ee\/fi\/wp-json\/wp\/v2\/product"}],"about":[{"href":"https:\/\/gloffy.ee\/fi\/wp-json\/wp\/v2\/types\/product"}],"replies":[{"embeddable":true,"href":"https:\/\/gloffy.ee\/fi\/wp-json\/wp\/v2\/comments?post=14480"}],"wp:featuredmedia":[{"embeddable":true,"href":"https:\/\/gloffy.ee\/fi\/wp-json\/wp\/v2\/media\/8128"}],"wp:attachment":[{"href":"https:\/\/gloffy.ee\/fi\/wp-json\/wp\/v2\/media?parent=14480"}],"wp:term":[{"taxonomy":"product_brand","embeddable":true,"href":"https:\/\/gloffy.ee\/fi\/wp-json\/wp\/v2\/product_brand?post=14480"},{"taxonomy":"product_cat","embeddable":true,"href":"https:\/\/gloffy.ee\/fi\/wp-json\/wp\/v2\/product_cat?post=14480"},{"taxonomy":"product_tag","embeddable":true,"href":"https:\/\/gloffy.ee\/fi\/wp-json\/wp\/v2\/product_tag?post=14480"}],"curies":[{"name":"wp","href":"https:\/\/api.w.org\/{rel}","templated":true}]}}