{"id":14698,"date":"2025-06-12T12:42:03","date_gmt":"2025-06-12T12:42:03","guid":{"rendered":"https:\/\/gloffy.ee\/product\/lasten-lapiohanskat-7\/"},"modified":"2025-06-12T12:42:03","modified_gmt":"2025-06-12T12:42:03","slug":"lasten-lapiohanskat-7","status":"publish","type":"product","link":"https:\/\/gloffy.ee\/fi\/tuote\/lasten-lapiohanskat-7\/","title":{"rendered":"Lasten lapiohanskat"},"content":{"rendered":"<p>Lasten k\u00e4sineet on valmistettu pehme\u00e4st\u00e4 ja l\u00e4mpim\u00e4st\u00e4 materiaalista. Mukavat ja kevyet, sopivat syksyyn ja talveen. Suunniteltu aktiiviseen liikkumiseen ja jokap\u00e4iv\u00e4iseen k\u00e4ytt\u00f6\u00f6n.  <\/p>\n<p>Valmistanut P.R.C.<\/p>\n<p><a href=\"https:\/\/gloffy.ee\/fi\/tuotteen-yllapito\/?fbclid=IwY2xjawI7qqxleHRuA2FlbQIxMAABHVxqMKSbUtvrRiQrP8cxL2rdw5XKcKdjlpT_s7CsXPIQmPw2CSl_ndH60w_aem_raL6PKwsHQRZK0ubnLzl-A\"><em><strong>Tuotteen yll\u00e4pito<\/strong><\/em><\/a><\/p>\n","protected":false},"excerpt":{"rendered":"<p>Lasten k\u00e4sineet on valmistettu pehme\u00e4st\u00e4 ja l\u00e4mpim\u00e4st\u00e4 materiaalista. Mukavat ja kevyet, sopivat syksyyn ja talveen. Suunniteltu aktiiviseen liikkumiseen ja jokap\u00e4iv\u00e4iseen k\u00e4ytt\u00f6\u00f6n. Valmistanut P.R.C. Tuotteen yll\u00e4pito<\/p>\n","protected":false},"featured_media":12515,"comment_status":"open","ping_status":"closed","template":"","meta":[],"product_brand":[],"product_cat":[673,586],"product_tag":[],"class_list":{"0":"post-14698","1":"product","2":"type-product","3":"status-publish","4":"has-post-thumbnail","6":"product_cat-laboratoriokasineet","7":"product_cat-lapset","8":"pa_brand-fan-muoti","9":"pa_suurus-yksi-koko","10":"pa_varv-keltainen","11":"pa_varv-vaaleansininen","13":"first","14":"instock","15":"taxable","16":"shipping-taxable","17":"purchasable","18":"product-type-variable"},"yoast_head":"<!-- This site is optimized with the Yoast SEO plugin v25.5 - https:\/\/yoast.com\/wordpress\/plugins\/seo\/ -->\n<title>Lasten lapiohanskat - Gloffy.ee<\/title>\n<meta name=\"robots\" content=\"index, follow, max-snippet:-1, max-image-preview:large, max-video-preview:-1\" \/>\n<link rel=\"canonical\" href=\"https:\/\/gloffy.ee\/fi\/tuote\/lasten-lapiohanskat-7\/\" \/>\n<meta property=\"og:locale\" content=\"fi_FI\" \/>\n<meta property=\"og:type\" content=\"article\" \/>\n<meta property=\"og:title\" content=\"Lasten lapiohanskat - Gloffy.ee\" \/>\n<meta property=\"og:description\" content=\"Lasten k\u00e4sineet on valmistettu pehme\u00e4st\u00e4 ja l\u00e4mpim\u00e4st\u00e4 materiaalista. Mukavat ja kevyet, sopivat syksyyn ja talveen. Suunniteltu aktiiviseen liikkumiseen ja jokap\u00e4iv\u00e4iseen k\u00e4ytt\u00f6\u00f6n. Valmistanut P.R.C. Tuotteen yll\u00e4pito\" \/>\n<meta property=\"og:url\" content=\"https:\/\/gloffy.ee\/fi\/tuote\/lasten-lapiohanskat-7\/\" \/>\n<meta property=\"og:site_name\" content=\"Gloffy.ee\" \/>\n<meta property=\"og:image\" content=\"https:\/\/gloffy.ee\/app\/uploads\/2025\/06\/LLHAIK-10-resized.jpg\" \/>\n\t<meta property=\"og:image:width\" content=\"2000\" \/>\n\t<meta property=\"og:image:height\" content=\"2443\" \/>\n\t<meta property=\"og:image:type\" content=\"image\/jpeg\" \/>\n<meta name=\"twitter:card\" content=\"summary_large_image\" \/>\n<script type=\"application\/ld+json\" class=\"yoast-schema-graph\">{\"@context\":\"https:\/\/schema.org\",\"@graph\":[{\"@type\":[\"WebPage\",\"ItemPage\"],\"@id\":\"https:\/\/gloffy.ee\/fi\/tuote\/lasten-lapiohanskat-7\/\",\"url\":\"https:\/\/gloffy.ee\/fi\/tuote\/lasten-lapiohanskat-7\/\",\"name\":\"Lasten lapiohanskat - Gloffy.ee\",\"isPartOf\":{\"@id\":\"https:\/\/gloffy.ee\/#website\"},\"primaryImageOfPage\":{\"@id\":\"https:\/\/gloffy.ee\/fi\/tuote\/lasten-lapiohanskat-7\/#primaryimage\"},\"image\":{\"@id\":\"https:\/\/gloffy.ee\/fi\/tuote\/lasten-lapiohanskat-7\/#primaryimage\"},\"thumbnailUrl\":\"https:\/\/gloffy.ee\/app\/uploads\/2025\/06\/LLHAIK-10-resized.jpg\",\"datePublished\":\"2025-06-12T12:42:03+00:00\",\"breadcrumb\":{\"@id\":\"https:\/\/gloffy.ee\/fi\/tuote\/lasten-lapiohanskat-7\/#breadcrumb\"},\"inLanguage\":\"fi\",\"potentialAction\":[{\"@type\":\"ReadAction\",\"target\":[\"https:\/\/gloffy.ee\/fi\/tuote\/lasten-lapiohanskat-7\/\"]}]},{\"@type\":\"ImageObject\",\"inLanguage\":\"fi\",\"@id\":\"https:\/\/gloffy.ee\/fi\/tuote\/lasten-lapiohanskat-7\/#primaryimage\",\"url\":\"https:\/\/gloffy.ee\/app\/uploads\/2025\/06\/LLHAIK-10-resized.jpg\",\"contentUrl\":\"https:\/\/gloffy.ee\/app\/uploads\/2025\/06\/LLHAIK-10-resized.jpg\",\"width\":2000,\"height\":2443},{\"@type\":\"BreadcrumbList\",\"@id\":\"https:\/\/gloffy.ee\/fi\/tuote\/lasten-lapiohanskat-7\/#breadcrumb\",\"itemListElement\":[{\"@type\":\"ListItem\",\"position\":1,\"name\":\"Home\",\"item\":\"https:\/\/gloffy.ee\/fi\/\"},{\"@type\":\"ListItem\",\"position\":2,\"name\":\"Kauppa\",\"item\":\"https:\/\/gloffy.ee\/fi\/shop-2\/\"},{\"@type\":\"ListItem\",\"position\":3,\"name\":\"Lasten lapiohanskat\"}]},{\"@type\":\"WebSite\",\"@id\":\"https:\/\/gloffy.ee\/#website\",\"url\":\"https:\/\/gloffy.ee\/\",\"name\":\"Gloffy.ee\",\"description\":\"\",\"potentialAction\":[{\"@type\":\"SearchAction\",\"target\":{\"@type\":\"EntryPoint\",\"urlTemplate\":\"https:\/\/gloffy.ee\/?s={search_term_string}\"},\"query-input\":{\"@type\":\"PropertyValueSpecification\",\"valueRequired\":true,\"valueName\":\"search_term_string\"}}],\"inLanguage\":\"fi\"}]}<\/script>\n<!-- \/ Yoast SEO plugin. -->","yoast_head_json":{"title":"Lasten lapiohanskat - Gloffy.ee","robots":{"index":"index","follow":"follow","max-snippet":"max-snippet:-1","max-image-preview":"max-image-preview:large","max-video-preview":"max-video-preview:-1"},"canonical":"https:\/\/gloffy.ee\/fi\/tuote\/lasten-lapiohanskat-7\/","og_locale":"fi_FI","og_type":"article","og_title":"Lasten lapiohanskat - Gloffy.ee","og_description":"Lasten k\u00e4sineet on valmistettu pehme\u00e4st\u00e4 ja l\u00e4mpim\u00e4st\u00e4 materiaalista. Mukavat ja kevyet, sopivat syksyyn ja talveen. Suunniteltu aktiiviseen liikkumiseen ja jokap\u00e4iv\u00e4iseen k\u00e4ytt\u00f6\u00f6n. Valmistanut P.R.C. Tuotteen yll\u00e4pito","og_url":"https:\/\/gloffy.ee\/fi\/tuote\/lasten-lapiohanskat-7\/","og_site_name":"Gloffy.ee","og_image":[{"width":2000,"height":2443,"url":"https:\/\/gloffy.ee\/app\/uploads\/2025\/06\/LLHAIK-10-resized.jpg","type":"image\/jpeg"}],"twitter_card":"summary_large_image","schema":{"@context":"https:\/\/schema.org","@graph":[{"@type":["WebPage","ItemPage"],"@id":"https:\/\/gloffy.ee\/fi\/tuote\/lasten-lapiohanskat-7\/","url":"https:\/\/gloffy.ee\/fi\/tuote\/lasten-lapiohanskat-7\/","name":"Lasten lapiohanskat - Gloffy.ee","isPartOf":{"@id":"https:\/\/gloffy.ee\/#website"},"primaryImageOfPage":{"@id":"https:\/\/gloffy.ee\/fi\/tuote\/lasten-lapiohanskat-7\/#primaryimage"},"image":{"@id":"https:\/\/gloffy.ee\/fi\/tuote\/lasten-lapiohanskat-7\/#primaryimage"},"thumbnailUrl":"https:\/\/gloffy.ee\/app\/uploads\/2025\/06\/LLHAIK-10-resized.jpg","datePublished":"2025-06-12T12:42:03+00:00","breadcrumb":{"@id":"https:\/\/gloffy.ee\/fi\/tuote\/lasten-lapiohanskat-7\/#breadcrumb"},"inLanguage":"fi","potentialAction":[{"@type":"ReadAction","target":["https:\/\/gloffy.ee\/fi\/tuote\/lasten-lapiohanskat-7\/"]}]},{"@type":"ImageObject","inLanguage":"fi","@id":"https:\/\/gloffy.ee\/fi\/tuote\/lasten-lapiohanskat-7\/#primaryimage","url":"https:\/\/gloffy.ee\/app\/uploads\/2025\/06\/LLHAIK-10-resized.jpg","contentUrl":"https:\/\/gloffy.ee\/app\/uploads\/2025\/06\/LLHAIK-10-resized.jpg","width":2000,"height":2443},{"@type":"BreadcrumbList","@id":"https:\/\/gloffy.ee\/fi\/tuote\/lasten-lapiohanskat-7\/#breadcrumb","itemListElement":[{"@type":"ListItem","position":1,"name":"Home","item":"https:\/\/gloffy.ee\/fi\/"},{"@type":"ListItem","position":2,"name":"Kauppa","item":"https:\/\/gloffy.ee\/fi\/shop-2\/"},{"@type":"ListItem","position":3,"name":"Lasten lapiohanskat"}]},{"@type":"WebSite","@id":"https:\/\/gloffy.ee\/#website","url":"https:\/\/gloffy.ee\/","name":"Gloffy.ee","description":"","potentialAction":[{"@type":"SearchAction","target":{"@type":"EntryPoint","urlTemplate":"https:\/\/gloffy.ee\/?s={search_term_string}"},"query-input":{"@type":"PropertyValueSpecification","valueRequired":true,"valueName":"search_term_string"}}],"inLanguage":"fi"}]}},"_links":{"self":[{"href":"https:\/\/gloffy.ee\/fi\/wp-json\/wp\/v2\/product\/14698","targetHints":{"allow":["GET"]}}],"collection":[{"href":"https:\/\/gloffy.ee\/fi\/wp-json\/wp\/v2\/product"}],"about":[{"href":"https:\/\/gloffy.ee\/fi\/wp-json\/wp\/v2\/types\/product"}],"replies":[{"embeddable":true,"href":"https:\/\/gloffy.ee\/fi\/wp-json\/wp\/v2\/comments?post=14698"}],"wp:featuredmedia":[{"embeddable":true,"href":"https:\/\/gloffy.ee\/fi\/wp-json\/wp\/v2\/media\/12515"}],"wp:attachment":[{"href":"https:\/\/gloffy.ee\/fi\/wp-json\/wp\/v2\/media?parent=14698"}],"wp:term":[{"taxonomy":"product_brand","embeddable":true,"href":"https:\/\/gloffy.ee\/fi\/wp-json\/wp\/v2\/product_brand?post=14698"},{"taxonomy":"product_cat","embeddable":true,"href":"https:\/\/gloffy.ee\/fi\/wp-json\/wp\/v2\/product_cat?post=14698"},{"taxonomy":"product_tag","embeddable":true,"href":"https:\/\/gloffy.ee\/fi\/wp-json\/wp\/v2\/product_tag?post=14698"}],"curies":[{"name":"wp","href":"https:\/\/api.w.org\/{rel}","templated":true}]}}