{"id":15283,"date":"2025-06-12T08:34:00","date_gmt":"2025-06-12T08:34:00","guid":{"rendered":"https:\/\/gloffy.ee\/product\/kiiltavat-laboratoriokasineet-3\/"},"modified":"2025-06-12T08:34:00","modified_gmt":"2025-06-12T08:34:00","slug":"kiiltavat-laboratoriokasineet-3","status":"publish","type":"product","link":"https:\/\/gloffy.ee\/fi\/tuote\/kiiltavat-laboratoriokasineet-3\/","title":{"rendered":"Kiilt\u00e4v\u00e4t laboratoriok\u00e4sineet"},"content":{"rendered":"<p>Perinteiset lapiohanskat jokap\u00e4iv\u00e4iseen k\u00e4ytt\u00f6\u00f6n. Valmistettu villasekoitteesta tai akryylist\u00e4. Sopivat syksyyn ja talveen, ne tarjoavat hyv\u00e4n suojan tuulta ja kylm\u00e4\u00e4 vastaan.  <\/p>\n<p>Valmistettu Liettuassa<\/p>\n<p><a href=\"https:\/\/gloffy.ee\/fi\/tuotteen-yllapito\/?fbclid=IwY2xjawI7qqxleHRuA2FlbQIxMAABHVxqMKSbUtvrRiQrP8cxL2rdw5XKcKdjlpT_s7CsXPIQmPw2CSl_ndH60w_aem_raL6PKwsHQRZK0ubnLzl-A\"><em><strong>Tuotteen yll\u00e4pito<\/strong><\/em><\/a><\/p>\n","protected":false},"excerpt":{"rendered":"<p>Perinteiset lapiohanskat jokap\u00e4iv\u00e4iseen k\u00e4ytt\u00f6\u00f6n. Valmistettu villasekoitteesta tai akryylist\u00e4. Sopivat syksyyn ja talveen, ne tarjoavat hyv\u00e4n suojan tuulta ja kylm\u00e4\u00e4 vastaan. Valmistettu Liettuassa Tuotteen yll\u00e4pito<\/p>\n","protected":false},"featured_media":11981,"comment_status":"open","ping_status":"closed","template":"","meta":[],"product_brand":[],"product_cat":[686,452],"product_tag":[],"class_list":{"0":"post-15283","1":"product","2":"type-product","3":"status-publish","4":"has-post-thumbnail","6":"product_cat-laboratoriokasineet-fi","7":"product_cat-naiset","8":"pa_brand-anjela-fi","9":"pa_suurus-yksi-koko","10":"pa_varv-musta","11":"pa_varv-vaaleanpunainen","13":"first","14":"instock","15":"taxable","16":"shipping-taxable","17":"purchasable","18":"product-type-variable"},"yoast_head":"<!-- This site is optimized with the Yoast SEO plugin v25.5 - https:\/\/yoast.com\/wordpress\/plugins\/seo\/ -->\n<title>Kiilt\u00e4v\u00e4t laboratoriok\u00e4sineet - Gloffy.ee<\/title>\n<meta name=\"robots\" content=\"index, follow, max-snippet:-1, max-image-preview:large, max-video-preview:-1\" \/>\n<link rel=\"canonical\" href=\"https:\/\/gloffy.ee\/fi\/tuote\/kiiltavat-laboratoriokasineet-3\/\" \/>\n<meta property=\"og:locale\" content=\"fi_FI\" \/>\n<meta property=\"og:type\" content=\"article\" \/>\n<meta property=\"og:title\" content=\"Kiilt\u00e4v\u00e4t laboratoriok\u00e4sineet - Gloffy.ee\" \/>\n<meta property=\"og:description\" content=\"Perinteiset lapiohanskat jokap\u00e4iv\u00e4iseen k\u00e4ytt\u00f6\u00f6n. Valmistettu villasekoitteesta tai akryylist\u00e4. Sopivat syksyyn ja talveen, ne tarjoavat hyv\u00e4n suojan tuulta ja kylm\u00e4\u00e4 vastaan. Valmistettu Liettuassa Tuotteen yll\u00e4pito\" \/>\n<meta property=\"og:url\" content=\"https:\/\/gloffy.ee\/fi\/tuote\/kiiltavat-laboratoriokasineet-3\/\" \/>\n<meta property=\"og:site_name\" content=\"Gloffy.ee\" \/>\n<meta property=\"og:image\" content=\"https:\/\/gloffy.ee\/app\/uploads\/2025\/06\/lai-roosa-resized.jpg\" \/>\n\t<meta property=\"og:image:width\" content=\"2000\" \/>\n\t<meta property=\"og:image:height\" content=\"2232\" \/>\n\t<meta property=\"og:image:type\" content=\"image\/jpeg\" \/>\n<meta name=\"twitter:card\" content=\"summary_large_image\" \/>\n<script type=\"application\/ld+json\" class=\"yoast-schema-graph\">{\"@context\":\"https:\/\/schema.org\",\"@graph\":[{\"@type\":[\"WebPage\",\"ItemPage\"],\"@id\":\"https:\/\/gloffy.ee\/fi\/tuote\/kiiltavat-laboratoriokasineet-3\/\",\"url\":\"https:\/\/gloffy.ee\/fi\/tuote\/kiiltavat-laboratoriokasineet-3\/\",\"name\":\"Kiilt\u00e4v\u00e4t laboratoriok\u00e4sineet - Gloffy.ee\",\"isPartOf\":{\"@id\":\"https:\/\/gloffy.ee\/#website\"},\"primaryImageOfPage\":{\"@id\":\"https:\/\/gloffy.ee\/fi\/tuote\/kiiltavat-laboratoriokasineet-3\/#primaryimage\"},\"image\":{\"@id\":\"https:\/\/gloffy.ee\/fi\/tuote\/kiiltavat-laboratoriokasineet-3\/#primaryimage\"},\"thumbnailUrl\":\"https:\/\/gloffy.ee\/app\/uploads\/2025\/06\/lai-roosa-resized.jpg\",\"datePublished\":\"2025-06-12T08:34:00+00:00\",\"breadcrumb\":{\"@id\":\"https:\/\/gloffy.ee\/fi\/tuote\/kiiltavat-laboratoriokasineet-3\/#breadcrumb\"},\"inLanguage\":\"fi\",\"potentialAction\":[{\"@type\":\"ReadAction\",\"target\":[\"https:\/\/gloffy.ee\/fi\/tuote\/kiiltavat-laboratoriokasineet-3\/\"]}]},{\"@type\":\"ImageObject\",\"inLanguage\":\"fi\",\"@id\":\"https:\/\/gloffy.ee\/fi\/tuote\/kiiltavat-laboratoriokasineet-3\/#primaryimage\",\"url\":\"https:\/\/gloffy.ee\/app\/uploads\/2025\/06\/lai-roosa-resized.jpg\",\"contentUrl\":\"https:\/\/gloffy.ee\/app\/uploads\/2025\/06\/lai-roosa-resized.jpg\",\"width\":2000,\"height\":2232},{\"@type\":\"BreadcrumbList\",\"@id\":\"https:\/\/gloffy.ee\/fi\/tuote\/kiiltavat-laboratoriokasineet-3\/#breadcrumb\",\"itemListElement\":[{\"@type\":\"ListItem\",\"position\":1,\"name\":\"Home\",\"item\":\"https:\/\/gloffy.ee\/fi\/\"},{\"@type\":\"ListItem\",\"position\":2,\"name\":\"Kauppa\",\"item\":\"https:\/\/gloffy.ee\/fi\/shop-2\/\"},{\"@type\":\"ListItem\",\"position\":3,\"name\":\"Kiilt\u00e4v\u00e4t laboratoriok\u00e4sineet\"}]},{\"@type\":\"WebSite\",\"@id\":\"https:\/\/gloffy.ee\/#website\",\"url\":\"https:\/\/gloffy.ee\/\",\"name\":\"Gloffy.ee\",\"description\":\"\",\"potentialAction\":[{\"@type\":\"SearchAction\",\"target\":{\"@type\":\"EntryPoint\",\"urlTemplate\":\"https:\/\/gloffy.ee\/?s={search_term_string}\"},\"query-input\":{\"@type\":\"PropertyValueSpecification\",\"valueRequired\":true,\"valueName\":\"search_term_string\"}}],\"inLanguage\":\"fi\"}]}<\/script>\n<!-- \/ Yoast SEO plugin. -->","yoast_head_json":{"title":"Kiilt\u00e4v\u00e4t laboratoriok\u00e4sineet - Gloffy.ee","robots":{"index":"index","follow":"follow","max-snippet":"max-snippet:-1","max-image-preview":"max-image-preview:large","max-video-preview":"max-video-preview:-1"},"canonical":"https:\/\/gloffy.ee\/fi\/tuote\/kiiltavat-laboratoriokasineet-3\/","og_locale":"fi_FI","og_type":"article","og_title":"Kiilt\u00e4v\u00e4t laboratoriok\u00e4sineet - Gloffy.ee","og_description":"Perinteiset lapiohanskat jokap\u00e4iv\u00e4iseen k\u00e4ytt\u00f6\u00f6n. Valmistettu villasekoitteesta tai akryylist\u00e4. Sopivat syksyyn ja talveen, ne tarjoavat hyv\u00e4n suojan tuulta ja kylm\u00e4\u00e4 vastaan. Valmistettu Liettuassa Tuotteen yll\u00e4pito","og_url":"https:\/\/gloffy.ee\/fi\/tuote\/kiiltavat-laboratoriokasineet-3\/","og_site_name":"Gloffy.ee","og_image":[{"width":2000,"height":2232,"url":"https:\/\/gloffy.ee\/app\/uploads\/2025\/06\/lai-roosa-resized.jpg","type":"image\/jpeg"}],"twitter_card":"summary_large_image","schema":{"@context":"https:\/\/schema.org","@graph":[{"@type":["WebPage","ItemPage"],"@id":"https:\/\/gloffy.ee\/fi\/tuote\/kiiltavat-laboratoriokasineet-3\/","url":"https:\/\/gloffy.ee\/fi\/tuote\/kiiltavat-laboratoriokasineet-3\/","name":"Kiilt\u00e4v\u00e4t laboratoriok\u00e4sineet - Gloffy.ee","isPartOf":{"@id":"https:\/\/gloffy.ee\/#website"},"primaryImageOfPage":{"@id":"https:\/\/gloffy.ee\/fi\/tuote\/kiiltavat-laboratoriokasineet-3\/#primaryimage"},"image":{"@id":"https:\/\/gloffy.ee\/fi\/tuote\/kiiltavat-laboratoriokasineet-3\/#primaryimage"},"thumbnailUrl":"https:\/\/gloffy.ee\/app\/uploads\/2025\/06\/lai-roosa-resized.jpg","datePublished":"2025-06-12T08:34:00+00:00","breadcrumb":{"@id":"https:\/\/gloffy.ee\/fi\/tuote\/kiiltavat-laboratoriokasineet-3\/#breadcrumb"},"inLanguage":"fi","potentialAction":[{"@type":"ReadAction","target":["https:\/\/gloffy.ee\/fi\/tuote\/kiiltavat-laboratoriokasineet-3\/"]}]},{"@type":"ImageObject","inLanguage":"fi","@id":"https:\/\/gloffy.ee\/fi\/tuote\/kiiltavat-laboratoriokasineet-3\/#primaryimage","url":"https:\/\/gloffy.ee\/app\/uploads\/2025\/06\/lai-roosa-resized.jpg","contentUrl":"https:\/\/gloffy.ee\/app\/uploads\/2025\/06\/lai-roosa-resized.jpg","width":2000,"height":2232},{"@type":"BreadcrumbList","@id":"https:\/\/gloffy.ee\/fi\/tuote\/kiiltavat-laboratoriokasineet-3\/#breadcrumb","itemListElement":[{"@type":"ListItem","position":1,"name":"Home","item":"https:\/\/gloffy.ee\/fi\/"},{"@type":"ListItem","position":2,"name":"Kauppa","item":"https:\/\/gloffy.ee\/fi\/shop-2\/"},{"@type":"ListItem","position":3,"name":"Kiilt\u00e4v\u00e4t laboratoriok\u00e4sineet"}]},{"@type":"WebSite","@id":"https:\/\/gloffy.ee\/#website","url":"https:\/\/gloffy.ee\/","name":"Gloffy.ee","description":"","potentialAction":[{"@type":"SearchAction","target":{"@type":"EntryPoint","urlTemplate":"https:\/\/gloffy.ee\/?s={search_term_string}"},"query-input":{"@type":"PropertyValueSpecification","valueRequired":true,"valueName":"search_term_string"}}],"inLanguage":"fi"}]}},"_links":{"self":[{"href":"https:\/\/gloffy.ee\/fi\/wp-json\/wp\/v2\/product\/15283","targetHints":{"allow":["GET"]}}],"collection":[{"href":"https:\/\/gloffy.ee\/fi\/wp-json\/wp\/v2\/product"}],"about":[{"href":"https:\/\/gloffy.ee\/fi\/wp-json\/wp\/v2\/types\/product"}],"replies":[{"embeddable":true,"href":"https:\/\/gloffy.ee\/fi\/wp-json\/wp\/v2\/comments?post=15283"}],"wp:featuredmedia":[{"embeddable":true,"href":"https:\/\/gloffy.ee\/fi\/wp-json\/wp\/v2\/media\/11981"}],"wp:attachment":[{"href":"https:\/\/gloffy.ee\/fi\/wp-json\/wp\/v2\/media?parent=15283"}],"wp:term":[{"taxonomy":"product_brand","embeddable":true,"href":"https:\/\/gloffy.ee\/fi\/wp-json\/wp\/v2\/product_brand?post=15283"},{"taxonomy":"product_cat","embeddable":true,"href":"https:\/\/gloffy.ee\/fi\/wp-json\/wp\/v2\/product_cat?post=15283"},{"taxonomy":"product_tag","embeddable":true,"href":"https:\/\/gloffy.ee\/fi\/wp-json\/wp\/v2\/product_tag?post=15283"}],"curies":[{"name":"wp","href":"https:\/\/api.w.org\/{rel}","templated":true}]}}