{"id":15342,"date":"2025-06-12T07:51:21","date_gmt":"2025-06-12T07:51:21","guid":{"rendered":"https:\/\/gloffy.ee\/product\/pehmeat-lapiohanskat-ugc\/"},"modified":"2025-06-12T07:51:21","modified_gmt":"2025-06-12T07:51:21","slug":"pehmeat-lapiohanskat-ugc","status":"publish","type":"product","link":"https:\/\/gloffy.ee\/fi\/tuote\/pehmeat-lapiohanskat-ugc\/","title":{"rendered":"Pehme\u00e4t lapiohanskat UGC"},"content":{"rendered":"<p>Perinteiset lapiohanskat jokap\u00e4iv\u00e4iseen k\u00e4ytt\u00f6\u00f6n. Valmistettu villasekoitteesta tai akryylist\u00e4. Sopivat syksyyn ja talveen, ne tarjoavat hyv\u00e4n suojan tuulta ja kylm\u00e4\u00e4 vastaan.  <\/p>\n<p>Valmistettu Liettuassa<\/p>\n<p><a href=\"https:\/\/gloffy.ee\/fi\/tuotteen-yllapito\/?fbclid=IwY2xjawI7qqxleHRuA2FlbQIxMAABHVxqMKSbUtvrRiQrP8cxL2rdw5XKcKdjlpT_s7CsXPIQmPw2CSl_ndH60w_aem_raL6PKwsHQRZK0ubnLzl-A\"><em><strong>Tuotteen yll\u00e4pito<\/strong><\/em><\/a><\/p>\n","protected":false},"excerpt":{"rendered":"<p>Perinteiset lapiohanskat jokap\u00e4iv\u00e4iseen k\u00e4ytt\u00f6\u00f6n. Valmistettu villasekoitteesta tai akryylist\u00e4. Sopivat syksyyn ja talveen, ne tarjoavat hyv\u00e4n suojan tuulta ja kylm\u00e4\u00e4 vastaan. Valmistettu Liettuassa Tuotteen yll\u00e4pito<\/p>\n","protected":false},"featured_media":12881,"comment_status":"open","ping_status":"closed","template":"","meta":[],"product_brand":[],"product_cat":[686,452],"product_tag":[],"class_list":{"0":"post-15342","1":"product","2":"type-product","3":"status-publish","4":"has-post-thumbnail","6":"product_cat-laboratoriokasineet-fi","7":"product_cat-naiset","8":"pa_brand-ronaerdo-fi","9":"pa_suurus-yksi-koko","10":"pa_varv-beez-fi","11":"pa_varv-hall-fi","12":"pa_varv-musta","13":"pa_varv-sininen","14":"pa_varv-tumehall-fi","15":"pa_varv-vaaleansininen","17":"first","18":"instock","19":"taxable","20":"shipping-taxable","21":"purchasable","22":"product-type-variable"},"yoast_head":"<!-- This site is optimized with the Yoast SEO plugin v25.5 - https:\/\/yoast.com\/wordpress\/plugins\/seo\/ -->\n<title>Pehme\u00e4t lapiohanskat UGC - Gloffy.ee<\/title>\n<meta name=\"robots\" content=\"index, follow, max-snippet:-1, max-image-preview:large, max-video-preview:-1\" \/>\n<link rel=\"canonical\" href=\"https:\/\/gloffy.ee\/fi\/tuote\/pehmeat-lapiohanskat-ugc\/\" \/>\n<meta property=\"og:locale\" content=\"fi_FI\" \/>\n<meta property=\"og:type\" content=\"article\" \/>\n<meta property=\"og:title\" content=\"Pehme\u00e4t lapiohanskat UGC - Gloffy.ee\" \/>\n<meta property=\"og:description\" content=\"Perinteiset lapiohanskat jokap\u00e4iv\u00e4iseen k\u00e4ytt\u00f6\u00f6n. Valmistettu villasekoitteesta tai akryylist\u00e4. Sopivat syksyyn ja talveen, ne tarjoavat hyv\u00e4n suojan tuulta ja kylm\u00e4\u00e4 vastaan. Valmistettu Liettuassa Tuotteen yll\u00e4pito\" \/>\n<meta property=\"og:url\" content=\"https:\/\/gloffy.ee\/fi\/tuote\/pehmeat-lapiohanskat-ugc\/\" \/>\n<meta property=\"og:site_name\" content=\"Gloffy.ee\" \/>\n<meta property=\"og:image\" content=\"https:\/\/gloffy.ee\/app\/uploads\/2025\/06\/plhn-resized.jpg\" \/>\n\t<meta property=\"og:image:width\" content=\"2000\" \/>\n\t<meta property=\"og:image:height\" content=\"2264\" \/>\n\t<meta property=\"og:image:type\" content=\"image\/jpeg\" \/>\n<meta name=\"twitter:card\" content=\"summary_large_image\" \/>\n<script type=\"application\/ld+json\" class=\"yoast-schema-graph\">{\"@context\":\"https:\/\/schema.org\",\"@graph\":[{\"@type\":[\"WebPage\",\"ItemPage\"],\"@id\":\"https:\/\/gloffy.ee\/fi\/tuote\/pehmeat-lapiohanskat-ugc\/\",\"url\":\"https:\/\/gloffy.ee\/fi\/tuote\/pehmeat-lapiohanskat-ugc\/\",\"name\":\"Pehme\u00e4t lapiohanskat UGC - Gloffy.ee\",\"isPartOf\":{\"@id\":\"https:\/\/gloffy.ee\/#website\"},\"primaryImageOfPage\":{\"@id\":\"https:\/\/gloffy.ee\/fi\/tuote\/pehmeat-lapiohanskat-ugc\/#primaryimage\"},\"image\":{\"@id\":\"https:\/\/gloffy.ee\/fi\/tuote\/pehmeat-lapiohanskat-ugc\/#primaryimage\"},\"thumbnailUrl\":\"https:\/\/gloffy.ee\/app\/uploads\/2025\/06\/plhn-resized.jpg\",\"datePublished\":\"2025-06-12T07:51:21+00:00\",\"breadcrumb\":{\"@id\":\"https:\/\/gloffy.ee\/fi\/tuote\/pehmeat-lapiohanskat-ugc\/#breadcrumb\"},\"inLanguage\":\"fi\",\"potentialAction\":[{\"@type\":\"ReadAction\",\"target\":[\"https:\/\/gloffy.ee\/fi\/tuote\/pehmeat-lapiohanskat-ugc\/\"]}]},{\"@type\":\"ImageObject\",\"inLanguage\":\"fi\",\"@id\":\"https:\/\/gloffy.ee\/fi\/tuote\/pehmeat-lapiohanskat-ugc\/#primaryimage\",\"url\":\"https:\/\/gloffy.ee\/app\/uploads\/2025\/06\/plhn-resized.jpg\",\"contentUrl\":\"https:\/\/gloffy.ee\/app\/uploads\/2025\/06\/plhn-resized.jpg\",\"width\":2000,\"height\":2264},{\"@type\":\"BreadcrumbList\",\"@id\":\"https:\/\/gloffy.ee\/fi\/tuote\/pehmeat-lapiohanskat-ugc\/#breadcrumb\",\"itemListElement\":[{\"@type\":\"ListItem\",\"position\":1,\"name\":\"Home\",\"item\":\"https:\/\/gloffy.ee\/fi\/\"},{\"@type\":\"ListItem\",\"position\":2,\"name\":\"Kauppa\",\"item\":\"https:\/\/gloffy.ee\/fi\/shop-2\/\"},{\"@type\":\"ListItem\",\"position\":3,\"name\":\"Pehme\u00e4t lapiohanskat UGC\"}]},{\"@type\":\"WebSite\",\"@id\":\"https:\/\/gloffy.ee\/#website\",\"url\":\"https:\/\/gloffy.ee\/\",\"name\":\"Gloffy.ee\",\"description\":\"\",\"potentialAction\":[{\"@type\":\"SearchAction\",\"target\":{\"@type\":\"EntryPoint\",\"urlTemplate\":\"https:\/\/gloffy.ee\/?s={search_term_string}\"},\"query-input\":{\"@type\":\"PropertyValueSpecification\",\"valueRequired\":true,\"valueName\":\"search_term_string\"}}],\"inLanguage\":\"fi\"}]}<\/script>\n<!-- \/ Yoast SEO plugin. -->","yoast_head_json":{"title":"Pehme\u00e4t lapiohanskat UGC - Gloffy.ee","robots":{"index":"index","follow":"follow","max-snippet":"max-snippet:-1","max-image-preview":"max-image-preview:large","max-video-preview":"max-video-preview:-1"},"canonical":"https:\/\/gloffy.ee\/fi\/tuote\/pehmeat-lapiohanskat-ugc\/","og_locale":"fi_FI","og_type":"article","og_title":"Pehme\u00e4t lapiohanskat UGC - Gloffy.ee","og_description":"Perinteiset lapiohanskat jokap\u00e4iv\u00e4iseen k\u00e4ytt\u00f6\u00f6n. Valmistettu villasekoitteesta tai akryylist\u00e4. Sopivat syksyyn ja talveen, ne tarjoavat hyv\u00e4n suojan tuulta ja kylm\u00e4\u00e4 vastaan. Valmistettu Liettuassa Tuotteen yll\u00e4pito","og_url":"https:\/\/gloffy.ee\/fi\/tuote\/pehmeat-lapiohanskat-ugc\/","og_site_name":"Gloffy.ee","og_image":[{"width":2000,"height":2264,"url":"https:\/\/gloffy.ee\/app\/uploads\/2025\/06\/plhn-resized.jpg","type":"image\/jpeg"}],"twitter_card":"summary_large_image","schema":{"@context":"https:\/\/schema.org","@graph":[{"@type":["WebPage","ItemPage"],"@id":"https:\/\/gloffy.ee\/fi\/tuote\/pehmeat-lapiohanskat-ugc\/","url":"https:\/\/gloffy.ee\/fi\/tuote\/pehmeat-lapiohanskat-ugc\/","name":"Pehme\u00e4t lapiohanskat UGC - Gloffy.ee","isPartOf":{"@id":"https:\/\/gloffy.ee\/#website"},"primaryImageOfPage":{"@id":"https:\/\/gloffy.ee\/fi\/tuote\/pehmeat-lapiohanskat-ugc\/#primaryimage"},"image":{"@id":"https:\/\/gloffy.ee\/fi\/tuote\/pehmeat-lapiohanskat-ugc\/#primaryimage"},"thumbnailUrl":"https:\/\/gloffy.ee\/app\/uploads\/2025\/06\/plhn-resized.jpg","datePublished":"2025-06-12T07:51:21+00:00","breadcrumb":{"@id":"https:\/\/gloffy.ee\/fi\/tuote\/pehmeat-lapiohanskat-ugc\/#breadcrumb"},"inLanguage":"fi","potentialAction":[{"@type":"ReadAction","target":["https:\/\/gloffy.ee\/fi\/tuote\/pehmeat-lapiohanskat-ugc\/"]}]},{"@type":"ImageObject","inLanguage":"fi","@id":"https:\/\/gloffy.ee\/fi\/tuote\/pehmeat-lapiohanskat-ugc\/#primaryimage","url":"https:\/\/gloffy.ee\/app\/uploads\/2025\/06\/plhn-resized.jpg","contentUrl":"https:\/\/gloffy.ee\/app\/uploads\/2025\/06\/plhn-resized.jpg","width":2000,"height":2264},{"@type":"BreadcrumbList","@id":"https:\/\/gloffy.ee\/fi\/tuote\/pehmeat-lapiohanskat-ugc\/#breadcrumb","itemListElement":[{"@type":"ListItem","position":1,"name":"Home","item":"https:\/\/gloffy.ee\/fi\/"},{"@type":"ListItem","position":2,"name":"Kauppa","item":"https:\/\/gloffy.ee\/fi\/shop-2\/"},{"@type":"ListItem","position":3,"name":"Pehme\u00e4t lapiohanskat UGC"}]},{"@type":"WebSite","@id":"https:\/\/gloffy.ee\/#website","url":"https:\/\/gloffy.ee\/","name":"Gloffy.ee","description":"","potentialAction":[{"@type":"SearchAction","target":{"@type":"EntryPoint","urlTemplate":"https:\/\/gloffy.ee\/?s={search_term_string}"},"query-input":{"@type":"PropertyValueSpecification","valueRequired":true,"valueName":"search_term_string"}}],"inLanguage":"fi"}]}},"_links":{"self":[{"href":"https:\/\/gloffy.ee\/fi\/wp-json\/wp\/v2\/product\/15342","targetHints":{"allow":["GET"]}}],"collection":[{"href":"https:\/\/gloffy.ee\/fi\/wp-json\/wp\/v2\/product"}],"about":[{"href":"https:\/\/gloffy.ee\/fi\/wp-json\/wp\/v2\/types\/product"}],"replies":[{"embeddable":true,"href":"https:\/\/gloffy.ee\/fi\/wp-json\/wp\/v2\/comments?post=15342"}],"wp:featuredmedia":[{"embeddable":true,"href":"https:\/\/gloffy.ee\/fi\/wp-json\/wp\/v2\/media\/12881"}],"wp:attachment":[{"href":"https:\/\/gloffy.ee\/fi\/wp-json\/wp\/v2\/media?parent=15342"}],"wp:term":[{"taxonomy":"product_brand","embeddable":true,"href":"https:\/\/gloffy.ee\/fi\/wp-json\/wp\/v2\/product_brand?post=15342"},{"taxonomy":"product_cat","embeddable":true,"href":"https:\/\/gloffy.ee\/fi\/wp-json\/wp\/v2\/product_cat?post=15342"},{"taxonomy":"product_tag","embeddable":true,"href":"https:\/\/gloffy.ee\/fi\/wp-json\/wp\/v2\/product_tag?post=15342"}],"curies":[{"name":"wp","href":"https:\/\/api.w.org\/{rel}","templated":true}]}}