{"id":15398,"date":"2025-06-12T07:11:52","date_gmt":"2025-06-12T07:11:52","guid":{"rendered":"https:\/\/gloffy.ee\/product\/lasten-lampaannahkakasineet\/"},"modified":"2025-06-12T07:11:52","modified_gmt":"2025-06-12T07:11:52","slug":"lasten-lampaannahkakasineet","status":"publish","type":"product","link":"https:\/\/gloffy.ee\/fi\/tuote\/lasten-lampaannahkakasineet\/","title":{"rendered":"Lasten lampaannahkak\u00e4sineet"},"content":{"rendered":"<p>Lammasnahalle on ominaista sen pehmeys, kest\u00e4vyys ja vaikuttava ulkon\u00e4k\u00f6.<\/p>\n<p>Made in Liettua<\/p>\n<p><a href=\"https:\/\/gloffy.ee\/fi\/tuotteen-yllapito\/?fbclid=IwY2xjawI7qqxleHRuA2FlbQIxMAABHVxqMKSbUtvrRiQrP8cxL2rdw5XKcKdjlpT_s7CsXPIQmPw2CSl_ndH60w_aem_raL6PKwsHQRZK0ubnLzl-A\"><em><strong>Tuotteen hoito<\/strong><\/em><\/a><\/p>\n","protected":false},"excerpt":{"rendered":"<p>Lammasnahalle on ominaista sen pehmeys, kest\u00e4vyys ja vaikuttava ulkon\u00e4k\u00f6. Made in Liettua Tuotteen hoito<\/p>\n","protected":false},"featured_media":11906,"comment_status":"open","ping_status":"closed","template":"","meta":[],"product_brand":[],"product_cat":[637,586],"product_tag":[],"class_list":{"0":"post-15398","1":"product","2":"type-product","3":"status-publish","4":"has-post-thumbnail","6":"product_cat-kasineet-fi","7":"product_cat-lapset","8":"pa_brand-allure-fi","9":"pa_suurus-yksi-koko","10":"pa_varv-musta","11":"pa_varv-ruskea","12":"pa_varv-sininen","13":"pa_varv-tumehall-fi","15":"first","16":"instock","17":"taxable","18":"shipping-taxable","19":"purchasable","20":"product-type-variable"},"yoast_head":"<!-- This site is optimized with the Yoast SEO plugin v25.5 - https:\/\/yoast.com\/wordpress\/plugins\/seo\/ -->\n<title>Lasten lampaannahkak\u00e4sineet - Gloffy.ee<\/title>\n<meta name=\"robots\" content=\"index, follow, max-snippet:-1, max-image-preview:large, max-video-preview:-1\" \/>\n<link rel=\"canonical\" href=\"https:\/\/gloffy.ee\/fi\/tuote\/lasten-lampaannahkakasineet\/\" \/>\n<meta property=\"og:locale\" content=\"fi_FI\" \/>\n<meta property=\"og:type\" content=\"article\" \/>\n<meta property=\"og:title\" content=\"Lasten lampaannahkak\u00e4sineet - Gloffy.ee\" \/>\n<meta property=\"og:description\" content=\"Lammasnahalle on ominaista sen pehmeys, kest\u00e4vyys ja vaikuttava ulkon\u00e4k\u00f6. Made in Liettua Tuotteen hoito\" \/>\n<meta property=\"og:url\" content=\"https:\/\/gloffy.ee\/fi\/tuote\/lasten-lampaannahkakasineet\/\" \/>\n<meta property=\"og:site_name\" content=\"Gloffy.ee\" \/>\n<meta property=\"og:image\" content=\"https:\/\/gloffy.ee\/app\/uploads\/2025\/06\/kindad-pruun-l-resized-1.jpg\" \/>\n\t<meta property=\"og:image:width\" content=\"2000\" \/>\n\t<meta property=\"og:image:height\" content=\"2182\" \/>\n\t<meta property=\"og:image:type\" content=\"image\/jpeg\" \/>\n<meta name=\"twitter:card\" content=\"summary_large_image\" \/>\n<script type=\"application\/ld+json\" class=\"yoast-schema-graph\">{\"@context\":\"https:\/\/schema.org\",\"@graph\":[{\"@type\":[\"WebPage\",\"ItemPage\"],\"@id\":\"https:\/\/gloffy.ee\/fi\/tuote\/lasten-lampaannahkakasineet\/\",\"url\":\"https:\/\/gloffy.ee\/fi\/tuote\/lasten-lampaannahkakasineet\/\",\"name\":\"Lasten lampaannahkak\u00e4sineet - Gloffy.ee\",\"isPartOf\":{\"@id\":\"https:\/\/gloffy.ee\/#website\"},\"primaryImageOfPage\":{\"@id\":\"https:\/\/gloffy.ee\/fi\/tuote\/lasten-lampaannahkakasineet\/#primaryimage\"},\"image\":{\"@id\":\"https:\/\/gloffy.ee\/fi\/tuote\/lasten-lampaannahkakasineet\/#primaryimage\"},\"thumbnailUrl\":\"https:\/\/gloffy.ee\/app\/uploads\/2025\/06\/kindad-pruun-l-resized-1.jpg\",\"datePublished\":\"2025-06-12T07:11:52+00:00\",\"breadcrumb\":{\"@id\":\"https:\/\/gloffy.ee\/fi\/tuote\/lasten-lampaannahkakasineet\/#breadcrumb\"},\"inLanguage\":\"fi\",\"potentialAction\":[{\"@type\":\"ReadAction\",\"target\":[\"https:\/\/gloffy.ee\/fi\/tuote\/lasten-lampaannahkakasineet\/\"]}]},{\"@type\":\"ImageObject\",\"inLanguage\":\"fi\",\"@id\":\"https:\/\/gloffy.ee\/fi\/tuote\/lasten-lampaannahkakasineet\/#primaryimage\",\"url\":\"https:\/\/gloffy.ee\/app\/uploads\/2025\/06\/kindad-pruun-l-resized-1.jpg\",\"contentUrl\":\"https:\/\/gloffy.ee\/app\/uploads\/2025\/06\/kindad-pruun-l-resized-1.jpg\",\"width\":2000,\"height\":2182},{\"@type\":\"BreadcrumbList\",\"@id\":\"https:\/\/gloffy.ee\/fi\/tuote\/lasten-lampaannahkakasineet\/#breadcrumb\",\"itemListElement\":[{\"@type\":\"ListItem\",\"position\":1,\"name\":\"Home\",\"item\":\"https:\/\/gloffy.ee\/fi\/\"},{\"@type\":\"ListItem\",\"position\":2,\"name\":\"Kauppa\",\"item\":\"https:\/\/gloffy.ee\/fi\/shop-2\/\"},{\"@type\":\"ListItem\",\"position\":3,\"name\":\"Lasten lampaannahkak\u00e4sineet\"}]},{\"@type\":\"WebSite\",\"@id\":\"https:\/\/gloffy.ee\/#website\",\"url\":\"https:\/\/gloffy.ee\/\",\"name\":\"Gloffy.ee\",\"description\":\"\",\"potentialAction\":[{\"@type\":\"SearchAction\",\"target\":{\"@type\":\"EntryPoint\",\"urlTemplate\":\"https:\/\/gloffy.ee\/?s={search_term_string}\"},\"query-input\":{\"@type\":\"PropertyValueSpecification\",\"valueRequired\":true,\"valueName\":\"search_term_string\"}}],\"inLanguage\":\"fi\"}]}<\/script>\n<!-- \/ Yoast SEO plugin. -->","yoast_head_json":{"title":"Lasten lampaannahkak\u00e4sineet - Gloffy.ee","robots":{"index":"index","follow":"follow","max-snippet":"max-snippet:-1","max-image-preview":"max-image-preview:large","max-video-preview":"max-video-preview:-1"},"canonical":"https:\/\/gloffy.ee\/fi\/tuote\/lasten-lampaannahkakasineet\/","og_locale":"fi_FI","og_type":"article","og_title":"Lasten lampaannahkak\u00e4sineet - Gloffy.ee","og_description":"Lammasnahalle on ominaista sen pehmeys, kest\u00e4vyys ja vaikuttava ulkon\u00e4k\u00f6. Made in Liettua Tuotteen hoito","og_url":"https:\/\/gloffy.ee\/fi\/tuote\/lasten-lampaannahkakasineet\/","og_site_name":"Gloffy.ee","og_image":[{"width":2000,"height":2182,"url":"https:\/\/gloffy.ee\/app\/uploads\/2025\/06\/kindad-pruun-l-resized-1.jpg","type":"image\/jpeg"}],"twitter_card":"summary_large_image","schema":{"@context":"https:\/\/schema.org","@graph":[{"@type":["WebPage","ItemPage"],"@id":"https:\/\/gloffy.ee\/fi\/tuote\/lasten-lampaannahkakasineet\/","url":"https:\/\/gloffy.ee\/fi\/tuote\/lasten-lampaannahkakasineet\/","name":"Lasten lampaannahkak\u00e4sineet - Gloffy.ee","isPartOf":{"@id":"https:\/\/gloffy.ee\/#website"},"primaryImageOfPage":{"@id":"https:\/\/gloffy.ee\/fi\/tuote\/lasten-lampaannahkakasineet\/#primaryimage"},"image":{"@id":"https:\/\/gloffy.ee\/fi\/tuote\/lasten-lampaannahkakasineet\/#primaryimage"},"thumbnailUrl":"https:\/\/gloffy.ee\/app\/uploads\/2025\/06\/kindad-pruun-l-resized-1.jpg","datePublished":"2025-06-12T07:11:52+00:00","breadcrumb":{"@id":"https:\/\/gloffy.ee\/fi\/tuote\/lasten-lampaannahkakasineet\/#breadcrumb"},"inLanguage":"fi","potentialAction":[{"@type":"ReadAction","target":["https:\/\/gloffy.ee\/fi\/tuote\/lasten-lampaannahkakasineet\/"]}]},{"@type":"ImageObject","inLanguage":"fi","@id":"https:\/\/gloffy.ee\/fi\/tuote\/lasten-lampaannahkakasineet\/#primaryimage","url":"https:\/\/gloffy.ee\/app\/uploads\/2025\/06\/kindad-pruun-l-resized-1.jpg","contentUrl":"https:\/\/gloffy.ee\/app\/uploads\/2025\/06\/kindad-pruun-l-resized-1.jpg","width":2000,"height":2182},{"@type":"BreadcrumbList","@id":"https:\/\/gloffy.ee\/fi\/tuote\/lasten-lampaannahkakasineet\/#breadcrumb","itemListElement":[{"@type":"ListItem","position":1,"name":"Home","item":"https:\/\/gloffy.ee\/fi\/"},{"@type":"ListItem","position":2,"name":"Kauppa","item":"https:\/\/gloffy.ee\/fi\/shop-2\/"},{"@type":"ListItem","position":3,"name":"Lasten lampaannahkak\u00e4sineet"}]},{"@type":"WebSite","@id":"https:\/\/gloffy.ee\/#website","url":"https:\/\/gloffy.ee\/","name":"Gloffy.ee","description":"","potentialAction":[{"@type":"SearchAction","target":{"@type":"EntryPoint","urlTemplate":"https:\/\/gloffy.ee\/?s={search_term_string}"},"query-input":{"@type":"PropertyValueSpecification","valueRequired":true,"valueName":"search_term_string"}}],"inLanguage":"fi"}]}},"_links":{"self":[{"href":"https:\/\/gloffy.ee\/fi\/wp-json\/wp\/v2\/product\/15398","targetHints":{"allow":["GET"]}}],"collection":[{"href":"https:\/\/gloffy.ee\/fi\/wp-json\/wp\/v2\/product"}],"about":[{"href":"https:\/\/gloffy.ee\/fi\/wp-json\/wp\/v2\/types\/product"}],"replies":[{"embeddable":true,"href":"https:\/\/gloffy.ee\/fi\/wp-json\/wp\/v2\/comments?post=15398"}],"wp:featuredmedia":[{"embeddable":true,"href":"https:\/\/gloffy.ee\/fi\/wp-json\/wp\/v2\/media\/11906"}],"wp:attachment":[{"href":"https:\/\/gloffy.ee\/fi\/wp-json\/wp\/v2\/media?parent=15398"}],"wp:term":[{"taxonomy":"product_brand","embeddable":true,"href":"https:\/\/gloffy.ee\/fi\/wp-json\/wp\/v2\/product_brand?post=15398"},{"taxonomy":"product_cat","embeddable":true,"href":"https:\/\/gloffy.ee\/fi\/wp-json\/wp\/v2\/product_cat?post=15398"},{"taxonomy":"product_tag","embeddable":true,"href":"https:\/\/gloffy.ee\/fi\/wp-json\/wp\/v2\/product_tag?post=15398"}],"curies":[{"name":"wp","href":"https:\/\/api.w.org\/{rel}","templated":true}]}}