{"id":15449,"date":"2025-06-11T12:48:31","date_gmt":"2025-06-11T12:48:31","guid":{"rendered":"https:\/\/gloffy.ee\/product\/kasineet-joissa-on-kani\/"},"modified":"2025-06-11T12:48:31","modified_gmt":"2025-06-11T12:48:31","slug":"kasineet-joissa-on-kani","status":"publish","type":"product","link":"https:\/\/gloffy.ee\/fi\/tuote\/kasineet-joissa-on-kani\/","title":{"rendered":"K\u00e4sineet, joissa on kani"},"content":{"rendered":"<p>K\u00e4sineet, joissa on kanin turkisvuori. Eritt\u00e4in l\u00e4mpim\u00e4t ja pehme\u00e4t, t\u00e4ydelliset koleisiin talvip\u00e4iviin. P\u00e4\u00e4llinen voi olla nahkaa tai tekstiili\u00e4.  <\/p>\n<p>Valmistettu Liettuassa<\/p>\n<p><a href=\"https:\/\/gloffy.ee\/fi\/tuotteen-yllapito\/?fbclid=IwY2xjawI7qqxleHRuA2FlbQIxMAABHVxqMKSbUtvrRiQrP8cxL2rdw5XKcKdjlpT_s7CsXPIQmPw2CSl_ndH60w_aem_raL6PKwsHQRZK0ubnLzl-A\"><em><strong>Tuotteen yll\u00e4pito<\/strong><\/em><\/a><\/p>\n","protected":false},"excerpt":{"rendered":"<p>K\u00e4sineet, joissa on kanin turkisvuori. Eritt\u00e4in l\u00e4mpim\u00e4t ja pehme\u00e4t, t\u00e4ydelliset koleisiin talvip\u00e4iviin. P\u00e4\u00e4llinen voi olla nahkaa tai tekstiili\u00e4. Valmistettu Liettuassa Tuotteen yll\u00e4pito<\/p>\n","protected":false},"featured_media":11747,"comment_status":"open","ping_status":"closed","template":"","meta":[],"product_brand":[],"product_cat":[530,686,452],"product_tag":[],"class_list":{"0":"post-15449","1":"product","2":"type-product","3":"status-publish","4":"has-post-thumbnail","6":"product_cat-kasineet","7":"product_cat-laboratoriokasineet-fi","8":"product_cat-naiset","9":"pa_brand-allure-fi","10":"pa_suurus-6-5-fi","11":"pa_suurus-7-fi","12":"pa_suurus-7-5-fi","13":"pa_suurus-8-fi","14":"pa_suurus-8-5-fi","15":"pa_suurus-9-fi","16":"pa_varv-musta","18":"first","19":"instock","20":"taxable","21":"shipping-taxable","22":"purchasable","23":"product-type-variable"},"yoast_head":"<!-- This site is optimized with the Yoast SEO plugin v25.5 - https:\/\/yoast.com\/wordpress\/plugins\/seo\/ -->\n<title>K\u00e4sineet, joissa on kani - Gloffy.ee<\/title>\n<meta name=\"robots\" content=\"index, follow, max-snippet:-1, max-image-preview:large, max-video-preview:-1\" \/>\n<link rel=\"canonical\" href=\"https:\/\/gloffy.ee\/fi\/tuote\/kasineet-joissa-on-kani\/\" \/>\n<meta property=\"og:locale\" content=\"fi_FI\" \/>\n<meta property=\"og:type\" content=\"article\" \/>\n<meta property=\"og:title\" content=\"K\u00e4sineet, joissa on kani - Gloffy.ee\" \/>\n<meta property=\"og:description\" content=\"K\u00e4sineet, joissa on kanin turkisvuori. Eritt\u00e4in l\u00e4mpim\u00e4t ja pehme\u00e4t, t\u00e4ydelliset koleisiin talvip\u00e4iviin. P\u00e4\u00e4llinen voi olla nahkaa tai tekstiili\u00e4. Valmistettu Liettuassa Tuotteen yll\u00e4pito\" \/>\n<meta property=\"og:url\" content=\"https:\/\/gloffy.ee\/fi\/tuote\/kasineet-joissa-on-kani\/\" \/>\n<meta property=\"og:site_name\" content=\"Gloffy.ee\" \/>\n<meta property=\"og:image\" content=\"https:\/\/gloffy.ee\/app\/uploads\/2025\/06\/jaanes-must-n-resized-1.jpg\" \/>\n\t<meta property=\"og:image:width\" content=\"2000\" \/>\n\t<meta property=\"og:image:height\" content=\"2434\" \/>\n\t<meta property=\"og:image:type\" content=\"image\/jpeg\" \/>\n<meta name=\"twitter:card\" content=\"summary_large_image\" \/>\n<script type=\"application\/ld+json\" class=\"yoast-schema-graph\">{\"@context\":\"https:\/\/schema.org\",\"@graph\":[{\"@type\":[\"WebPage\",\"ItemPage\"],\"@id\":\"https:\/\/gloffy.ee\/fi\/tuote\/kasineet-joissa-on-kani\/\",\"url\":\"https:\/\/gloffy.ee\/fi\/tuote\/kasineet-joissa-on-kani\/\",\"name\":\"K\u00e4sineet, joissa on kani - Gloffy.ee\",\"isPartOf\":{\"@id\":\"https:\/\/gloffy.ee\/#website\"},\"primaryImageOfPage\":{\"@id\":\"https:\/\/gloffy.ee\/fi\/tuote\/kasineet-joissa-on-kani\/#primaryimage\"},\"image\":{\"@id\":\"https:\/\/gloffy.ee\/fi\/tuote\/kasineet-joissa-on-kani\/#primaryimage\"},\"thumbnailUrl\":\"https:\/\/gloffy.ee\/app\/uploads\/2025\/06\/jaanes-must-n-resized-1.jpg\",\"datePublished\":\"2025-06-11T12:48:31+00:00\",\"breadcrumb\":{\"@id\":\"https:\/\/gloffy.ee\/fi\/tuote\/kasineet-joissa-on-kani\/#breadcrumb\"},\"inLanguage\":\"fi\",\"potentialAction\":[{\"@type\":\"ReadAction\",\"target\":[\"https:\/\/gloffy.ee\/fi\/tuote\/kasineet-joissa-on-kani\/\"]}]},{\"@type\":\"ImageObject\",\"inLanguage\":\"fi\",\"@id\":\"https:\/\/gloffy.ee\/fi\/tuote\/kasineet-joissa-on-kani\/#primaryimage\",\"url\":\"https:\/\/gloffy.ee\/app\/uploads\/2025\/06\/jaanes-must-n-resized-1.jpg\",\"contentUrl\":\"https:\/\/gloffy.ee\/app\/uploads\/2025\/06\/jaanes-must-n-resized-1.jpg\",\"width\":2000,\"height\":2434},{\"@type\":\"BreadcrumbList\",\"@id\":\"https:\/\/gloffy.ee\/fi\/tuote\/kasineet-joissa-on-kani\/#breadcrumb\",\"itemListElement\":[{\"@type\":\"ListItem\",\"position\":1,\"name\":\"Home\",\"item\":\"https:\/\/gloffy.ee\/fi\/\"},{\"@type\":\"ListItem\",\"position\":2,\"name\":\"Kauppa\",\"item\":\"https:\/\/gloffy.ee\/fi\/shop-2\/\"},{\"@type\":\"ListItem\",\"position\":3,\"name\":\"K\u00e4sineet, joissa on kani\"}]},{\"@type\":\"WebSite\",\"@id\":\"https:\/\/gloffy.ee\/#website\",\"url\":\"https:\/\/gloffy.ee\/\",\"name\":\"Gloffy.ee\",\"description\":\"\",\"potentialAction\":[{\"@type\":\"SearchAction\",\"target\":{\"@type\":\"EntryPoint\",\"urlTemplate\":\"https:\/\/gloffy.ee\/?s={search_term_string}\"},\"query-input\":{\"@type\":\"PropertyValueSpecification\",\"valueRequired\":true,\"valueName\":\"search_term_string\"}}],\"inLanguage\":\"fi\"}]}<\/script>\n<!-- \/ Yoast SEO plugin. -->","yoast_head_json":{"title":"K\u00e4sineet, joissa on kani - Gloffy.ee","robots":{"index":"index","follow":"follow","max-snippet":"max-snippet:-1","max-image-preview":"max-image-preview:large","max-video-preview":"max-video-preview:-1"},"canonical":"https:\/\/gloffy.ee\/fi\/tuote\/kasineet-joissa-on-kani\/","og_locale":"fi_FI","og_type":"article","og_title":"K\u00e4sineet, joissa on kani - Gloffy.ee","og_description":"K\u00e4sineet, joissa on kanin turkisvuori. Eritt\u00e4in l\u00e4mpim\u00e4t ja pehme\u00e4t, t\u00e4ydelliset koleisiin talvip\u00e4iviin. P\u00e4\u00e4llinen voi olla nahkaa tai tekstiili\u00e4. Valmistettu Liettuassa Tuotteen yll\u00e4pito","og_url":"https:\/\/gloffy.ee\/fi\/tuote\/kasineet-joissa-on-kani\/","og_site_name":"Gloffy.ee","og_image":[{"width":2000,"height":2434,"url":"https:\/\/gloffy.ee\/app\/uploads\/2025\/06\/jaanes-must-n-resized-1.jpg","type":"image\/jpeg"}],"twitter_card":"summary_large_image","schema":{"@context":"https:\/\/schema.org","@graph":[{"@type":["WebPage","ItemPage"],"@id":"https:\/\/gloffy.ee\/fi\/tuote\/kasineet-joissa-on-kani\/","url":"https:\/\/gloffy.ee\/fi\/tuote\/kasineet-joissa-on-kani\/","name":"K\u00e4sineet, joissa on kani - Gloffy.ee","isPartOf":{"@id":"https:\/\/gloffy.ee\/#website"},"primaryImageOfPage":{"@id":"https:\/\/gloffy.ee\/fi\/tuote\/kasineet-joissa-on-kani\/#primaryimage"},"image":{"@id":"https:\/\/gloffy.ee\/fi\/tuote\/kasineet-joissa-on-kani\/#primaryimage"},"thumbnailUrl":"https:\/\/gloffy.ee\/app\/uploads\/2025\/06\/jaanes-must-n-resized-1.jpg","datePublished":"2025-06-11T12:48:31+00:00","breadcrumb":{"@id":"https:\/\/gloffy.ee\/fi\/tuote\/kasineet-joissa-on-kani\/#breadcrumb"},"inLanguage":"fi","potentialAction":[{"@type":"ReadAction","target":["https:\/\/gloffy.ee\/fi\/tuote\/kasineet-joissa-on-kani\/"]}]},{"@type":"ImageObject","inLanguage":"fi","@id":"https:\/\/gloffy.ee\/fi\/tuote\/kasineet-joissa-on-kani\/#primaryimage","url":"https:\/\/gloffy.ee\/app\/uploads\/2025\/06\/jaanes-must-n-resized-1.jpg","contentUrl":"https:\/\/gloffy.ee\/app\/uploads\/2025\/06\/jaanes-must-n-resized-1.jpg","width":2000,"height":2434},{"@type":"BreadcrumbList","@id":"https:\/\/gloffy.ee\/fi\/tuote\/kasineet-joissa-on-kani\/#breadcrumb","itemListElement":[{"@type":"ListItem","position":1,"name":"Home","item":"https:\/\/gloffy.ee\/fi\/"},{"@type":"ListItem","position":2,"name":"Kauppa","item":"https:\/\/gloffy.ee\/fi\/shop-2\/"},{"@type":"ListItem","position":3,"name":"K\u00e4sineet, joissa on kani"}]},{"@type":"WebSite","@id":"https:\/\/gloffy.ee\/#website","url":"https:\/\/gloffy.ee\/","name":"Gloffy.ee","description":"","potentialAction":[{"@type":"SearchAction","target":{"@type":"EntryPoint","urlTemplate":"https:\/\/gloffy.ee\/?s={search_term_string}"},"query-input":{"@type":"PropertyValueSpecification","valueRequired":true,"valueName":"search_term_string"}}],"inLanguage":"fi"}]}},"_links":{"self":[{"href":"https:\/\/gloffy.ee\/fi\/wp-json\/wp\/v2\/product\/15449","targetHints":{"allow":["GET"]}}],"collection":[{"href":"https:\/\/gloffy.ee\/fi\/wp-json\/wp\/v2\/product"}],"about":[{"href":"https:\/\/gloffy.ee\/fi\/wp-json\/wp\/v2\/types\/product"}],"replies":[{"embeddable":true,"href":"https:\/\/gloffy.ee\/fi\/wp-json\/wp\/v2\/comments?post=15449"}],"wp:featuredmedia":[{"embeddable":true,"href":"https:\/\/gloffy.ee\/fi\/wp-json\/wp\/v2\/media\/11747"}],"wp:attachment":[{"href":"https:\/\/gloffy.ee\/fi\/wp-json\/wp\/v2\/media?parent=15449"}],"wp:term":[{"taxonomy":"product_brand","embeddable":true,"href":"https:\/\/gloffy.ee\/fi\/wp-json\/wp\/v2\/product_brand?post=15449"},{"taxonomy":"product_cat","embeddable":true,"href":"https:\/\/gloffy.ee\/fi\/wp-json\/wp\/v2\/product_cat?post=15449"},{"taxonomy":"product_tag","embeddable":true,"href":"https:\/\/gloffy.ee\/fi\/wp-json\/wp\/v2\/product_tag?post=15449"}],"curies":[{"name":"wp","href":"https:\/\/api.w.org\/{rel}","templated":true}]}}