{"id":15529,"date":"2025-06-11T10:50:30","date_gmt":"2025-06-11T10:50:30","guid":{"rendered":"https:\/\/gloffy.ee\/product\/kasineet-joissa-on-tekoturkisvuori\/"},"modified":"2025-06-11T10:50:30","modified_gmt":"2025-06-11T10:50:30","slug":"kasineet-joissa-on-tekoturkisvuori","status":"publish","type":"product","link":"https:\/\/gloffy.ee\/fi\/tuote\/kasineet-joissa-on-tekoturkisvuori\/","title":{"rendered":"K\u00e4sineet, joissa on tekoturkisvuori"},"content":{"rendered":"<p>Tekonahkak\u00e4sineet &#8211; tyylikk\u00e4\u00e4t ja k\u00e4yt\u00e4nn\u00f6lliset!<\/p>\n<p>Valmistettu korkealaatuisesta keinonahasta, joka n\u00e4ytt\u00e4\u00e4 aidolta nahalta mutta on ymp\u00e4rist\u00f6yst\u00e4v\u00e4llisempi ja helpompi hoitaa. Pehme\u00e4 vuori takaa mukavuuden ja l\u00e4mm\u00f6n. Ihanteellinen syksyyn ja talveen.  <\/p>\n<p>Valmistettu Liettuassa<\/p>\n<p><a href=\"https:\/\/gloffy.ee\/fi\/tuotteen-yllapito\/?fbclid=IwY2xjawI7qqxleHRuA2FlbQIxMAABHVxqMKSbUtvrRiQrP8cxL2rdw5XKcKdjlpT_s7CsXPIQmPw2CSl_ndH60w_aem_raL6PKwsHQRZK0ubnLzl-A\"><em><strong>Tuotteen yll\u00e4pito<\/strong><\/em><\/a><\/p>\n","protected":false},"excerpt":{"rendered":"<p>Tekonahkak\u00e4sineet &#8211; tyylikk\u00e4\u00e4t ja k\u00e4yt\u00e4nn\u00f6lliset! Valmistettu korkealaatuisesta keinonahasta, joka n\u00e4ytt\u00e4\u00e4 aidolta nahalta mutta on ymp\u00e4rist\u00f6yst\u00e4v\u00e4llisempi ja helpompi hoitaa. Pehme\u00e4 vuori takaa mukavuuden ja l\u00e4mm\u00f6n. Ihanteellinen syksyyn ja talveen. Valmistettu Liettuassa Tuotteen yll\u00e4pito<\/p>\n","protected":false},"featured_media":11876,"comment_status":"open","ping_status":"closed","template":"","meta":[],"product_brand":[],"product_cat":[700,557,720],"product_tag":[],"class_list":{"0":"post-15529","1":"product","2":"type-product","3":"status-publish","4":"has-post-thumbnail","6":"product_cat-kasineet-fi-2","7":"product_cat-miehet","8":"product_cat-nahkakasineet-fi","9":"pa_brand-allure-fi","10":"pa_suurus-10-fi","11":"pa_suurus-10-5-fi","12":"pa_suurus-11-fi","13":"pa_suurus-11-5-fi","14":"pa_suurus-12-fi","15":"pa_suurus-12-5-fi","16":"pa_suurus-13-fi","17":"pa_varv-musta","19":"first","20":"instock","21":"taxable","22":"shipping-taxable","23":"purchasable","24":"product-type-variable"},"yoast_head":"<!-- This site is optimized with the Yoast SEO plugin v25.5 - https:\/\/yoast.com\/wordpress\/plugins\/seo\/ -->\n<title>K\u00e4sineet, joissa on tekoturkisvuori - Gloffy.ee<\/title>\n<meta name=\"robots\" content=\"index, follow, max-snippet:-1, max-image-preview:large, max-video-preview:-1\" \/>\n<link rel=\"canonical\" href=\"https:\/\/gloffy.ee\/fi\/tuote\/kasineet-joissa-on-tekoturkisvuori\/\" \/>\n<meta property=\"og:locale\" content=\"fi_FI\" \/>\n<meta property=\"og:type\" content=\"article\" \/>\n<meta property=\"og:title\" content=\"K\u00e4sineet, joissa on tekoturkisvuori - Gloffy.ee\" \/>\n<meta property=\"og:description\" content=\"Tekonahkak\u00e4sineet &#8211; tyylikk\u00e4\u00e4t ja k\u00e4yt\u00e4nn\u00f6lliset! Valmistettu korkealaatuisesta keinonahasta, joka n\u00e4ytt\u00e4\u00e4 aidolta nahalta mutta on ymp\u00e4rist\u00f6yst\u00e4v\u00e4llisempi ja helpompi hoitaa. Pehme\u00e4 vuori takaa mukavuuden ja l\u00e4mm\u00f6n. Ihanteellinen syksyyn ja talveen. Valmistettu Liettuassa Tuotteen yll\u00e4pito\" \/>\n<meta property=\"og:url\" content=\"https:\/\/gloffy.ee\/fi\/tuote\/kasineet-joissa-on-tekoturkisvuori\/\" \/>\n<meta property=\"og:site_name\" content=\"Gloffy.ee\" \/>\n<meta property=\"og:image\" content=\"https:\/\/gloffy.ee\/app\/uploads\/2025\/06\/karus-mehed-resized-1.jpg\" \/>\n\t<meta property=\"og:image:width\" content=\"2000\" \/>\n\t<meta property=\"og:image:height\" content=\"2389\" \/>\n\t<meta property=\"og:image:type\" content=\"image\/jpeg\" \/>\n<meta name=\"twitter:card\" content=\"summary_large_image\" \/>\n<script type=\"application\/ld+json\" class=\"yoast-schema-graph\">{\"@context\":\"https:\/\/schema.org\",\"@graph\":[{\"@type\":[\"WebPage\",\"ItemPage\"],\"@id\":\"https:\/\/gloffy.ee\/fi\/tuote\/kasineet-joissa-on-tekoturkisvuori\/\",\"url\":\"https:\/\/gloffy.ee\/fi\/tuote\/kasineet-joissa-on-tekoturkisvuori\/\",\"name\":\"K\u00e4sineet, joissa on tekoturkisvuori - Gloffy.ee\",\"isPartOf\":{\"@id\":\"https:\/\/gloffy.ee\/#website\"},\"primaryImageOfPage\":{\"@id\":\"https:\/\/gloffy.ee\/fi\/tuote\/kasineet-joissa-on-tekoturkisvuori\/#primaryimage\"},\"image\":{\"@id\":\"https:\/\/gloffy.ee\/fi\/tuote\/kasineet-joissa-on-tekoturkisvuori\/#primaryimage\"},\"thumbnailUrl\":\"https:\/\/gloffy.ee\/app\/uploads\/2025\/06\/karus-mehed-resized-1.jpg\",\"datePublished\":\"2025-06-11T10:50:30+00:00\",\"breadcrumb\":{\"@id\":\"https:\/\/gloffy.ee\/fi\/tuote\/kasineet-joissa-on-tekoturkisvuori\/#breadcrumb\"},\"inLanguage\":\"fi\",\"potentialAction\":[{\"@type\":\"ReadAction\",\"target\":[\"https:\/\/gloffy.ee\/fi\/tuote\/kasineet-joissa-on-tekoturkisvuori\/\"]}]},{\"@type\":\"ImageObject\",\"inLanguage\":\"fi\",\"@id\":\"https:\/\/gloffy.ee\/fi\/tuote\/kasineet-joissa-on-tekoturkisvuori\/#primaryimage\",\"url\":\"https:\/\/gloffy.ee\/app\/uploads\/2025\/06\/karus-mehed-resized-1.jpg\",\"contentUrl\":\"https:\/\/gloffy.ee\/app\/uploads\/2025\/06\/karus-mehed-resized-1.jpg\",\"width\":2000,\"height\":2389},{\"@type\":\"BreadcrumbList\",\"@id\":\"https:\/\/gloffy.ee\/fi\/tuote\/kasineet-joissa-on-tekoturkisvuori\/#breadcrumb\",\"itemListElement\":[{\"@type\":\"ListItem\",\"position\":1,\"name\":\"Home\",\"item\":\"https:\/\/gloffy.ee\/fi\/\"},{\"@type\":\"ListItem\",\"position\":2,\"name\":\"Kauppa\",\"item\":\"https:\/\/gloffy.ee\/fi\/shop-2\/\"},{\"@type\":\"ListItem\",\"position\":3,\"name\":\"K\u00e4sineet, joissa on tekoturkisvuori\"}]},{\"@type\":\"WebSite\",\"@id\":\"https:\/\/gloffy.ee\/#website\",\"url\":\"https:\/\/gloffy.ee\/\",\"name\":\"Gloffy.ee\",\"description\":\"\",\"potentialAction\":[{\"@type\":\"SearchAction\",\"target\":{\"@type\":\"EntryPoint\",\"urlTemplate\":\"https:\/\/gloffy.ee\/?s={search_term_string}\"},\"query-input\":{\"@type\":\"PropertyValueSpecification\",\"valueRequired\":true,\"valueName\":\"search_term_string\"}}],\"inLanguage\":\"fi\"}]}<\/script>\n<!-- \/ Yoast SEO plugin. -->","yoast_head_json":{"title":"K\u00e4sineet, joissa on tekoturkisvuori - Gloffy.ee","robots":{"index":"index","follow":"follow","max-snippet":"max-snippet:-1","max-image-preview":"max-image-preview:large","max-video-preview":"max-video-preview:-1"},"canonical":"https:\/\/gloffy.ee\/fi\/tuote\/kasineet-joissa-on-tekoturkisvuori\/","og_locale":"fi_FI","og_type":"article","og_title":"K\u00e4sineet, joissa on tekoturkisvuori - Gloffy.ee","og_description":"Tekonahkak\u00e4sineet &#8211; tyylikk\u00e4\u00e4t ja k\u00e4yt\u00e4nn\u00f6lliset! Valmistettu korkealaatuisesta keinonahasta, joka n\u00e4ytt\u00e4\u00e4 aidolta nahalta mutta on ymp\u00e4rist\u00f6yst\u00e4v\u00e4llisempi ja helpompi hoitaa. Pehme\u00e4 vuori takaa mukavuuden ja l\u00e4mm\u00f6n. Ihanteellinen syksyyn ja talveen. Valmistettu Liettuassa Tuotteen yll\u00e4pito","og_url":"https:\/\/gloffy.ee\/fi\/tuote\/kasineet-joissa-on-tekoturkisvuori\/","og_site_name":"Gloffy.ee","og_image":[{"width":2000,"height":2389,"url":"https:\/\/gloffy.ee\/app\/uploads\/2025\/06\/karus-mehed-resized-1.jpg","type":"image\/jpeg"}],"twitter_card":"summary_large_image","schema":{"@context":"https:\/\/schema.org","@graph":[{"@type":["WebPage","ItemPage"],"@id":"https:\/\/gloffy.ee\/fi\/tuote\/kasineet-joissa-on-tekoturkisvuori\/","url":"https:\/\/gloffy.ee\/fi\/tuote\/kasineet-joissa-on-tekoturkisvuori\/","name":"K\u00e4sineet, joissa on tekoturkisvuori - Gloffy.ee","isPartOf":{"@id":"https:\/\/gloffy.ee\/#website"},"primaryImageOfPage":{"@id":"https:\/\/gloffy.ee\/fi\/tuote\/kasineet-joissa-on-tekoturkisvuori\/#primaryimage"},"image":{"@id":"https:\/\/gloffy.ee\/fi\/tuote\/kasineet-joissa-on-tekoturkisvuori\/#primaryimage"},"thumbnailUrl":"https:\/\/gloffy.ee\/app\/uploads\/2025\/06\/karus-mehed-resized-1.jpg","datePublished":"2025-06-11T10:50:30+00:00","breadcrumb":{"@id":"https:\/\/gloffy.ee\/fi\/tuote\/kasineet-joissa-on-tekoturkisvuori\/#breadcrumb"},"inLanguage":"fi","potentialAction":[{"@type":"ReadAction","target":["https:\/\/gloffy.ee\/fi\/tuote\/kasineet-joissa-on-tekoturkisvuori\/"]}]},{"@type":"ImageObject","inLanguage":"fi","@id":"https:\/\/gloffy.ee\/fi\/tuote\/kasineet-joissa-on-tekoturkisvuori\/#primaryimage","url":"https:\/\/gloffy.ee\/app\/uploads\/2025\/06\/karus-mehed-resized-1.jpg","contentUrl":"https:\/\/gloffy.ee\/app\/uploads\/2025\/06\/karus-mehed-resized-1.jpg","width":2000,"height":2389},{"@type":"BreadcrumbList","@id":"https:\/\/gloffy.ee\/fi\/tuote\/kasineet-joissa-on-tekoturkisvuori\/#breadcrumb","itemListElement":[{"@type":"ListItem","position":1,"name":"Home","item":"https:\/\/gloffy.ee\/fi\/"},{"@type":"ListItem","position":2,"name":"Kauppa","item":"https:\/\/gloffy.ee\/fi\/shop-2\/"},{"@type":"ListItem","position":3,"name":"K\u00e4sineet, joissa on tekoturkisvuori"}]},{"@type":"WebSite","@id":"https:\/\/gloffy.ee\/#website","url":"https:\/\/gloffy.ee\/","name":"Gloffy.ee","description":"","potentialAction":[{"@type":"SearchAction","target":{"@type":"EntryPoint","urlTemplate":"https:\/\/gloffy.ee\/?s={search_term_string}"},"query-input":{"@type":"PropertyValueSpecification","valueRequired":true,"valueName":"search_term_string"}}],"inLanguage":"fi"}]}},"_links":{"self":[{"href":"https:\/\/gloffy.ee\/fi\/wp-json\/wp\/v2\/product\/15529","targetHints":{"allow":["GET"]}}],"collection":[{"href":"https:\/\/gloffy.ee\/fi\/wp-json\/wp\/v2\/product"}],"about":[{"href":"https:\/\/gloffy.ee\/fi\/wp-json\/wp\/v2\/types\/product"}],"replies":[{"embeddable":true,"href":"https:\/\/gloffy.ee\/fi\/wp-json\/wp\/v2\/comments?post=15529"}],"wp:featuredmedia":[{"embeddable":true,"href":"https:\/\/gloffy.ee\/fi\/wp-json\/wp\/v2\/media\/11876"}],"wp:attachment":[{"href":"https:\/\/gloffy.ee\/fi\/wp-json\/wp\/v2\/media?parent=15529"}],"wp:term":[{"taxonomy":"product_brand","embeddable":true,"href":"https:\/\/gloffy.ee\/fi\/wp-json\/wp\/v2\/product_brand?post=15529"},{"taxonomy":"product_cat","embeddable":true,"href":"https:\/\/gloffy.ee\/fi\/wp-json\/wp\/v2\/product_cat?post=15529"},{"taxonomy":"product_tag","embeddable":true,"href":"https:\/\/gloffy.ee\/fi\/wp-json\/wp\/v2\/product_tag?post=15529"}],"curies":[{"name":"wp","href":"https:\/\/api.w.org\/{rel}","templated":true}]}}