{"id":15873,"date":"2025-06-10T13:09:39","date_gmt":"2025-06-10T13:09:39","guid":{"rendered":"https:\/\/gloffy.ee\/product\/angoravillahattu-5\/"},"modified":"2025-06-10T13:09:39","modified_gmt":"2025-06-10T13:09:39","slug":"angoravillahattu-5","status":"publish","type":"product","link":"https:\/\/gloffy.ee\/fi\/tuote\/angoravillahattu-5\/","title":{"rendered":"Angoravillahattu"},"content":{"rendered":"<p>Sopii kylmiin talviin ja niille, jotka arvostavat luonnonmateriaaleja. T\u00e4m\u00e4 pehme\u00e4 hattu ei ainoastaan pid\u00e4 sinut l\u00e4mpim\u00e4n\u00e4, vaan my\u00f6s tuo ainutlaatuisen lis\u00e4n tyyliisi. <\/p>\n<p>Materiaalit: 80% angoravillaa, 10% villaa, 10% akryyli\u00e4.<\/p>\n<p>Success P.R.C.<\/p>\n<p><a href=\"https:\/\/gloffy.ee\/fi\/tuotteen-yllapito\/?fbclid=IwY2xjawI7qqxleHRuA2FlbQIxMAABHVxqMKSbUtvrRiQrP8cxL2rdw5XKcKdjlpT_s7CsXPIQmPw2CSl_ndH60w_aem_raL6PKwsHQRZK0ubnLzl-A\"><em><strong>Tuotteen yll\u00e4pito<\/strong><\/em><\/a><\/p>\n","protected":false},"excerpt":{"rendered":"<p>Sopii kylmiin talviin ja niille, jotka arvostavat luonnonmateriaaleja. T\u00e4m\u00e4 pehme\u00e4 hattu ei ainoastaan pid\u00e4 sinut l\u00e4mpim\u00e4n\u00e4, vaan my\u00f6s tuo ainutlaatuisen lis\u00e4n tyyliisi. Materiaalit: 80% angoravillaa, 10% villaa, 10% akryyli\u00e4. Success P.R.C. Tuotteen yll\u00e4pito<\/p>\n","protected":false},"featured_media":7960,"comment_status":"open","ping_status":"closed","template":"","meta":[],"product_brand":[],"product_cat":[501,452],"product_tag":[],"class_list":{"0":"post-15873","1":"product","2":"type-product","3":"status-publish","4":"has-post-thumbnail","6":"product_cat-korkit","7":"product_cat-naiset","8":"pa_brand-tuulettimien-korkit","9":"pa_suurus-yksi-koko","10":"pa_varv-tumman-violetti","12":"first","13":"instock","14":"taxable","15":"shipping-taxable","16":"purchasable","17":"product-type-variable"},"yoast_head":"<!-- This site is optimized with the Yoast SEO plugin v25.5 - https:\/\/yoast.com\/wordpress\/plugins\/seo\/ -->\n<title>Angoravillahattu - Gloffy.ee<\/title>\n<meta name=\"robots\" content=\"index, follow, max-snippet:-1, max-image-preview:large, max-video-preview:-1\" \/>\n<link rel=\"canonical\" href=\"https:\/\/gloffy.ee\/fi\/tuote\/angoravillahattu-5\/\" \/>\n<meta property=\"og:locale\" content=\"fi_FI\" \/>\n<meta property=\"og:type\" content=\"article\" \/>\n<meta property=\"og:title\" content=\"Angoravillahattu - Gloffy.ee\" \/>\n<meta property=\"og:description\" content=\"Sopii kylmiin talviin ja niille, jotka arvostavat luonnonmateriaaleja. T\u00e4m\u00e4 pehme\u00e4 hattu ei ainoastaan pid\u00e4 sinut l\u00e4mpim\u00e4n\u00e4, vaan my\u00f6s tuo ainutlaatuisen lis\u00e4n tyyliisi. Materiaalit: 80% angoravillaa, 10% villaa, 10% akryyli\u00e4. Success P.R.C. Tuotteen yll\u00e4pito\" \/>\n<meta property=\"og:url\" content=\"https:\/\/gloffy.ee\/fi\/tuote\/angoravillahattu-5\/\" \/>\n<meta property=\"og:site_name\" content=\"Gloffy.ee\" \/>\n<meta property=\"og:image\" content=\"https:\/\/gloffy.ee\/app\/uploads\/2025\/03\/suda-angr-resized.jpg\" \/>\n\t<meta property=\"og:image:width\" content=\"2000\" \/>\n\t<meta property=\"og:image:height\" content=\"2104\" \/>\n\t<meta property=\"og:image:type\" content=\"image\/jpeg\" \/>\n<meta name=\"twitter:card\" content=\"summary_large_image\" \/>\n<script type=\"application\/ld+json\" class=\"yoast-schema-graph\">{\"@context\":\"https:\/\/schema.org\",\"@graph\":[{\"@type\":[\"WebPage\",\"ItemPage\"],\"@id\":\"https:\/\/gloffy.ee\/fi\/tuote\/angoravillahattu-5\/\",\"url\":\"https:\/\/gloffy.ee\/fi\/tuote\/angoravillahattu-5\/\",\"name\":\"Angoravillahattu - Gloffy.ee\",\"isPartOf\":{\"@id\":\"https:\/\/gloffy.ee\/#website\"},\"primaryImageOfPage\":{\"@id\":\"https:\/\/gloffy.ee\/fi\/tuote\/angoravillahattu-5\/#primaryimage\"},\"image\":{\"@id\":\"https:\/\/gloffy.ee\/fi\/tuote\/angoravillahattu-5\/#primaryimage\"},\"thumbnailUrl\":\"https:\/\/gloffy.ee\/app\/uploads\/2025\/03\/suda-angr-resized.jpg\",\"datePublished\":\"2025-06-10T13:09:39+00:00\",\"breadcrumb\":{\"@id\":\"https:\/\/gloffy.ee\/fi\/tuote\/angoravillahattu-5\/#breadcrumb\"},\"inLanguage\":\"fi\",\"potentialAction\":[{\"@type\":\"ReadAction\",\"target\":[\"https:\/\/gloffy.ee\/fi\/tuote\/angoravillahattu-5\/\"]}]},{\"@type\":\"ImageObject\",\"inLanguage\":\"fi\",\"@id\":\"https:\/\/gloffy.ee\/fi\/tuote\/angoravillahattu-5\/#primaryimage\",\"url\":\"https:\/\/gloffy.ee\/app\/uploads\/2025\/03\/suda-angr-resized.jpg\",\"contentUrl\":\"https:\/\/gloffy.ee\/app\/uploads\/2025\/03\/suda-angr-resized.jpg\",\"width\":2000,\"height\":2104},{\"@type\":\"BreadcrumbList\",\"@id\":\"https:\/\/gloffy.ee\/fi\/tuote\/angoravillahattu-5\/#breadcrumb\",\"itemListElement\":[{\"@type\":\"ListItem\",\"position\":1,\"name\":\"Home\",\"item\":\"https:\/\/gloffy.ee\/fi\/\"},{\"@type\":\"ListItem\",\"position\":2,\"name\":\"Kauppa\",\"item\":\"https:\/\/gloffy.ee\/fi\/shop-2\/\"},{\"@type\":\"ListItem\",\"position\":3,\"name\":\"Angoravillahattu\"}]},{\"@type\":\"WebSite\",\"@id\":\"https:\/\/gloffy.ee\/#website\",\"url\":\"https:\/\/gloffy.ee\/\",\"name\":\"Gloffy.ee\",\"description\":\"\",\"potentialAction\":[{\"@type\":\"SearchAction\",\"target\":{\"@type\":\"EntryPoint\",\"urlTemplate\":\"https:\/\/gloffy.ee\/?s={search_term_string}\"},\"query-input\":{\"@type\":\"PropertyValueSpecification\",\"valueRequired\":true,\"valueName\":\"search_term_string\"}}],\"inLanguage\":\"fi\"}]}<\/script>\n<!-- \/ Yoast SEO plugin. -->","yoast_head_json":{"title":"Angoravillahattu - Gloffy.ee","robots":{"index":"index","follow":"follow","max-snippet":"max-snippet:-1","max-image-preview":"max-image-preview:large","max-video-preview":"max-video-preview:-1"},"canonical":"https:\/\/gloffy.ee\/fi\/tuote\/angoravillahattu-5\/","og_locale":"fi_FI","og_type":"article","og_title":"Angoravillahattu - Gloffy.ee","og_description":"Sopii kylmiin talviin ja niille, jotka arvostavat luonnonmateriaaleja. T\u00e4m\u00e4 pehme\u00e4 hattu ei ainoastaan pid\u00e4 sinut l\u00e4mpim\u00e4n\u00e4, vaan my\u00f6s tuo ainutlaatuisen lis\u00e4n tyyliisi. Materiaalit: 80% angoravillaa, 10% villaa, 10% akryyli\u00e4. Success P.R.C. Tuotteen yll\u00e4pito","og_url":"https:\/\/gloffy.ee\/fi\/tuote\/angoravillahattu-5\/","og_site_name":"Gloffy.ee","og_image":[{"width":2000,"height":2104,"url":"https:\/\/gloffy.ee\/app\/uploads\/2025\/03\/suda-angr-resized.jpg","type":"image\/jpeg"}],"twitter_card":"summary_large_image","schema":{"@context":"https:\/\/schema.org","@graph":[{"@type":["WebPage","ItemPage"],"@id":"https:\/\/gloffy.ee\/fi\/tuote\/angoravillahattu-5\/","url":"https:\/\/gloffy.ee\/fi\/tuote\/angoravillahattu-5\/","name":"Angoravillahattu - Gloffy.ee","isPartOf":{"@id":"https:\/\/gloffy.ee\/#website"},"primaryImageOfPage":{"@id":"https:\/\/gloffy.ee\/fi\/tuote\/angoravillahattu-5\/#primaryimage"},"image":{"@id":"https:\/\/gloffy.ee\/fi\/tuote\/angoravillahattu-5\/#primaryimage"},"thumbnailUrl":"https:\/\/gloffy.ee\/app\/uploads\/2025\/03\/suda-angr-resized.jpg","datePublished":"2025-06-10T13:09:39+00:00","breadcrumb":{"@id":"https:\/\/gloffy.ee\/fi\/tuote\/angoravillahattu-5\/#breadcrumb"},"inLanguage":"fi","potentialAction":[{"@type":"ReadAction","target":["https:\/\/gloffy.ee\/fi\/tuote\/angoravillahattu-5\/"]}]},{"@type":"ImageObject","inLanguage":"fi","@id":"https:\/\/gloffy.ee\/fi\/tuote\/angoravillahattu-5\/#primaryimage","url":"https:\/\/gloffy.ee\/app\/uploads\/2025\/03\/suda-angr-resized.jpg","contentUrl":"https:\/\/gloffy.ee\/app\/uploads\/2025\/03\/suda-angr-resized.jpg","width":2000,"height":2104},{"@type":"BreadcrumbList","@id":"https:\/\/gloffy.ee\/fi\/tuote\/angoravillahattu-5\/#breadcrumb","itemListElement":[{"@type":"ListItem","position":1,"name":"Home","item":"https:\/\/gloffy.ee\/fi\/"},{"@type":"ListItem","position":2,"name":"Kauppa","item":"https:\/\/gloffy.ee\/fi\/shop-2\/"},{"@type":"ListItem","position":3,"name":"Angoravillahattu"}]},{"@type":"WebSite","@id":"https:\/\/gloffy.ee\/#website","url":"https:\/\/gloffy.ee\/","name":"Gloffy.ee","description":"","potentialAction":[{"@type":"SearchAction","target":{"@type":"EntryPoint","urlTemplate":"https:\/\/gloffy.ee\/?s={search_term_string}"},"query-input":{"@type":"PropertyValueSpecification","valueRequired":true,"valueName":"search_term_string"}}],"inLanguage":"fi"}]}},"_links":{"self":[{"href":"https:\/\/gloffy.ee\/fi\/wp-json\/wp\/v2\/product\/15873","targetHints":{"allow":["GET"]}}],"collection":[{"href":"https:\/\/gloffy.ee\/fi\/wp-json\/wp\/v2\/product"}],"about":[{"href":"https:\/\/gloffy.ee\/fi\/wp-json\/wp\/v2\/types\/product"}],"replies":[{"embeddable":true,"href":"https:\/\/gloffy.ee\/fi\/wp-json\/wp\/v2\/comments?post=15873"}],"wp:featuredmedia":[{"embeddable":true,"href":"https:\/\/gloffy.ee\/fi\/wp-json\/wp\/v2\/media\/7960"}],"wp:attachment":[{"href":"https:\/\/gloffy.ee\/fi\/wp-json\/wp\/v2\/media?parent=15873"}],"wp:term":[{"taxonomy":"product_brand","embeddable":true,"href":"https:\/\/gloffy.ee\/fi\/wp-json\/wp\/v2\/product_brand?post=15873"},{"taxonomy":"product_cat","embeddable":true,"href":"https:\/\/gloffy.ee\/fi\/wp-json\/wp\/v2\/product_cat?post=15873"},{"taxonomy":"product_tag","embeddable":true,"href":"https:\/\/gloffy.ee\/fi\/wp-json\/wp\/v2\/product_tag?post=15873"}],"curies":[{"name":"wp","href":"https:\/\/api.w.org\/{rel}","templated":true}]}}