{"id":16012,"date":"2025-06-11T07:30:38","date_gmt":"2025-06-11T07:30:38","guid":{"rendered":"https:\/\/gloffy.ee\/product\/lampaanvilla-vuoratut-kasineet-4\/"},"modified":"2025-06-11T07:30:38","modified_gmt":"2025-06-11T07:30:38","slug":"lampaanvilla-vuoratut-kasineet-4","status":"publish","type":"product","link":"https:\/\/gloffy.ee\/fi\/tuote\/lampaanvilla-vuoratut-kasineet-4\/","title":{"rendered":"Lampaanvilla vuoratut k\u00e4sineet"},"content":{"rendered":"<p>Lammasnahalle on ominaista sen pehmeys, kest\u00e4vyys ja vaikuttava ulkon\u00e4k\u00f6.<\/p>\n<p>Made in Liettua<\/p>\n<p><a href=\"https:\/\/gloffy.ee\/fi\/tuotteen-yllapito\/?fbclid=IwY2xjawI7qqxleHRuA2FlbQIxMAABHVxqMKSbUtvrRiQrP8cxL2rdw5XKcKdjlpT_s7CsXPIQmPw2CSl_ndH60w_aem_raL6PKwsHQRZK0ubnLzl-A\"><em><strong>Tuotteen hoito<\/strong><\/em><\/a><\/p>\n","protected":false},"excerpt":{"rendered":"<p>Lammasnahalle on ominaista sen pehmeys, kest\u00e4vyys ja vaikuttava ulkon\u00e4k\u00f6. Made in Liettua Tuotteen hoito<\/p>\n","protected":false},"featured_media":7999,"comment_status":"open","ping_status":"closed","template":"","meta":[],"product_brand":[],"product_cat":[530,553,452],"product_tag":[],"class_list":{"0":"post-16012","1":"product","2":"type-product","3":"status-publish","4":"has-post-thumbnail","6":"product_cat-kasineet","7":"product_cat-nahkakasineet","8":"product_cat-naiset","9":"pa_brand-allure-fi","10":"pa_suurus-6-5-fi","11":"pa_suurus-7-fi","12":"pa_suurus-7-5-fi","13":"pa_suurus-8-fi","14":"pa_suurus-8-5-fi","15":"pa_varv-musta","17":"first","18":"instock","19":"taxable","20":"shipping-taxable","21":"purchasable","22":"product-type-variable"},"yoast_head":"<!-- This site is optimized with the Yoast SEO plugin v25.5 - https:\/\/yoast.com\/wordpress\/plugins\/seo\/ -->\n<title>Lampaanvilla vuoratut k\u00e4sineet - Gloffy.ee<\/title>\n<meta name=\"robots\" content=\"index, follow, max-snippet:-1, max-image-preview:large, max-video-preview:-1\" \/>\n<link rel=\"canonical\" href=\"https:\/\/gloffy.ee\/fi\/tuote\/lampaanvilla-vuoratut-kasineet-4\/\" \/>\n<meta property=\"og:locale\" content=\"fi_FI\" \/>\n<meta property=\"og:type\" content=\"article\" \/>\n<meta property=\"og:title\" content=\"Lampaanvilla vuoratut k\u00e4sineet - Gloffy.ee\" \/>\n<meta property=\"og:description\" content=\"Lammasnahalle on ominaista sen pehmeys, kest\u00e4vyys ja vaikuttava ulkon\u00e4k\u00f6. Made in Liettua Tuotteen hoito\" \/>\n<meta property=\"og:url\" content=\"https:\/\/gloffy.ee\/fi\/tuote\/lampaanvilla-vuoratut-kasineet-4\/\" \/>\n<meta property=\"og:site_name\" content=\"Gloffy.ee\" \/>\n<meta property=\"og:image\" content=\"https:\/\/gloffy.ee\/app\/uploads\/2025\/03\/ilma-v-leht-resized.jpg\" \/>\n\t<meta property=\"og:image:width\" content=\"2000\" \/>\n\t<meta property=\"og:image:height\" content=\"2352\" \/>\n\t<meta property=\"og:image:type\" content=\"image\/jpeg\" \/>\n<meta name=\"twitter:card\" content=\"summary_large_image\" \/>\n<script type=\"application\/ld+json\" class=\"yoast-schema-graph\">{\"@context\":\"https:\/\/schema.org\",\"@graph\":[{\"@type\":[\"WebPage\",\"ItemPage\"],\"@id\":\"https:\/\/gloffy.ee\/fi\/tuote\/lampaanvilla-vuoratut-kasineet-4\/\",\"url\":\"https:\/\/gloffy.ee\/fi\/tuote\/lampaanvilla-vuoratut-kasineet-4\/\",\"name\":\"Lampaanvilla vuoratut k\u00e4sineet - Gloffy.ee\",\"isPartOf\":{\"@id\":\"https:\/\/gloffy.ee\/#website\"},\"primaryImageOfPage\":{\"@id\":\"https:\/\/gloffy.ee\/fi\/tuote\/lampaanvilla-vuoratut-kasineet-4\/#primaryimage\"},\"image\":{\"@id\":\"https:\/\/gloffy.ee\/fi\/tuote\/lampaanvilla-vuoratut-kasineet-4\/#primaryimage\"},\"thumbnailUrl\":\"https:\/\/gloffy.ee\/app\/uploads\/2025\/03\/ilma-v-leht-resized.jpg\",\"datePublished\":\"2025-06-11T07:30:38+00:00\",\"breadcrumb\":{\"@id\":\"https:\/\/gloffy.ee\/fi\/tuote\/lampaanvilla-vuoratut-kasineet-4\/#breadcrumb\"},\"inLanguage\":\"fi\",\"potentialAction\":[{\"@type\":\"ReadAction\",\"target\":[\"https:\/\/gloffy.ee\/fi\/tuote\/lampaanvilla-vuoratut-kasineet-4\/\"]}]},{\"@type\":\"ImageObject\",\"inLanguage\":\"fi\",\"@id\":\"https:\/\/gloffy.ee\/fi\/tuote\/lampaanvilla-vuoratut-kasineet-4\/#primaryimage\",\"url\":\"https:\/\/gloffy.ee\/app\/uploads\/2025\/03\/ilma-v-leht-resized.jpg\",\"contentUrl\":\"https:\/\/gloffy.ee\/app\/uploads\/2025\/03\/ilma-v-leht-resized.jpg\",\"width\":2000,\"height\":2352},{\"@type\":\"BreadcrumbList\",\"@id\":\"https:\/\/gloffy.ee\/fi\/tuote\/lampaanvilla-vuoratut-kasineet-4\/#breadcrumb\",\"itemListElement\":[{\"@type\":\"ListItem\",\"position\":1,\"name\":\"Home\",\"item\":\"https:\/\/gloffy.ee\/fi\/\"},{\"@type\":\"ListItem\",\"position\":2,\"name\":\"Kauppa\",\"item\":\"https:\/\/gloffy.ee\/fi\/shop-2\/\"},{\"@type\":\"ListItem\",\"position\":3,\"name\":\"Lampaanvilla vuoratut k\u00e4sineet\"}]},{\"@type\":\"WebSite\",\"@id\":\"https:\/\/gloffy.ee\/#website\",\"url\":\"https:\/\/gloffy.ee\/\",\"name\":\"Gloffy.ee\",\"description\":\"\",\"potentialAction\":[{\"@type\":\"SearchAction\",\"target\":{\"@type\":\"EntryPoint\",\"urlTemplate\":\"https:\/\/gloffy.ee\/?s={search_term_string}\"},\"query-input\":{\"@type\":\"PropertyValueSpecification\",\"valueRequired\":true,\"valueName\":\"search_term_string\"}}],\"inLanguage\":\"fi\"}]}<\/script>\n<!-- \/ Yoast SEO plugin. -->","yoast_head_json":{"title":"Lampaanvilla vuoratut k\u00e4sineet - Gloffy.ee","robots":{"index":"index","follow":"follow","max-snippet":"max-snippet:-1","max-image-preview":"max-image-preview:large","max-video-preview":"max-video-preview:-1"},"canonical":"https:\/\/gloffy.ee\/fi\/tuote\/lampaanvilla-vuoratut-kasineet-4\/","og_locale":"fi_FI","og_type":"article","og_title":"Lampaanvilla vuoratut k\u00e4sineet - Gloffy.ee","og_description":"Lammasnahalle on ominaista sen pehmeys, kest\u00e4vyys ja vaikuttava ulkon\u00e4k\u00f6. Made in Liettua Tuotteen hoito","og_url":"https:\/\/gloffy.ee\/fi\/tuote\/lampaanvilla-vuoratut-kasineet-4\/","og_site_name":"Gloffy.ee","og_image":[{"width":2000,"height":2352,"url":"https:\/\/gloffy.ee\/app\/uploads\/2025\/03\/ilma-v-leht-resized.jpg","type":"image\/jpeg"}],"twitter_card":"summary_large_image","schema":{"@context":"https:\/\/schema.org","@graph":[{"@type":["WebPage","ItemPage"],"@id":"https:\/\/gloffy.ee\/fi\/tuote\/lampaanvilla-vuoratut-kasineet-4\/","url":"https:\/\/gloffy.ee\/fi\/tuote\/lampaanvilla-vuoratut-kasineet-4\/","name":"Lampaanvilla vuoratut k\u00e4sineet - Gloffy.ee","isPartOf":{"@id":"https:\/\/gloffy.ee\/#website"},"primaryImageOfPage":{"@id":"https:\/\/gloffy.ee\/fi\/tuote\/lampaanvilla-vuoratut-kasineet-4\/#primaryimage"},"image":{"@id":"https:\/\/gloffy.ee\/fi\/tuote\/lampaanvilla-vuoratut-kasineet-4\/#primaryimage"},"thumbnailUrl":"https:\/\/gloffy.ee\/app\/uploads\/2025\/03\/ilma-v-leht-resized.jpg","datePublished":"2025-06-11T07:30:38+00:00","breadcrumb":{"@id":"https:\/\/gloffy.ee\/fi\/tuote\/lampaanvilla-vuoratut-kasineet-4\/#breadcrumb"},"inLanguage":"fi","potentialAction":[{"@type":"ReadAction","target":["https:\/\/gloffy.ee\/fi\/tuote\/lampaanvilla-vuoratut-kasineet-4\/"]}]},{"@type":"ImageObject","inLanguage":"fi","@id":"https:\/\/gloffy.ee\/fi\/tuote\/lampaanvilla-vuoratut-kasineet-4\/#primaryimage","url":"https:\/\/gloffy.ee\/app\/uploads\/2025\/03\/ilma-v-leht-resized.jpg","contentUrl":"https:\/\/gloffy.ee\/app\/uploads\/2025\/03\/ilma-v-leht-resized.jpg","width":2000,"height":2352},{"@type":"BreadcrumbList","@id":"https:\/\/gloffy.ee\/fi\/tuote\/lampaanvilla-vuoratut-kasineet-4\/#breadcrumb","itemListElement":[{"@type":"ListItem","position":1,"name":"Home","item":"https:\/\/gloffy.ee\/fi\/"},{"@type":"ListItem","position":2,"name":"Kauppa","item":"https:\/\/gloffy.ee\/fi\/shop-2\/"},{"@type":"ListItem","position":3,"name":"Lampaanvilla vuoratut k\u00e4sineet"}]},{"@type":"WebSite","@id":"https:\/\/gloffy.ee\/#website","url":"https:\/\/gloffy.ee\/","name":"Gloffy.ee","description":"","potentialAction":[{"@type":"SearchAction","target":{"@type":"EntryPoint","urlTemplate":"https:\/\/gloffy.ee\/?s={search_term_string}"},"query-input":{"@type":"PropertyValueSpecification","valueRequired":true,"valueName":"search_term_string"}}],"inLanguage":"fi"}]}},"_links":{"self":[{"href":"https:\/\/gloffy.ee\/fi\/wp-json\/wp\/v2\/product\/16012","targetHints":{"allow":["GET"]}}],"collection":[{"href":"https:\/\/gloffy.ee\/fi\/wp-json\/wp\/v2\/product"}],"about":[{"href":"https:\/\/gloffy.ee\/fi\/wp-json\/wp\/v2\/types\/product"}],"replies":[{"embeddable":true,"href":"https:\/\/gloffy.ee\/fi\/wp-json\/wp\/v2\/comments?post=16012"}],"wp:featuredmedia":[{"embeddable":true,"href":"https:\/\/gloffy.ee\/fi\/wp-json\/wp\/v2\/media\/7999"}],"wp:attachment":[{"href":"https:\/\/gloffy.ee\/fi\/wp-json\/wp\/v2\/media?parent=16012"}],"wp:term":[{"taxonomy":"product_brand","embeddable":true,"href":"https:\/\/gloffy.ee\/fi\/wp-json\/wp\/v2\/product_brand?post=16012"},{"taxonomy":"product_cat","embeddable":true,"href":"https:\/\/gloffy.ee\/fi\/wp-json\/wp\/v2\/product_cat?post=16012"},{"taxonomy":"product_tag","embeddable":true,"href":"https:\/\/gloffy.ee\/fi\/wp-json\/wp\/v2\/product_tag?post=16012"}],"curies":[{"name":"wp","href":"https:\/\/api.w.org\/{rel}","templated":true}]}}