{"id":16222,"date":"2025-06-11T09:44:30","date_gmt":"2025-06-11T09:44:30","guid":{"rendered":"https:\/\/gloffy.ee\/product\/hirvinahkaiset-kasineet-4\/"},"modified":"2025-06-11T09:44:30","modified_gmt":"2025-06-11T09:44:30","slug":"hirvinahkaiset-kasineet-4","status":"publish","type":"product","link":"https:\/\/gloffy.ee\/fi\/tuote\/hirvinahkaiset-kasineet-4\/","title":{"rendered":"Hirvinahkaiset k\u00e4sineet"},"content":{"rendered":"<p>Hirvennahkak\u00e4sineet, joissa on villavuori. Hirvennahkaa arvostetaan sen lujuuden, joustavuuden, pehme\u00e4n rakenteen ja korkeiden l\u00e4mp\u00f6suojaominaisuuksien vuoksi. <\/p>\n<p>Valmistettu Liettuassa<\/p>\n<p><a href=\"https:\/\/gloffy.ee\/fi\/tuotteen-yllapito\/?fbclid=IwY2xjawI7qqxleHRuA2FlbQIxMAABHVxqMKSbUtvrRiQrP8cxL2rdw5XKcKdjlpT_s7CsXPIQmPw2CSl_ndH60w_aem_raL6PKwsHQRZK0ubnLzl-A\"><em><strong>Tuotteen yll\u00e4pito<\/strong><\/em><\/a><\/p>\n","protected":false},"excerpt":{"rendered":"<p>Hirvennahkak\u00e4sineet, joissa on villavuori. Hirvennahkaa arvostetaan sen lujuuden, joustavuuden, pehme\u00e4n rakenteen ja korkeiden l\u00e4mp\u00f6suojaominaisuuksien vuoksi. Valmistettu Liettuassa Tuotteen yll\u00e4pito<\/p>\n","protected":false},"featured_media":12905,"comment_status":"open","ping_status":"closed","template":"","meta":[],"product_brand":[],"product_cat":[700,557,720],"product_tag":[],"class_list":{"0":"post-16222","1":"product","2":"type-product","3":"status-publish","4":"has-post-thumbnail","6":"product_cat-kasineet-fi-2","7":"product_cat-miehet","8":"product_cat-nahkakasineet-fi","9":"pa_brand-muoti-milano-italia","10":"pa_suurus-10-fi","11":"pa_suurus-10-5-fi","12":"pa_suurus-11-fi","13":"pa_suurus-11-5-fi","14":"pa_suurus-12-fi","15":"pa_suurus-12-5-fi","16":"pa_suurus-13-fi","17":"pa_varv-ruskea","19":"first","20":"instock","21":"taxable","22":"shipping-taxable","23":"purchasable","24":"product-type-variable"},"yoast_head":"<!-- This site is optimized with the Yoast SEO plugin v25.5 - https:\/\/yoast.com\/wordpress\/plugins\/seo\/ -->\n<title>Hirvinahkaiset k\u00e4sineet - Gloffy.ee<\/title>\n<meta name=\"robots\" content=\"index, follow, max-snippet:-1, max-image-preview:large, max-video-preview:-1\" \/>\n<link rel=\"canonical\" href=\"https:\/\/gloffy.ee\/fi\/tuote\/hirvinahkaiset-kasineet-4\/\" \/>\n<meta property=\"og:locale\" content=\"fi_FI\" \/>\n<meta property=\"og:type\" content=\"article\" \/>\n<meta property=\"og:title\" content=\"Hirvinahkaiset k\u00e4sineet - Gloffy.ee\" \/>\n<meta property=\"og:description\" content=\"Hirvennahkak\u00e4sineet, joissa on villavuori. Hirvennahkaa arvostetaan sen lujuuden, joustavuuden, pehme\u00e4n rakenteen ja korkeiden l\u00e4mp\u00f6suojaominaisuuksien vuoksi. Valmistettu Liettuassa Tuotteen yll\u00e4pito\" \/>\n<meta property=\"og:url\" content=\"https:\/\/gloffy.ee\/fi\/tuote\/hirvinahkaiset-kasineet-4\/\" \/>\n<meta property=\"og:site_name\" content=\"Gloffy.ee\" \/>\n<meta property=\"og:image\" content=\"https:\/\/gloffy.ee\/app\/uploads\/2025\/06\/pr-mustriga-resized-1.jpg\" \/>\n\t<meta property=\"og:image:width\" content=\"2000\" \/>\n\t<meta property=\"og:image:height\" content=\"2436\" \/>\n\t<meta property=\"og:image:type\" content=\"image\/jpeg\" \/>\n<meta name=\"twitter:card\" content=\"summary_large_image\" \/>\n<script type=\"application\/ld+json\" class=\"yoast-schema-graph\">{\"@context\":\"https:\/\/schema.org\",\"@graph\":[{\"@type\":[\"WebPage\",\"ItemPage\"],\"@id\":\"https:\/\/gloffy.ee\/fi\/tuote\/hirvinahkaiset-kasineet-4\/\",\"url\":\"https:\/\/gloffy.ee\/fi\/tuote\/hirvinahkaiset-kasineet-4\/\",\"name\":\"Hirvinahkaiset k\u00e4sineet - Gloffy.ee\",\"isPartOf\":{\"@id\":\"https:\/\/gloffy.ee\/#website\"},\"primaryImageOfPage\":{\"@id\":\"https:\/\/gloffy.ee\/fi\/tuote\/hirvinahkaiset-kasineet-4\/#primaryimage\"},\"image\":{\"@id\":\"https:\/\/gloffy.ee\/fi\/tuote\/hirvinahkaiset-kasineet-4\/#primaryimage\"},\"thumbnailUrl\":\"https:\/\/gloffy.ee\/app\/uploads\/2025\/06\/pr-mustriga-resized-1.jpg\",\"datePublished\":\"2025-06-11T09:44:30+00:00\",\"breadcrumb\":{\"@id\":\"https:\/\/gloffy.ee\/fi\/tuote\/hirvinahkaiset-kasineet-4\/#breadcrumb\"},\"inLanguage\":\"fi\",\"potentialAction\":[{\"@type\":\"ReadAction\",\"target\":[\"https:\/\/gloffy.ee\/fi\/tuote\/hirvinahkaiset-kasineet-4\/\"]}]},{\"@type\":\"ImageObject\",\"inLanguage\":\"fi\",\"@id\":\"https:\/\/gloffy.ee\/fi\/tuote\/hirvinahkaiset-kasineet-4\/#primaryimage\",\"url\":\"https:\/\/gloffy.ee\/app\/uploads\/2025\/06\/pr-mustriga-resized-1.jpg\",\"contentUrl\":\"https:\/\/gloffy.ee\/app\/uploads\/2025\/06\/pr-mustriga-resized-1.jpg\",\"width\":2000,\"height\":2436},{\"@type\":\"BreadcrumbList\",\"@id\":\"https:\/\/gloffy.ee\/fi\/tuote\/hirvinahkaiset-kasineet-4\/#breadcrumb\",\"itemListElement\":[{\"@type\":\"ListItem\",\"position\":1,\"name\":\"Home\",\"item\":\"https:\/\/gloffy.ee\/fi\/\"},{\"@type\":\"ListItem\",\"position\":2,\"name\":\"Kauppa\",\"item\":\"https:\/\/gloffy.ee\/fi\/shop-2\/\"},{\"@type\":\"ListItem\",\"position\":3,\"name\":\"Hirvinahkaiset k\u00e4sineet\"}]},{\"@type\":\"WebSite\",\"@id\":\"https:\/\/gloffy.ee\/#website\",\"url\":\"https:\/\/gloffy.ee\/\",\"name\":\"Gloffy.ee\",\"description\":\"\",\"potentialAction\":[{\"@type\":\"SearchAction\",\"target\":{\"@type\":\"EntryPoint\",\"urlTemplate\":\"https:\/\/gloffy.ee\/?s={search_term_string}\"},\"query-input\":{\"@type\":\"PropertyValueSpecification\",\"valueRequired\":true,\"valueName\":\"search_term_string\"}}],\"inLanguage\":\"fi\"}]}<\/script>\n<!-- \/ Yoast SEO plugin. -->","yoast_head_json":{"title":"Hirvinahkaiset k\u00e4sineet - Gloffy.ee","robots":{"index":"index","follow":"follow","max-snippet":"max-snippet:-1","max-image-preview":"max-image-preview:large","max-video-preview":"max-video-preview:-1"},"canonical":"https:\/\/gloffy.ee\/fi\/tuote\/hirvinahkaiset-kasineet-4\/","og_locale":"fi_FI","og_type":"article","og_title":"Hirvinahkaiset k\u00e4sineet - Gloffy.ee","og_description":"Hirvennahkak\u00e4sineet, joissa on villavuori. Hirvennahkaa arvostetaan sen lujuuden, joustavuuden, pehme\u00e4n rakenteen ja korkeiden l\u00e4mp\u00f6suojaominaisuuksien vuoksi. Valmistettu Liettuassa Tuotteen yll\u00e4pito","og_url":"https:\/\/gloffy.ee\/fi\/tuote\/hirvinahkaiset-kasineet-4\/","og_site_name":"Gloffy.ee","og_image":[{"width":2000,"height":2436,"url":"https:\/\/gloffy.ee\/app\/uploads\/2025\/06\/pr-mustriga-resized-1.jpg","type":"image\/jpeg"}],"twitter_card":"summary_large_image","schema":{"@context":"https:\/\/schema.org","@graph":[{"@type":["WebPage","ItemPage"],"@id":"https:\/\/gloffy.ee\/fi\/tuote\/hirvinahkaiset-kasineet-4\/","url":"https:\/\/gloffy.ee\/fi\/tuote\/hirvinahkaiset-kasineet-4\/","name":"Hirvinahkaiset k\u00e4sineet - Gloffy.ee","isPartOf":{"@id":"https:\/\/gloffy.ee\/#website"},"primaryImageOfPage":{"@id":"https:\/\/gloffy.ee\/fi\/tuote\/hirvinahkaiset-kasineet-4\/#primaryimage"},"image":{"@id":"https:\/\/gloffy.ee\/fi\/tuote\/hirvinahkaiset-kasineet-4\/#primaryimage"},"thumbnailUrl":"https:\/\/gloffy.ee\/app\/uploads\/2025\/06\/pr-mustriga-resized-1.jpg","datePublished":"2025-06-11T09:44:30+00:00","breadcrumb":{"@id":"https:\/\/gloffy.ee\/fi\/tuote\/hirvinahkaiset-kasineet-4\/#breadcrumb"},"inLanguage":"fi","potentialAction":[{"@type":"ReadAction","target":["https:\/\/gloffy.ee\/fi\/tuote\/hirvinahkaiset-kasineet-4\/"]}]},{"@type":"ImageObject","inLanguage":"fi","@id":"https:\/\/gloffy.ee\/fi\/tuote\/hirvinahkaiset-kasineet-4\/#primaryimage","url":"https:\/\/gloffy.ee\/app\/uploads\/2025\/06\/pr-mustriga-resized-1.jpg","contentUrl":"https:\/\/gloffy.ee\/app\/uploads\/2025\/06\/pr-mustriga-resized-1.jpg","width":2000,"height":2436},{"@type":"BreadcrumbList","@id":"https:\/\/gloffy.ee\/fi\/tuote\/hirvinahkaiset-kasineet-4\/#breadcrumb","itemListElement":[{"@type":"ListItem","position":1,"name":"Home","item":"https:\/\/gloffy.ee\/fi\/"},{"@type":"ListItem","position":2,"name":"Kauppa","item":"https:\/\/gloffy.ee\/fi\/shop-2\/"},{"@type":"ListItem","position":3,"name":"Hirvinahkaiset k\u00e4sineet"}]},{"@type":"WebSite","@id":"https:\/\/gloffy.ee\/#website","url":"https:\/\/gloffy.ee\/","name":"Gloffy.ee","description":"","potentialAction":[{"@type":"SearchAction","target":{"@type":"EntryPoint","urlTemplate":"https:\/\/gloffy.ee\/?s={search_term_string}"},"query-input":{"@type":"PropertyValueSpecification","valueRequired":true,"valueName":"search_term_string"}}],"inLanguage":"fi"}]}},"_links":{"self":[{"href":"https:\/\/gloffy.ee\/fi\/wp-json\/wp\/v2\/product\/16222","targetHints":{"allow":["GET"]}}],"collection":[{"href":"https:\/\/gloffy.ee\/fi\/wp-json\/wp\/v2\/product"}],"about":[{"href":"https:\/\/gloffy.ee\/fi\/wp-json\/wp\/v2\/types\/product"}],"replies":[{"embeddable":true,"href":"https:\/\/gloffy.ee\/fi\/wp-json\/wp\/v2\/comments?post=16222"}],"wp:featuredmedia":[{"embeddable":true,"href":"https:\/\/gloffy.ee\/fi\/wp-json\/wp\/v2\/media\/12905"}],"wp:attachment":[{"href":"https:\/\/gloffy.ee\/fi\/wp-json\/wp\/v2\/media?parent=16222"}],"wp:term":[{"taxonomy":"product_brand","embeddable":true,"href":"https:\/\/gloffy.ee\/fi\/wp-json\/wp\/v2\/product_brand?post=16222"},{"taxonomy":"product_cat","embeddable":true,"href":"https:\/\/gloffy.ee\/fi\/wp-json\/wp\/v2\/product_cat?post=16222"},{"taxonomy":"product_tag","embeddable":true,"href":"https:\/\/gloffy.ee\/fi\/wp-json\/wp\/v2\/product_tag?post=16222"}],"curies":[{"name":"wp","href":"https:\/\/api.w.org\/{rel}","templated":true}]}}